{"id":9476,"date":"2022-06-10T23:32:31","date_gmt":"2022-06-10T21:32:31","guid":{"rendered":"https:\/\/kalmarslott.se\/?page_id=9476"},"modified":"2025-07-03T15:14:50","modified_gmt":"2025-07-03T13:14:50","slug":"find-her-hen","status":"publish","type":"page","link":"https:\/\/kalmarslott.se\/da\/besoeg\/find-her-hen\/","title":{"rendered":"Find her hen"},"content":{"rendered":"<h2>Vejbeskrivelse<\/h2>\n<p>Kalmar Slot ligger p\u00e5 Kungsgatan 1.<br \/>\nFind os via <a href=\"https:\/\/www.google.com\/maps\/dir\/?api=1&amp;destination=Kalmar+Slott%2C+Kungsgatan+1%2C+Kalmar%2C+Sverige\" target=\"_blank\" rel=\"noopener\">Google Maps<\/a>.<\/p>\n<h2>Rejs kollektivt<\/h2>\n<p>Det er let at tage toget til Kalmar. Fra K\u00f8benhavn tager det 3 timer og 45 minutter uden skift med \u00d8resundstoget.<\/p>\n<p>N\u00e5r du kommer til togstationen i kalmar ser du Kalmar Slot. Det er en lille g\u00e5tur p\u00e5 ca 750 meter gennem den smukke bypark.<\/p>\n<h2>Parkering<\/h2>\n<p>Leder du efter parkering t\u00e6t p\u00e5 slottet?<br \/>\nP\u00e5 kortet har vi markeret de n\u00e6rmeste parkeringer. Leder du efter parkering p\u00e5 Kvarnholmen kan du klikke videre til Kalmar kommunes <a href=\"https:\/\/kalmar.se\/trafik-och-resor\/parking\/parking-for-visitors-and-commuters.html\" target=\"_blank\" rel=\"noopener\">parkeringsinformation<\/a>.<\/p>\n<p>&nbsp;<\/p>\n<p><img loading=\"lazy\" decoding=\"async\" class=\"alignnone wp-image-11776 \" src=\"https:\/\/kalmarslott.se\/wp-content\/uploads\/2025\/07\/parkeringskarta-1-1024x683.jpg\" alt=\"\" width=\"726\" height=\"484\" srcset=\"https:\/\/kalmarslott.se\/wp-content\/uploads\/2025\/07\/parkeringskarta-1-1024x683.jpg 1024w, https:\/\/kalmarslott.se\/wp-content\/uploads\/2025\/07\/parkeringskarta-1-300x200.jpg 300w, https:\/\/kalmarslott.se\/wp-content\/uploads\/2025\/07\/parkeringskarta-1-768x512.jpg 768w, https:\/\/kalmarslott.se\/wp-content\/uploads\/2025\/07\/parkeringskarta-1-1536x1024.jpg 1536w, https:\/\/kalmarslott.se\/wp-content\/uploads\/2025\/07\/parkeringskarta-1-2048x1365.jpg 2048w, https:\/\/kalmarslott.se\/wp-content\/uploads\/2025\/07\/parkeringskarta-1-600x400.jpg 600w\" sizes=\"auto, (max-width: 726px) 100vw, 726px\" \/><\/p>\n","protected":false},"excerpt":{"rendered":"<p>Vejbeskrivelse Kalmar Slot ligger p\u00e5 Kungsgatan 1. Find os via Google Maps. Rejs kollektivt Det er let at tage toget til Kalmar. Fra K\u00f8benhavn tager det 3 timer og 45 minutter uden skift med \u00d8resundstoget. N\u00e5r du kommer til togstationen i kalmar ser du Kalmar Slot. Det er en lille g\u00e5tur p\u00e5 ca 750 meter [&hellip;]<\/p>\n","protected":false},"author":5,"featured_media":9478,"parent":9451,"menu_order":0,"comment_status":"closed","ping_status":"closed","template":"","meta":{"_acf_changed":false,"footnotes":""},"class_list":["post-9476","page","type-page","status-publish","has-post-thumbnail","hentry"],"acf":[],"yoast_head":"<!-- This site is optimized with the Yoast SEO plugin v27.3 - https:\/\/yoast.com\/product\/yoast-seo-wordpress\/ -->\n<title>Find her hen - Kalmar Slott<\/title>\n<meta name=\"robots\" content=\"index, follow, max-snippet:-1, max-image-preview:large, max-video-preview:-1\" \/>\n<link rel=\"canonical\" href=\"https:\/\/kalmarslott.se\/da\/besoeg\/find-her-hen\/\" \/>\n<meta property=\"og:locale\" content=\"da_DK\" \/>\n<meta property=\"og:type\" content=\"article\" \/>\n<meta property=\"og:title\" content=\"Find her hen - Kalmar Slott\" \/>\n<meta property=\"og:description\" content=\"Vejbeskrivelse Kalmar Slot ligger p\u00e5 Kungsgatan 1. Find os via Google Maps. Rejs kollektivt Det er let at tage toget til Kalmar. Fra K\u00f8benhavn tager det 3 timer og 45 minutter uden skift med \u00d8resundstoget. N\u00e5r du kommer til togstationen i kalmar ser du Kalmar Slot. Det er en lille g\u00e5tur p\u00e5 ca 750 meter [&hellip;]\" \/>\n<meta property=\"og:url\" content=\"https:\/\/kalmarslott.se\/da\/besoeg\/find-her-hen\/\" \/>\n<meta property=\"og:site_name\" content=\"Kalmar Slott\" \/>\n<meta property=\"article:modified_time\" content=\"2025-07-03T13:14:50+00:00\" \/>\n<meta property=\"og:image\" content=\"https:\/\/kalmarslott.se\/wp-content\/uploads\/2024\/10\/slottet2-scaled.jpg\" \/>\n\t<meta property=\"og:image:width\" content=\"2560\" \/>\n\t<meta property=\"og:image:height\" content=\"1920\" \/>\n\t<meta property=\"og:image:type\" content=\"image\/jpeg\" \/>\n<meta name=\"twitter:card\" content=\"summary_large_image\" \/>\n<meta name=\"twitter:label1\" content=\"Estimeret l\u00e6setid\" \/>\n\t<meta name=\"twitter:data1\" content=\"1 minut\" \/>\n<script type=\"application\/ld+json\" class=\"yoast-schema-graph\">{\"@context\":\"https:\\\/\\\/schema.org\",\"@graph\":[{\"@type\":\"WebPage\",\"@id\":\"https:\\\/\\\/kalmarslott.se\\\/da\\\/besoeg\\\/find-her-hen\\\/\",\"url\":\"https:\\\/\\\/kalmarslott.se\\\/da\\\/besoeg\\\/find-her-hen\\\/\",\"name\":\"Find her hen - Kalmar Slott\",\"isPartOf\":{\"@id\":\"https:\\\/\\\/kalmarslott.se\\\/da\\\/#website\"},\"primaryImageOfPage\":{\"@id\":\"https:\\\/\\\/kalmarslott.se\\\/da\\\/besoeg\\\/find-her-hen\\\/#primaryimage\"},\"image\":{\"@id\":\"https:\\\/\\\/kalmarslott.se\\\/da\\\/besoeg\\\/find-her-hen\\\/#primaryimage\"},\"thumbnailUrl\":\"https:\\\/\\\/kalmarslott.se\\\/wp-content\\\/uploads\\\/2024\\\/10\\\/slottet2-scaled.jpg\",\"datePublished\":\"2022-06-10T21:32:31+00:00\",\"dateModified\":\"2025-07-03T13:14:50+00:00\",\"breadcrumb\":{\"@id\":\"https:\\\/\\\/kalmarslott.se\\\/da\\\/besoeg\\\/find-her-hen\\\/#breadcrumb\"},\"inLanguage\":\"da-DK\",\"potentialAction\":[{\"@type\":\"ReadAction\",\"target\":[\"https:\\\/\\\/kalmarslott.se\\\/da\\\/besoeg\\\/find-her-hen\\\/\"]}]},{\"@type\":\"ImageObject\",\"inLanguage\":\"da-DK\",\"@id\":\"https:\\\/\\\/kalmarslott.se\\\/da\\\/besoeg\\\/find-her-hen\\\/#primaryimage\",\"url\":\"https:\\\/\\\/kalmarslott.se\\\/wp-content\\\/uploads\\\/2024\\\/10\\\/slottet2-scaled.jpg\",\"contentUrl\":\"https:\\\/\\\/kalmarslott.se\\\/wp-content\\\/uploads\\\/2024\\\/10\\\/slottet2-scaled.jpg\",\"width\":2560,\"height\":1920},{\"@type\":\"BreadcrumbList\",\"@id\":\"https:\\\/\\\/kalmarslott.se\\\/da\\\/besoeg\\\/find-her-hen\\\/#breadcrumb\",\"itemListElement\":[{\"@type\":\"ListItem\",\"position\":1,\"name\":\"Hem\",\"item\":\"https:\\\/\\\/kalmarslott.se\\\/da\\\/\"},{\"@type\":\"ListItem\",\"position\":2,\"name\":\"Bes\u00f8g\",\"item\":\"https:\\\/\\\/kalmarslott.se\\\/da\\\/besoeg\\\/\"},{\"@type\":\"ListItem\",\"position\":3,\"name\":\"Find her hen\"}]},{\"@type\":\"WebSite\",\"@id\":\"https:\\\/\\\/kalmarslott.se\\\/da\\\/#website\",\"url\":\"https:\\\/\\\/kalmarslott.se\\\/da\\\/\",\"name\":\"Kalmar Slott\",\"description\":\"Ett riktigt slott\",\"potentialAction\":[{\"@type\":\"SearchAction\",\"target\":{\"@type\":\"EntryPoint\",\"urlTemplate\":\"https:\\\/\\\/kalmarslott.se\\\/da\\\/?s={search_term_string}\"},\"query-input\":{\"@type\":\"PropertyValueSpecification\",\"valueRequired\":true,\"valueName\":\"search_term_string\"}}],\"inLanguage\":\"da-DK\"}]}<\/script>\n<!-- \/ Yoast SEO plugin. -->","yoast_head_json":{"title":"Find her hen - Kalmar Slott","robots":{"index":"index","follow":"follow","max-snippet":"max-snippet:-1","max-image-preview":"max-image-preview:large","max-video-preview":"max-video-preview:-1"},"canonical":"https:\/\/kalmarslott.se\/da\/besoeg\/find-her-hen\/","og_locale":"da_DK","og_type":"article","og_title":"Find her hen - Kalmar Slott","og_description":"Vejbeskrivelse Kalmar Slot ligger p\u00e5 Kungsgatan 1. Find os via Google Maps. Rejs kollektivt Det er let at tage toget til Kalmar. Fra K\u00f8benhavn tager det 3 timer og 45 minutter uden skift med \u00d8resundstoget. N\u00e5r du kommer til togstationen i kalmar ser du Kalmar Slot. Det er en lille g\u00e5tur p\u00e5 ca 750 meter [&hellip;]","og_url":"https:\/\/kalmarslott.se\/da\/besoeg\/find-her-hen\/","og_site_name":"Kalmar Slott","article_modified_time":"2025-07-03T13:14:50+00:00","og_image":[{"width":2560,"height":1920,"url":"https:\/\/kalmarslott.se\/wp-content\/uploads\/2024\/10\/slottet2-scaled.jpg","type":"image\/jpeg"}],"twitter_card":"summary_large_image","twitter_misc":{"Estimeret l\u00e6setid":"1 minut"},"schema":{"@context":"https:\/\/schema.org","@graph":[{"@type":"WebPage","@id":"https:\/\/kalmarslott.se\/da\/besoeg\/find-her-hen\/","url":"https:\/\/kalmarslott.se\/da\/besoeg\/find-her-hen\/","name":"Find her hen - Kalmar Slott","isPartOf":{"@id":"https:\/\/kalmarslott.se\/da\/#website"},"primaryImageOfPage":{"@id":"https:\/\/kalmarslott.se\/da\/besoeg\/find-her-hen\/#primaryimage"},"image":{"@id":"https:\/\/kalmarslott.se\/da\/besoeg\/find-her-hen\/#primaryimage"},"thumbnailUrl":"https:\/\/kalmarslott.se\/wp-content\/uploads\/2024\/10\/slottet2-scaled.jpg","datePublished":"2022-06-10T21:32:31+00:00","dateModified":"2025-07-03T13:14:50+00:00","breadcrumb":{"@id":"https:\/\/kalmarslott.se\/da\/besoeg\/find-her-hen\/#breadcrumb"},"inLanguage":"da-DK","potentialAction":[{"@type":"ReadAction","target":["https:\/\/kalmarslott.se\/da\/besoeg\/find-her-hen\/"]}]},{"@type":"ImageObject","inLanguage":"da-DK","@id":"https:\/\/kalmarslott.se\/da\/besoeg\/find-her-hen\/#primaryimage","url":"https:\/\/kalmarslott.se\/wp-content\/uploads\/2024\/10\/slottet2-scaled.jpg","contentUrl":"https:\/\/kalmarslott.se\/wp-content\/uploads\/2024\/10\/slottet2-scaled.jpg","width":2560,"height":1920},{"@type":"BreadcrumbList","@id":"https:\/\/kalmarslott.se\/da\/besoeg\/find-her-hen\/#breadcrumb","itemListElement":[{"@type":"ListItem","position":1,"name":"Hem","item":"https:\/\/kalmarslott.se\/da\/"},{"@type":"ListItem","position":2,"name":"Bes\u00f8g","item":"https:\/\/kalmarslott.se\/da\/besoeg\/"},{"@type":"ListItem","position":3,"name":"Find her hen"}]},{"@type":"WebSite","@id":"https:\/\/kalmarslott.se\/da\/#website","url":"https:\/\/kalmarslott.se\/da\/","name":"Kalmar Slott","description":"Ett riktigt slott","potentialAction":[{"@type":"SearchAction","target":{"@type":"EntryPoint","urlTemplate":"https:\/\/kalmarslott.se\/da\/?s={search_term_string}"},"query-input":{"@type":"PropertyValueSpecification","valueRequired":true,"valueName":"search_term_string"}}],"inLanguage":"da-DK"}]}},"_links":{"self":[{"href":"https:\/\/kalmarslott.se\/da\/wp-json\/wp\/v2\/pages\/9476","targetHints":{"allow":["GET"]}}],"collection":[{"href":"https:\/\/kalmarslott.se\/da\/wp-json\/wp\/v2\/pages"}],"about":[{"href":"https:\/\/kalmarslott.se\/da\/wp-json\/wp\/v2\/types\/page"}],"author":[{"embeddable":true,"href":"https:\/\/kalmarslott.se\/da\/wp-json\/wp\/v2\/users\/5"}],"replies":[{"embeddable":true,"href":"https:\/\/kalmarslott.se\/da\/wp-json\/wp\/v2\/comments?post=9476"}],"version-history":[{"count":3,"href":"https:\/\/kalmarslott.se\/da\/wp-json\/wp\/v2\/pages\/9476\/revisions"}],"predecessor-version":[{"id":11783,"href":"https:\/\/kalmarslott.se\/da\/wp-json\/wp\/v2\/pages\/9476\/revisions\/11783"}],"up":[{"embeddable":true,"href":"https:\/\/kalmarslott.se\/da\/wp-json\/wp\/v2\/pages\/9451"}],"wp:featuredmedia":[{"embeddable":true,"href":"https:\/\/kalmarslott.se\/da\/wp-json\/wp\/v2\/media\/9478"}],"wp:attachment":[{"href":"https:\/\/kalmarslott.se\/da\/wp-json\/wp\/v2\/media?parent=9476"}],"curies":[{"name":"wp","href":"https:\/\/api.w.org\/{rel}","templated":true}]}}