{"id":9444,"date":"2022-06-10T23:32:17","date_gmt":"2022-06-10T21:32:17","guid":{"rendered":"https:\/\/kalmarslott.se\/?page_id=9444"},"modified":"2026-01-05T12:38:19","modified_gmt":"2026-01-05T10:38:19","slug":"billetpriser","status":"publish","type":"page","link":"https:\/\/kalmarslott.se\/da\/besoeg\/billetpriser\/","title":{"rendered":"Billetpriser"},"content":{"rendered":"<ul>\n<li>Alle udstillinger er inkluderet i prisen.<\/li>\n<li>Entr\u00e9 betales p\u00e5 plads og kan ikke forbookes.<\/li>\n<li>Bem\u00e6rk at Kalmar slot ikke l\u00e6ngere tager imod kontanter.<\/li>\n<\/ul>\n<h2>2026<\/h2>\n<h3>2 januar \u2013 21 marts<\/h3>\n<table class=\"table-prices\">\n<tbody>\n<tr>\n<td>B\u00f8rn3-5 \u00e5r<\/td>\n<td>45 SEK<\/td>\n<\/tr>\n<tr>\n<td>B\u00f8rn og unge 6-19 \u00e5r<\/td>\n<td>60 SEK<\/td>\n<\/tr>\n<tr>\n<td>Studerende med studielegitimation<\/td>\n<td>110 SEK<\/td>\n<\/tr>\n<tr>\n<td>Voksen<\/td>\n<td>130 SEK<\/td>\n<\/tr>\n<tr>\n<td>Pensionist<\/td>\n<td>115 SEK<\/td>\n<\/tr>\n<\/tbody>\n<\/table>\n<h3>22 marts \u2013 21 juni<\/h3>\n<table class=\"table-prices\">\n<tbody>\n<tr>\n<td>B\u00f8rn3-5 years<\/td>\n<td>65 SEK<\/td>\n<\/tr>\n<tr>\n<td>B\u00f8rn og unge 6-19 \u00e5r<\/td>\n<td>90 SEK<\/td>\n<\/tr>\n<tr>\n<td>Studerende med studielegitimation<\/td>\n<td>160 SEK<\/td>\n<\/tr>\n<tr>\n<td>Voksen<\/td>\n<td>180 SEK<\/td>\n<\/tr>\n<tr>\n<td>Pensionist<\/td>\n<td>165 SEK<\/td>\n<\/tr>\n<\/tbody>\n<\/table>\n<h3>22 juni \u2013 9 august<\/h3>\n<table class=\"table-prices\">\n<tbody>\n<tr>\n<td>B\u00f8rn til 3 \u00e5r<\/td>\n<td>free<\/td>\n<\/tr>\n<tr>\n<td>B\u00f8rn og unge 6-19 \u00e5r<\/td>\n<td>135 SEK<\/td>\n<\/tr>\n<tr>\n<td>Studerende med studielegitimation<\/td>\n<td>170 SEK<\/td>\n<\/tr>\n<tr>\n<td>Voksen<\/td>\n<td>190 SEK<\/td>\n<\/tr>\n<tr>\n<td>Pensionist<\/td>\n<td>175 SEK<\/td>\n<\/tr>\n<tr>\n<td>Familie med 2 voksen and 2 b\u00f8rn<\/td>\n<td>610 SEK<\/td>\n<\/tr>\n<tr>\n<td>Familie med 2 voksen and 3 b\u00f8rn<\/td>\n<td>730 SEK<\/td>\n<\/tr>\n<tr>\n<td>Familie med 2 voksen and 4 b\u00f8rn<\/td>\n<td>850 SEK<\/td>\n<\/tr>\n<\/tbody>\n<\/table>\n<h3>10 august \u2013 1 november<\/h3>\n<table class=\"table-prices\">\n<tbody>\n<tr>\n<td>B\u00f8rn 3-5 \u00e5r<\/td>\n<td>65 SEK<\/td>\n<\/tr>\n<tr>\n<td>B\u00f8rn og unge 6-19 \u00e5r<\/td>\n<td>90 SEK<\/td>\n<\/tr>\n<tr>\n<td>Studerende med studielegitimation<\/td>\n<td>160 SEK<\/td>\n<\/tr>\n<tr>\n<td>Voksen<\/td>\n<td>180 SEK<\/td>\n<\/tr>\n<tr>\n<td>Pensionist<\/td>\n<td>165 SEK<\/td>\n<\/tr>\n<\/tbody>\n<\/table>\n<h3>2 november \u2013 31 december<\/h3>\n<table class=\"table-prices\">\n<tbody>\n<tr>\n<td>B\u00f8rn 3-5 \u00e5r<\/td>\n<td>45 SEK<\/td>\n<\/tr>\n<tr>\n<td>B\u00f8rn og unge 6-19 \u00e5r<\/td>\n<td>60 SEK<\/td>\n<\/tr>\n<tr>\n<td>Studerende med studielegitimation<\/td>\n<td>110 SEK<\/td>\n<\/tr>\n<tr>\n<td>Voksen<\/td>\n<td>130 SEK<\/td>\n<\/tr>\n<tr>\n<td>Pensionist<\/td>\n<td>115 SEK<\/td>\n<\/tr>\n<\/tbody>\n<\/table>\n<h3>Gruppebillet ved min. 10 personer<\/h3>\n<table class=\"table-prices\">\n<tbody>\n<tr>\n<td>2. januar \u2013 21. marsch<\/td>\n<td>115 SEK\/person<\/td>\n<\/tr>\n<tr>\n<td>22. marsch \u2013 21. juni<\/td>\n<td>165 SEK\/person<\/td>\n<\/tr>\n<tr>\n<td>22. juni \u2013 9. august<\/td>\n<td>175 SEK\/person<\/td>\n<\/tr>\n<tr>\n<td>10. august \u2013 1. november<\/td>\n<td>165 SEK\/person<\/td>\n<\/tr>\n<tr>\n<td>2. november \u2013 31. december<\/td>\n<td>115 SEK\/person<\/td>\n<\/tr>\n<\/tbody>\n<\/table>\n","protected":false},"excerpt":{"rendered":"<p>Alle udstillinger er inkluderet i prisen. Entr\u00e9 betales p\u00e5 plads og kan ikke forbookes. Bem\u00e6rk at Kalmar slot ikke l\u00e6ngere tager imod kontanter. 2026 2 januar \u2013 21 marts B\u00f8rn3-5 \u00e5r 45 SEK B\u00f8rn og unge 6-19 \u00e5r 60 SEK Studerende med studielegitimation 110 SEK Voksen 130 SEK Pensionist 115 SEK 22 marts \u2013 21 [&hellip;]<\/p>\n","protected":false},"author":1,"featured_media":9445,"parent":9451,"menu_order":0,"comment_status":"closed","ping_status":"closed","template":"","meta":{"_acf_changed":false,"footnotes":""},"class_list":["post-9444","page","type-page","status-publish","has-post-thumbnail","hentry"],"acf":[],"yoast_head":"<!-- This site is optimized with the Yoast SEO plugin v27.5 - https:\/\/yoast.com\/product\/yoast-seo-wordpress\/ -->\n<title>Billetpriser - Kalmar Slott<\/title>\n<meta name=\"robots\" content=\"index, follow, max-snippet:-1, max-image-preview:large, max-video-preview:-1\" \/>\n<link rel=\"canonical\" href=\"https:\/\/kalmarslott.se\/da\/besoeg\/billetpriser\/\" \/>\n<meta property=\"og:locale\" content=\"da_DK\" \/>\n<meta property=\"og:type\" content=\"article\" \/>\n<meta property=\"og:title\" content=\"Billetpriser - Kalmar Slott\" \/>\n<meta property=\"og:description\" content=\"Alle udstillinger er inkluderet i prisen. Entr\u00e9 betales p\u00e5 plads og kan ikke forbookes. Bem\u00e6rk at Kalmar slot ikke l\u00e6ngere tager imod kontanter. 2026 2 januar \u2013 21 marts B\u00f8rn3-5 \u00e5r 45 SEK B\u00f8rn og unge 6-19 \u00e5r 60 SEK Studerende med studielegitimation 110 SEK Voksen 130 SEK Pensionist 115 SEK 22 marts \u2013 21 [&hellip;]\" \/>\n<meta property=\"og:url\" content=\"https:\/\/kalmarslott.se\/da\/besoeg\/billetpriser\/\" \/>\n<meta property=\"og:site_name\" content=\"Kalmar Slott\" \/>\n<meta property=\"article:modified_time\" content=\"2026-01-05T10:38:19+00:00\" \/>\n<meta property=\"og:image\" content=\"https:\/\/kalmarslott.se\/wp-content\/uploads\/2022\/06\/entrepriser.jpg\" \/>\n\t<meta property=\"og:image:width\" content=\"1500\" \/>\n\t<meta property=\"og:image:height\" content=\"1124\" \/>\n\t<meta property=\"og:image:type\" content=\"image\/jpeg\" \/>\n<meta name=\"twitter:card\" content=\"summary_large_image\" \/>\n<meta name=\"twitter:label1\" content=\"Estimeret l\u00e6setid\" \/>\n\t<meta name=\"twitter:data1\" content=\"2 minutter\" \/>\n<script type=\"application\/ld+json\" class=\"yoast-schema-graph\">{\"@context\":\"https:\\\/\\\/schema.org\",\"@graph\":[{\"@type\":\"WebPage\",\"@id\":\"https:\\\/\\\/kalmarslott.se\\\/da\\\/besoeg\\\/billetpriser\\\/\",\"url\":\"https:\\\/\\\/kalmarslott.se\\\/da\\\/besoeg\\\/billetpriser\\\/\",\"name\":\"Billetpriser - Kalmar Slott\",\"isPartOf\":{\"@id\":\"https:\\\/\\\/kalmarslott.se\\\/da\\\/#website\"},\"primaryImageOfPage\":{\"@id\":\"https:\\\/\\\/kalmarslott.se\\\/da\\\/besoeg\\\/billetpriser\\\/#primaryimage\"},\"image\":{\"@id\":\"https:\\\/\\\/kalmarslott.se\\\/da\\\/besoeg\\\/billetpriser\\\/#primaryimage\"},\"thumbnailUrl\":\"https:\\\/\\\/kalmarslott.se\\\/wp-content\\\/uploads\\\/2022\\\/06\\\/entrepriser.jpg\",\"datePublished\":\"2022-06-10T21:32:17+00:00\",\"dateModified\":\"2026-01-05T10:38:19+00:00\",\"breadcrumb\":{\"@id\":\"https:\\\/\\\/kalmarslott.se\\\/da\\\/besoeg\\\/billetpriser\\\/#breadcrumb\"},\"inLanguage\":\"da-DK\",\"potentialAction\":[{\"@type\":\"ReadAction\",\"target\":[\"https:\\\/\\\/kalmarslott.se\\\/da\\\/besoeg\\\/billetpriser\\\/\"]}]},{\"@type\":\"ImageObject\",\"inLanguage\":\"da-DK\",\"@id\":\"https:\\\/\\\/kalmarslott.se\\\/da\\\/besoeg\\\/billetpriser\\\/#primaryimage\",\"url\":\"https:\\\/\\\/kalmarslott.se\\\/wp-content\\\/uploads\\\/2022\\\/06\\\/entrepriser.jpg\",\"contentUrl\":\"https:\\\/\\\/kalmarslott.se\\\/wp-content\\\/uploads\\\/2022\\\/06\\\/entrepriser.jpg\",\"width\":1500,\"height\":1124},{\"@type\":\"BreadcrumbList\",\"@id\":\"https:\\\/\\\/kalmarslott.se\\\/da\\\/besoeg\\\/billetpriser\\\/#breadcrumb\",\"itemListElement\":[{\"@type\":\"ListItem\",\"position\":1,\"name\":\"Hem\",\"item\":\"https:\\\/\\\/kalmarslott.se\\\/da\\\/\"},{\"@type\":\"ListItem\",\"position\":2,\"name\":\"Bes\u00f8g\",\"item\":\"https:\\\/\\\/kalmarslott.se\\\/da\\\/besoeg\\\/\"},{\"@type\":\"ListItem\",\"position\":3,\"name\":\"Billetpriser\"}]},{\"@type\":\"WebSite\",\"@id\":\"https:\\\/\\\/kalmarslott.se\\\/da\\\/#website\",\"url\":\"https:\\\/\\\/kalmarslott.se\\\/da\\\/\",\"name\":\"Kalmar Slott\",\"description\":\"Ett riktigt slott\",\"potentialAction\":[{\"@type\":\"SearchAction\",\"target\":{\"@type\":\"EntryPoint\",\"urlTemplate\":\"https:\\\/\\\/kalmarslott.se\\\/da\\\/?s={search_term_string}\"},\"query-input\":{\"@type\":\"PropertyValueSpecification\",\"valueRequired\":true,\"valueName\":\"search_term_string\"}}],\"inLanguage\":\"da-DK\"}]}<\/script>\n<!-- \/ Yoast SEO plugin. -->","yoast_head_json":{"title":"Billetpriser - Kalmar Slott","robots":{"index":"index","follow":"follow","max-snippet":"max-snippet:-1","max-image-preview":"max-image-preview:large","max-video-preview":"max-video-preview:-1"},"canonical":"https:\/\/kalmarslott.se\/da\/besoeg\/billetpriser\/","og_locale":"da_DK","og_type":"article","og_title":"Billetpriser - Kalmar Slott","og_description":"Alle udstillinger er inkluderet i prisen. Entr\u00e9 betales p\u00e5 plads og kan ikke forbookes. Bem\u00e6rk at Kalmar slot ikke l\u00e6ngere tager imod kontanter. 2026 2 januar \u2013 21 marts B\u00f8rn3-5 \u00e5r 45 SEK B\u00f8rn og unge 6-19 \u00e5r 60 SEK Studerende med studielegitimation 110 SEK Voksen 130 SEK Pensionist 115 SEK 22 marts \u2013 21 [&hellip;]","og_url":"https:\/\/kalmarslott.se\/da\/besoeg\/billetpriser\/","og_site_name":"Kalmar Slott","article_modified_time":"2026-01-05T10:38:19+00:00","og_image":[{"width":1500,"height":1124,"url":"https:\/\/kalmarslott.se\/wp-content\/uploads\/2022\/06\/entrepriser.jpg","type":"image\/jpeg"}],"twitter_card":"summary_large_image","twitter_misc":{"Estimeret l\u00e6setid":"2 minutter"},"schema":{"@context":"https:\/\/schema.org","@graph":[{"@type":"WebPage","@id":"https:\/\/kalmarslott.se\/da\/besoeg\/billetpriser\/","url":"https:\/\/kalmarslott.se\/da\/besoeg\/billetpriser\/","name":"Billetpriser - Kalmar Slott","isPartOf":{"@id":"https:\/\/kalmarslott.se\/da\/#website"},"primaryImageOfPage":{"@id":"https:\/\/kalmarslott.se\/da\/besoeg\/billetpriser\/#primaryimage"},"image":{"@id":"https:\/\/kalmarslott.se\/da\/besoeg\/billetpriser\/#primaryimage"},"thumbnailUrl":"https:\/\/kalmarslott.se\/wp-content\/uploads\/2022\/06\/entrepriser.jpg","datePublished":"2022-06-10T21:32:17+00:00","dateModified":"2026-01-05T10:38:19+00:00","breadcrumb":{"@id":"https:\/\/kalmarslott.se\/da\/besoeg\/billetpriser\/#breadcrumb"},"inLanguage":"da-DK","potentialAction":[{"@type":"ReadAction","target":["https:\/\/kalmarslott.se\/da\/besoeg\/billetpriser\/"]}]},{"@type":"ImageObject","inLanguage":"da-DK","@id":"https:\/\/kalmarslott.se\/da\/besoeg\/billetpriser\/#primaryimage","url":"https:\/\/kalmarslott.se\/wp-content\/uploads\/2022\/06\/entrepriser.jpg","contentUrl":"https:\/\/kalmarslott.se\/wp-content\/uploads\/2022\/06\/entrepriser.jpg","width":1500,"height":1124},{"@type":"BreadcrumbList","@id":"https:\/\/kalmarslott.se\/da\/besoeg\/billetpriser\/#breadcrumb","itemListElement":[{"@type":"ListItem","position":1,"name":"Hem","item":"https:\/\/kalmarslott.se\/da\/"},{"@type":"ListItem","position":2,"name":"Bes\u00f8g","item":"https:\/\/kalmarslott.se\/da\/besoeg\/"},{"@type":"ListItem","position":3,"name":"Billetpriser"}]},{"@type":"WebSite","@id":"https:\/\/kalmarslott.se\/da\/#website","url":"https:\/\/kalmarslott.se\/da\/","name":"Kalmar Slott","description":"Ett riktigt slott","potentialAction":[{"@type":"SearchAction","target":{"@type":"EntryPoint","urlTemplate":"https:\/\/kalmarslott.se\/da\/?s={search_term_string}"},"query-input":{"@type":"PropertyValueSpecification","valueRequired":true,"valueName":"search_term_string"}}],"inLanguage":"da-DK"}]}},"_links":{"self":[{"href":"https:\/\/kalmarslott.se\/da\/wp-json\/wp\/v2\/pages\/9444","targetHints":{"allow":["GET"]}}],"collection":[{"href":"https:\/\/kalmarslott.se\/da\/wp-json\/wp\/v2\/pages"}],"about":[{"href":"https:\/\/kalmarslott.se\/da\/wp-json\/wp\/v2\/types\/page"}],"author":[{"embeddable":true,"href":"https:\/\/kalmarslott.se\/da\/wp-json\/wp\/v2\/users\/1"}],"replies":[{"embeddable":true,"href":"https:\/\/kalmarslott.se\/da\/wp-json\/wp\/v2\/comments?post=9444"}],"version-history":[{"count":8,"href":"https:\/\/kalmarslott.se\/da\/wp-json\/wp\/v2\/pages\/9444\/revisions"}],"predecessor-version":[{"id":12944,"href":"https:\/\/kalmarslott.se\/da\/wp-json\/wp\/v2\/pages\/9444\/revisions\/12944"}],"up":[{"embeddable":true,"href":"https:\/\/kalmarslott.se\/da\/wp-json\/wp\/v2\/pages\/9451"}],"wp:featuredmedia":[{"embeddable":true,"href":"https:\/\/kalmarslott.se\/da\/wp-json\/wp\/v2\/media\/9445"}],"wp:attachment":[{"href":"https:\/\/kalmarslott.se\/da\/wp-json\/wp\/v2\/media?parent=9444"}],"curies":[{"name":"wp","href":"https:\/\/api.w.org\/{rel}","templated":true}]}}