{"id":8734,"date":"2024-06-04T13:15:17","date_gmt":"2024-06-04T11:15:17","guid":{"rendered":"https:\/\/kalmarslott.se\/besok-restaurang\/middag-fest-2\/"},"modified":"2024-06-05T08:46:05","modified_gmt":"2024-06-05T06:46:05","slug":"begravning-och-hogtider","status":"publish","type":"page","link":"https:\/\/kalmarslott.se\/da\/besok-restaurang\/begravning-och-hogtider\/","title":{"rendered":"H\u00f6gtider"},"content":{"rendered":"<h2><span style=\"font-weight: 400;\">L\u00e5t oss ta hand om din n\u00e4sta h\u00f6gtidsdag<\/span><\/h2>\n<p><span style=\"font-weight: 400;\">Kalmar Slotts historiska milj\u00f6er och tidl\u00f6sa atmosf\u00e4r kan ge din n\u00e4sta h\u00f6gtidsdag den inramning den f\u00f6rtj\u00e4nar. V\u00e5ra lokaler Amiralitetsk\u00e4llarens och G\u00e4stabudssalen \u00e4r popul\u00e4ra att boka f\u00f6r att fira dop, f\u00f6delsedagar, jubileum och f\u00f6r mottagning efter begravning. Den personliga servicen och en lokalt f\u00f6rankrad gastronomi g\u00f6r Slottsrestaurangen till en mycket omtyckt plats att samlas p\u00e5.<\/span><\/p>\n<p>Slottsrestaurangen \u00e4r popul\u00e4r att boka f\u00f6r:<\/p>\n<ul>\n<li>Jubileum<\/li>\n<li>Dopmottagning<\/li>\n<li>F\u00f6delsedagar<\/li>\n<li>Begravningsmottagning och minnesstund<\/li>\n<\/ul>\n<p><span style=\"font-weight: 400;\">Vi erbjuder helhetsl\u00f6sningar med mat, dryck, personal, teknik och detaljer som passar just era \u00f6nskem\u00e5l.<\/span><\/p>\n<p><span style=\"font-weight: 400;\">F\u00f6r kostnadsf\u00f6rslag och menyer kontakta oss:\u00a0<\/span><\/p>\n<p><a href=\"mailto:slottsrestaurangen@postgatan.nu\"><span style=\"font-weight: 400;\">slottsrestaurangen@postgatan.nu<\/span><\/a><\/p>\n<p>&nbsp;<\/p>\n<p>&nbsp;<\/p>\n<p><img loading=\"lazy\" decoding=\"async\" class=\"aligncenter size-large wp-image-8738\" src=\"https:\/\/kalmarslott.se\/wp-content\/uploads\/2024\/06\/slottsrestaurangen-43-1024x683.jpg\" alt=\"Slottsrestaurangen Kungstornet\" width=\"1024\" height=\"683\" srcset=\"https:\/\/kalmarslott.se\/wp-content\/uploads\/2024\/06\/slottsrestaurangen-43-1024x683.jpg 1024w, https:\/\/kalmarslott.se\/wp-content\/uploads\/2024\/06\/slottsrestaurangen-43-300x200.jpg 300w, https:\/\/kalmarslott.se\/wp-content\/uploads\/2024\/06\/slottsrestaurangen-43-768x512.jpg 768w, https:\/\/kalmarslott.se\/wp-content\/uploads\/2024\/06\/slottsrestaurangen-43-1536x1024.jpg 1536w, https:\/\/kalmarslott.se\/wp-content\/uploads\/2024\/06\/slottsrestaurangen-43-2048x1365.jpg 2048w, https:\/\/kalmarslott.se\/wp-content\/uploads\/2024\/06\/slottsrestaurangen-43-600x400.jpg 600w\" sizes=\"auto, (max-width: 1024px) 100vw, 1024px\" \/><\/p>\n<p><img loading=\"lazy\" decoding=\"async\" class=\"aligncenter size-large wp-image-637\" src=\"https:\/\/kalmarslott.se\/wp-content\/uploads\/2022\/06\/restaurangmiddagslottsfrugastabudssalen-1024x683.jpg\" alt=\"Restaurang middag Slottsfru Gastabudssalen\" width=\"1024\" height=\"683\" srcset=\"https:\/\/kalmarslott.se\/wp-content\/uploads\/2022\/06\/restaurangmiddagslottsfrugastabudssalen-1024x683.jpg 1024w, https:\/\/kalmarslott.se\/wp-content\/uploads\/2022\/06\/restaurangmiddagslottsfrugastabudssalen-300x200.jpg 300w, https:\/\/kalmarslott.se\/wp-content\/uploads\/2022\/06\/restaurangmiddagslottsfrugastabudssalen-768x512.jpg 768w, https:\/\/kalmarslott.se\/wp-content\/uploads\/2022\/06\/restaurangmiddagslottsfrugastabudssalen-1536x1024.jpg 1536w, https:\/\/kalmarslott.se\/wp-content\/uploads\/2022\/06\/restaurangmiddagslottsfrugastabudssalen-2048x1365.jpg 2048w, https:\/\/kalmarslott.se\/wp-content\/uploads\/2022\/06\/restaurangmiddagslottsfrugastabudssalen-600x400.jpg 600w\" sizes=\"auto, (max-width: 1024px) 100vw, 1024px\" \/> <img loading=\"lazy\" decoding=\"async\" class=\"aligncenter size-large wp-image-636\" src=\"https:\/\/kalmarslott.se\/wp-content\/uploads\/2022\/06\/restaurangmiddagslottsfrudukarbord-1024x682.jpg\" alt=\"Restaurang middag Slottsfru Gastabudssalen\" width=\"1024\" height=\"682\" srcset=\"https:\/\/kalmarslott.se\/wp-content\/uploads\/2022\/06\/restaurangmiddagslottsfrudukarbord-1024x682.jpg 1024w, https:\/\/kalmarslott.se\/wp-content\/uploads\/2022\/06\/restaurangmiddagslottsfrudukarbord-300x200.jpg 300w, https:\/\/kalmarslott.se\/wp-content\/uploads\/2022\/06\/restaurangmiddagslottsfrudukarbord-768x512.jpg 768w, https:\/\/kalmarslott.se\/wp-content\/uploads\/2022\/06\/restaurangmiddagslottsfrudukarbord-1536x1024.jpg 1536w, https:\/\/kalmarslott.se\/wp-content\/uploads\/2022\/06\/restaurangmiddagslottsfrudukarbord-600x400.jpg 600w, https:\/\/kalmarslott.se\/wp-content\/uploads\/2022\/06\/restaurangmiddagslottsfrudukarbord.jpg 2000w\" sizes=\"auto, (max-width: 1024px) 100vw, 1024px\" \/><\/p>\n","protected":false},"excerpt":{"rendered":"<p>L\u00e5t oss ta hand om din n\u00e4sta h\u00f6gtidsdag Kalmar Slotts historiska milj\u00f6er och tidl\u00f6sa atmosf\u00e4r kan ge din n\u00e4sta h\u00f6gtidsdag den inramning den f\u00f6rtj\u00e4nar. V\u00e5ra lokaler Amiralitetsk\u00e4llarens och G\u00e4stabudssalen \u00e4r popul\u00e4ra att boka f\u00f6r att fira dop, f\u00f6delsedagar, jubileum och f\u00f6r mottagning efter begravning. Den personliga servicen och en lokalt f\u00f6rankrad gastronomi g\u00f6r Slottsrestaurangen till [&hellip;]<\/p>\n","protected":false},"author":9,"featured_media":8738,"parent":458,"menu_order":0,"comment_status":"closed","ping_status":"closed","template":"","meta":{"_acf_changed":false,"footnotes":""},"class_list":["post-8734","page","type-page","status-publish","has-post-thumbnail","hentry"],"acf":[],"yoast_head":"<!-- This site is optimized with the Yoast SEO plugin v27.3 - https:\/\/yoast.com\/product\/yoast-seo-wordpress\/ -->\n<title>H\u00f6gtider - Kalmar Slott<\/title>\n<meta name=\"robots\" content=\"index, follow, max-snippet:-1, max-image-preview:large, max-video-preview:-1\" \/>\n<link rel=\"canonical\" href=\"https:\/\/kalmarslott.se\/da\/besok-restaurang\/begravning-och-hogtider\/\" \/>\n<meta property=\"og:locale\" content=\"da_DK\" \/>\n<meta property=\"og:type\" content=\"article\" \/>\n<meta property=\"og:title\" content=\"H\u00f6gtider - Kalmar Slott\" \/>\n<meta property=\"og:description\" content=\"L\u00e5t oss ta hand om din n\u00e4sta h\u00f6gtidsdag Kalmar Slotts historiska milj\u00f6er och tidl\u00f6sa atmosf\u00e4r kan ge din n\u00e4sta h\u00f6gtidsdag den inramning den f\u00f6rtj\u00e4nar. V\u00e5ra lokaler Amiralitetsk\u00e4llarens och G\u00e4stabudssalen \u00e4r popul\u00e4ra att boka f\u00f6r att fira dop, f\u00f6delsedagar, jubileum och f\u00f6r mottagning efter begravning. Den personliga servicen och en lokalt f\u00f6rankrad gastronomi g\u00f6r Slottsrestaurangen till [&hellip;]\" \/>\n<meta property=\"og:url\" content=\"https:\/\/kalmarslott.se\/da\/besok-restaurang\/begravning-och-hogtider\/\" \/>\n<meta property=\"og:site_name\" content=\"Kalmar Slott\" \/>\n<meta property=\"article:modified_time\" content=\"2024-06-05T06:46:05+00:00\" \/>\n<meta property=\"og:image\" content=\"https:\/\/kalmarslott.se\/wp-content\/uploads\/2024\/06\/slottsrestaurangen-43-scaled.jpg\" \/>\n\t<meta property=\"og:image:width\" content=\"2560\" \/>\n\t<meta property=\"og:image:height\" content=\"1707\" \/>\n\t<meta property=\"og:image:type\" content=\"image\/jpeg\" \/>\n<meta name=\"twitter:card\" content=\"summary_large_image\" \/>\n<meta name=\"twitter:label1\" content=\"Estimeret l\u00e6setid\" \/>\n\t<meta name=\"twitter:data1\" content=\"2 minutter\" \/>\n<script type=\"application\/ld+json\" class=\"yoast-schema-graph\">{\"@context\":\"https:\\\/\\\/schema.org\",\"@graph\":[{\"@type\":\"WebPage\",\"@id\":\"https:\\\/\\\/kalmarslott.se\\\/da\\\/besok-restaurang\\\/begravning-och-hogtider\\\/\",\"url\":\"https:\\\/\\\/kalmarslott.se\\\/da\\\/besok-restaurang\\\/begravning-och-hogtider\\\/\",\"name\":\"H\u00f6gtider - Kalmar Slott\",\"isPartOf\":{\"@id\":\"https:\\\/\\\/kalmarslott.se\\\/da\\\/#website\"},\"primaryImageOfPage\":{\"@id\":\"https:\\\/\\\/kalmarslott.se\\\/da\\\/besok-restaurang\\\/begravning-och-hogtider\\\/#primaryimage\"},\"image\":{\"@id\":\"https:\\\/\\\/kalmarslott.se\\\/da\\\/besok-restaurang\\\/begravning-och-hogtider\\\/#primaryimage\"},\"thumbnailUrl\":\"https:\\\/\\\/kalmarslott.se\\\/wp-content\\\/uploads\\\/2024\\\/06\\\/slottsrestaurangen-43-scaled.jpg\",\"datePublished\":\"2024-06-04T11:15:17+00:00\",\"dateModified\":\"2024-06-05T06:46:05+00:00\",\"breadcrumb\":{\"@id\":\"https:\\\/\\\/kalmarslott.se\\\/da\\\/besok-restaurang\\\/begravning-och-hogtider\\\/#breadcrumb\"},\"inLanguage\":\"da-DK\",\"potentialAction\":[{\"@type\":\"ReadAction\",\"target\":[\"https:\\\/\\\/kalmarslott.se\\\/da\\\/besok-restaurang\\\/begravning-och-hogtider\\\/\"]}]},{\"@type\":\"ImageObject\",\"inLanguage\":\"da-DK\",\"@id\":\"https:\\\/\\\/kalmarslott.se\\\/da\\\/besok-restaurang\\\/begravning-och-hogtider\\\/#primaryimage\",\"url\":\"https:\\\/\\\/kalmarslott.se\\\/wp-content\\\/uploads\\\/2024\\\/06\\\/slottsrestaurangen-43-scaled.jpg\",\"contentUrl\":\"https:\\\/\\\/kalmarslott.se\\\/wp-content\\\/uploads\\\/2024\\\/06\\\/slottsrestaurangen-43-scaled.jpg\",\"width\":2560,\"height\":1707,\"caption\":\"Slottsrestaurangen Kungstornet\"},{\"@type\":\"BreadcrumbList\",\"@id\":\"https:\\\/\\\/kalmarslott.se\\\/da\\\/besok-restaurang\\\/begravning-och-hogtider\\\/#breadcrumb\",\"itemListElement\":[{\"@type\":\"ListItem\",\"position\":1,\"name\":\"Hem\",\"item\":\"https:\\\/\\\/kalmarslott.se\\\/da\\\/\"},{\"@type\":\"ListItem\",\"position\":2,\"name\":\"Restaurang\",\"item\":\"https:\\\/\\\/kalmarslott.se\\\/da\\\/besok-restaurang\\\/\"},{\"@type\":\"ListItem\",\"position\":3,\"name\":\"H\u00f6gtider\"}]},{\"@type\":\"WebSite\",\"@id\":\"https:\\\/\\\/kalmarslott.se\\\/da\\\/#website\",\"url\":\"https:\\\/\\\/kalmarslott.se\\\/da\\\/\",\"name\":\"Kalmar Slott\",\"description\":\"Ett riktigt slott\",\"potentialAction\":[{\"@type\":\"SearchAction\",\"target\":{\"@type\":\"EntryPoint\",\"urlTemplate\":\"https:\\\/\\\/kalmarslott.se\\\/da\\\/?s={search_term_string}\"},\"query-input\":{\"@type\":\"PropertyValueSpecification\",\"valueRequired\":true,\"valueName\":\"search_term_string\"}}],\"inLanguage\":\"da-DK\"}]}<\/script>\n<!-- \/ Yoast SEO plugin. -->","yoast_head_json":{"title":"H\u00f6gtider - Kalmar Slott","robots":{"index":"index","follow":"follow","max-snippet":"max-snippet:-1","max-image-preview":"max-image-preview:large","max-video-preview":"max-video-preview:-1"},"canonical":"https:\/\/kalmarslott.se\/da\/besok-restaurang\/begravning-och-hogtider\/","og_locale":"da_DK","og_type":"article","og_title":"H\u00f6gtider - Kalmar Slott","og_description":"L\u00e5t oss ta hand om din n\u00e4sta h\u00f6gtidsdag Kalmar Slotts historiska milj\u00f6er och tidl\u00f6sa atmosf\u00e4r kan ge din n\u00e4sta h\u00f6gtidsdag den inramning den f\u00f6rtj\u00e4nar. V\u00e5ra lokaler Amiralitetsk\u00e4llarens och G\u00e4stabudssalen \u00e4r popul\u00e4ra att boka f\u00f6r att fira dop, f\u00f6delsedagar, jubileum och f\u00f6r mottagning efter begravning. Den personliga servicen och en lokalt f\u00f6rankrad gastronomi g\u00f6r Slottsrestaurangen till [&hellip;]","og_url":"https:\/\/kalmarslott.se\/da\/besok-restaurang\/begravning-och-hogtider\/","og_site_name":"Kalmar Slott","article_modified_time":"2024-06-05T06:46:05+00:00","og_image":[{"width":2560,"height":1707,"url":"https:\/\/kalmarslott.se\/wp-content\/uploads\/2024\/06\/slottsrestaurangen-43-scaled.jpg","type":"image\/jpeg"}],"twitter_card":"summary_large_image","twitter_misc":{"Estimeret l\u00e6setid":"2 minutter"},"schema":{"@context":"https:\/\/schema.org","@graph":[{"@type":"WebPage","@id":"https:\/\/kalmarslott.se\/da\/besok-restaurang\/begravning-och-hogtider\/","url":"https:\/\/kalmarslott.se\/da\/besok-restaurang\/begravning-och-hogtider\/","name":"H\u00f6gtider - Kalmar Slott","isPartOf":{"@id":"https:\/\/kalmarslott.se\/da\/#website"},"primaryImageOfPage":{"@id":"https:\/\/kalmarslott.se\/da\/besok-restaurang\/begravning-och-hogtider\/#primaryimage"},"image":{"@id":"https:\/\/kalmarslott.se\/da\/besok-restaurang\/begravning-och-hogtider\/#primaryimage"},"thumbnailUrl":"https:\/\/kalmarslott.se\/wp-content\/uploads\/2024\/06\/slottsrestaurangen-43-scaled.jpg","datePublished":"2024-06-04T11:15:17+00:00","dateModified":"2024-06-05T06:46:05+00:00","breadcrumb":{"@id":"https:\/\/kalmarslott.se\/da\/besok-restaurang\/begravning-och-hogtider\/#breadcrumb"},"inLanguage":"da-DK","potentialAction":[{"@type":"ReadAction","target":["https:\/\/kalmarslott.se\/da\/besok-restaurang\/begravning-och-hogtider\/"]}]},{"@type":"ImageObject","inLanguage":"da-DK","@id":"https:\/\/kalmarslott.se\/da\/besok-restaurang\/begravning-och-hogtider\/#primaryimage","url":"https:\/\/kalmarslott.se\/wp-content\/uploads\/2024\/06\/slottsrestaurangen-43-scaled.jpg","contentUrl":"https:\/\/kalmarslott.se\/wp-content\/uploads\/2024\/06\/slottsrestaurangen-43-scaled.jpg","width":2560,"height":1707,"caption":"Slottsrestaurangen Kungstornet"},{"@type":"BreadcrumbList","@id":"https:\/\/kalmarslott.se\/da\/besok-restaurang\/begravning-och-hogtider\/#breadcrumb","itemListElement":[{"@type":"ListItem","position":1,"name":"Hem","item":"https:\/\/kalmarslott.se\/da\/"},{"@type":"ListItem","position":2,"name":"Restaurang","item":"https:\/\/kalmarslott.se\/da\/besok-restaurang\/"},{"@type":"ListItem","position":3,"name":"H\u00f6gtider"}]},{"@type":"WebSite","@id":"https:\/\/kalmarslott.se\/da\/#website","url":"https:\/\/kalmarslott.se\/da\/","name":"Kalmar Slott","description":"Ett riktigt slott","potentialAction":[{"@type":"SearchAction","target":{"@type":"EntryPoint","urlTemplate":"https:\/\/kalmarslott.se\/da\/?s={search_term_string}"},"query-input":{"@type":"PropertyValueSpecification","valueRequired":true,"valueName":"search_term_string"}}],"inLanguage":"da-DK"}]}},"_links":{"self":[{"href":"https:\/\/kalmarslott.se\/da\/wp-json\/wp\/v2\/pages\/8734","targetHints":{"allow":["GET"]}}],"collection":[{"href":"https:\/\/kalmarslott.se\/da\/wp-json\/wp\/v2\/pages"}],"about":[{"href":"https:\/\/kalmarslott.se\/da\/wp-json\/wp\/v2\/types\/page"}],"author":[{"embeddable":true,"href":"https:\/\/kalmarslott.se\/da\/wp-json\/wp\/v2\/users\/9"}],"replies":[{"embeddable":true,"href":"https:\/\/kalmarslott.se\/da\/wp-json\/wp\/v2\/comments?post=8734"}],"version-history":[{"count":4,"href":"https:\/\/kalmarslott.se\/da\/wp-json\/wp\/v2\/pages\/8734\/revisions"}],"predecessor-version":[{"id":8747,"href":"https:\/\/kalmarslott.se\/da\/wp-json\/wp\/v2\/pages\/8734\/revisions\/8747"}],"up":[{"embeddable":true,"href":"https:\/\/kalmarslott.se\/da\/wp-json\/wp\/v2\/pages\/458"}],"wp:featuredmedia":[{"embeddable":true,"href":"https:\/\/kalmarslott.se\/da\/wp-json\/wp\/v2\/media\/8738"}],"wp:attachment":[{"href":"https:\/\/kalmarslott.se\/da\/wp-json\/wp\/v2\/media?parent=8734"}],"curies":[{"name":"wp","href":"https:\/\/api.w.org\/{rel}","templated":true}]}}