{"id":464,"date":"2022-06-10T23:38:56","date_gmt":"2022-06-10T21:38:56","guid":{"rendered":"https:\/\/kalmarslott.se\/?page_id=464"},"modified":"2026-02-04T09:58:49","modified_gmt":"2026-02-04T07:58:49","slug":"brollopsfest","status":"publish","type":"page","link":"https:\/\/kalmarslott.se\/da\/besok-restaurang\/brollopsfest\/","title":{"rendered":"Br\u00f6llopsfest"},"content":{"rendered":"<h2><span style=\"font-weight: 400;\">Dr\u00f6mmer ni om att gifta er kungligt p\u00e5 ett riktigt slott?<\/span><\/h2>\n<p><span style=\"font-weight: 400;\">Med slottskyrkan r\u00e4tt \u00f6ver borgg\u00e5rden, vad blir mer naturligt \u00e4n att forts\u00e4tta firandet i samma storslagna anda i en kunglig milj\u00f6? Efter att ni har sagt Ja v\u00e4lkomnar Kalmar Slottsrestaurang er in i slottets historiska salar, f\u00f6r en s\u00e5v\u00e4l storslagen som intim och romantisk br\u00f6llopsfest.<\/span><\/p>\n<p><span style=\"font-weight: 400;\">Kalmar Slottsrestaurang drivs av v\u00e5ra kr\u00f6gare fr\u00e5n Postgatan. Genom detta samarbete f\u00f6rgyller vi Kalmar Slott med Postgatans erk\u00e4nda matgl\u00e4dje och service.<\/span><\/p>\n<h2><span style=\"font-weight: 400;\">Helhetsl\u00f6sning<\/span><\/h2>\n<p><span style=\"font-weight: 400;\">Kalmar Slottsrestaurang erbjuder en helhetsl\u00f6sning d\u00e4r lokal, mat, dryck och personal ing\u00e5r. \u00d6nskar ni underh\u00e5llning, guidning genom slottet eller andra alternativ \u00e4r detta n\u00e5got vi g\u00e4rna bist\u00e5r med.\u00a0Ni som brudpar st\u00e5r i centrum hela v\u00e4gen under planeringen d\u00e4r vi med expertis och personliga m\u00f6ten hj\u00e4lper er att f\u00f6rverkliga just era dr\u00f6mmar om den perfekta br\u00f6llopsfesten.<\/span><\/p>\n<h2><span style=\"font-weight: 400;\">Kuvertpris och inneh\u00e5ll att utg\u00e5 ifr\u00e5n<\/span><\/h2>\n<p><span style=\"font-weight: 400;\">En br\u00f6llopsfest hos oss inneb\u00e4r ett komplett arrangemang med lokal, dukning, br\u00f6llopsmiddag och personal under hela kv\u00e4llen.<\/span><\/p>\n<p><span style=\"font-weight: 400;\">Tv\u00e5 glas mousserande till brudsk\u00e5l<\/span><span style=\"font-weight: 400;\"><br \/>\n<\/span><span style=\"font-weight: 400;\">Tv\u00e5 sorters snittar till brudsk\u00e5l<\/span><span style=\"font-weight: 400;\"><br \/>\n<\/span><span style=\"font-weight: 400;\">Blomsterdekorationer till borden<\/span><span style=\"font-weight: 400;\"><br \/>\n<\/span><span style=\"font-weight: 400;\">Dukning med linneservetter och linnedukar<\/span><span style=\"font-weight: 400;\"><br \/>\n<\/span><span style=\"font-weight: 400;\">F\u00f6rr\u00e4tt med ett glas vin<\/span><span style=\"font-weight: 400;\"><br \/>\n<\/span><span style=\"font-weight: 400;\">Varmr\u00e4tt med tv\u00e5 glas vin<\/span><span style=\"font-weight: 400;\"><br \/>\n<\/span><span style=\"font-weight: 400;\">Dessert med ett glas dessertvin<\/span><span style=\"font-weight: 400;\"><br \/>\n<\/span><span style=\"font-weight: 400;\">Kaffe med 4 cl avec<\/span><span style=\"font-weight: 400;\"><br \/>\n<\/span><span style=\"font-weight: 400;\">Vickning p\u00e5 kv\u00e4llen<\/span><span style=\"font-weight: 400;\"><br \/>\n<\/span><span style=\"font-weight: 400;\">Personal under hela kv\u00e4llen<\/span><\/p>\n<p><b>Pris:<\/b><span style=\"font-weight: 400;\"> 1 695 kr<\/span><span style=\"font-weight: 400;\"><br \/>\n<\/span><b>Barn under 12 \u00e5r:<\/b><span style=\"font-weight: 400;\"> 850 kr<\/span><\/p>\n<h2>Lokalhyra<\/h2>\n<p>Lokalhyra tillkommer p\u00e5 8 000 kr.<\/p>\n<h2><span style=\"font-weight: 400;\">Skr\u00e4ddarsy ert br\u00f6llop<\/span><\/h2>\n<p><span style=\"font-weight: 400;\">Vi kan \u00e4ven erbjuda bland annat:<\/span><\/p>\n<p><span style=\"font-weight: 400;\">Provsmakning av br\u00f6llopsmenyn, med eller utan vinpaketet<\/span><span style=\"font-weight: 400;\"><br \/>\n<\/span><span style=\"font-weight: 400;\">Teknisk utrustning som h\u00f6gtalare, mikrofon, projektor, ljud och ljus\u00a0<\/span><span style=\"font-weight: 400;\"><br \/>\n<\/span><span style=\"font-weight: 400;\">Br\u00f6llopst\u00e5rta<\/span><span style=\"font-weight: 400;\"><br \/>\n<\/span><span style=\"font-weight: 400;\">Blomsterarrangemang och \u00f6vrig utsmyckning av lokalerna<\/span><\/p>\n<h2><span style=\"font-weight: 400;\">F\u00f6r mer information:<\/span><\/h2>\n<p><span style=\"font-weight: 400;\">Ni \u00e4r varmt v\u00e4lkomna att kontakta oss p\u00e5 e-post: <a href=\"mailto:slottsrestaurangen@postgatan.nu\">slottsrestaurangen@postgatan.nu<\/a><\/span><\/p>\n<p><span style=\"font-weight: 400;\">Br\u00f6llopsmiddag p\u00e5 slottet bokas p\u00e5 telefon 010-357 05 35 eller via <\/span><a href=\"mailto:kalmarslott@kalmar.com\"><span style=\"font-weight: 400;\">kalmarslott@kalmar.com<\/span><\/a><span style=\"font-weight: 400;\">.<\/span><\/p>\n<p><span style=\"font-weight: 400;\">Slottskyrkan bokas via Svenska Kyrkan i Kalmar p\u00e5 0480-42 14 00.<\/span><\/p>\n<p><img loading=\"lazy\" decoding=\"async\" class=\"alignnone wp-image-622 size-large\" src=\"https:\/\/kalmarslott.se\/wp-content\/uploads\/2022\/06\/restaurangbrollopsfestbrudpardansar-scaled-e1655716971957-993x1024.jpg\" alt=\"\" width=\"993\" height=\"1024\" \/><\/p>\n","protected":false},"excerpt":{"rendered":"<p>Dr\u00f6mmer ni om att gifta er kungligt p\u00e5 ett riktigt slott? Med slottskyrkan r\u00e4tt \u00f6ver borgg\u00e5rden, vad blir mer naturligt \u00e4n att forts\u00e4tta firandet i samma storslagna anda i en kunglig milj\u00f6? Efter att ni har sagt Ja v\u00e4lkomnar Kalmar Slottsrestaurang er in i slottets historiska salar, f\u00f6r en s\u00e5v\u00e4l storslagen som intim och romantisk [&hellip;]<\/p>\n","protected":false},"author":1,"featured_media":13195,"parent":458,"menu_order":0,"comment_status":"closed","ping_status":"closed","template":"","meta":{"_acf_changed":false,"footnotes":""},"class_list":["post-464","page","type-page","status-publish","has-post-thumbnail","hentry"],"acf":[],"yoast_head":"<!-- This site is optimized with the Yoast SEO plugin v27.3 - https:\/\/yoast.com\/product\/yoast-seo-wordpress\/ -->\n<title>Br\u00f6llopsfest - Kalmar Slott<\/title>\n<meta name=\"robots\" content=\"index, follow, max-snippet:-1, max-image-preview:large, max-video-preview:-1\" \/>\n<link rel=\"canonical\" href=\"https:\/\/kalmarslott.se\/da\/besok-restaurang\/brollopsfest\/\" \/>\n<meta property=\"og:locale\" content=\"da_DK\" \/>\n<meta property=\"og:type\" content=\"article\" \/>\n<meta property=\"og:title\" content=\"Br\u00f6llopsfest - Kalmar Slott\" \/>\n<meta property=\"og:description\" content=\"Dr\u00f6mmer ni om att gifta er kungligt p\u00e5 ett riktigt slott? Med slottskyrkan r\u00e4tt \u00f6ver borgg\u00e5rden, vad blir mer naturligt \u00e4n att forts\u00e4tta firandet i samma storslagna anda i en kunglig milj\u00f6? Efter att ni har sagt Ja v\u00e4lkomnar Kalmar Slottsrestaurang er in i slottets historiska salar, f\u00f6r en s\u00e5v\u00e4l storslagen som intim och romantisk [&hellip;]\" \/>\n<meta property=\"og:url\" content=\"https:\/\/kalmarslott.se\/da\/besok-restaurang\/brollopsfest\/\" \/>\n<meta property=\"og:site_name\" content=\"Kalmar Slott\" \/>\n<meta property=\"article:modified_time\" content=\"2026-02-04T07:58:49+00:00\" \/>\n<meta property=\"og:image\" content=\"https:\/\/kalmarslott.se\/wp-content\/uploads\/2026\/02\/20211112humlesolkskonferens1706-scaled.jpg\" \/>\n\t<meta property=\"og:image:width\" content=\"2560\" \/>\n\t<meta property=\"og:image:height\" content=\"1707\" \/>\n\t<meta property=\"og:image:type\" content=\"image\/jpeg\" \/>\n<meta name=\"twitter:card\" content=\"summary_large_image\" \/>\n<meta name=\"twitter:label1\" content=\"Estimeret l\u00e6setid\" \/>\n\t<meta name=\"twitter:data1\" content=\"2 minutter\" \/>\n<script type=\"application\/ld+json\" class=\"yoast-schema-graph\">{\"@context\":\"https:\\\/\\\/schema.org\",\"@graph\":[{\"@type\":\"WebPage\",\"@id\":\"https:\\\/\\\/kalmarslott.se\\\/da\\\/besok-restaurang\\\/brollopsfest\\\/\",\"url\":\"https:\\\/\\\/kalmarslott.se\\\/da\\\/besok-restaurang\\\/brollopsfest\\\/\",\"name\":\"Br\u00f6llopsfest - Kalmar Slott\",\"isPartOf\":{\"@id\":\"https:\\\/\\\/kalmarslott.se\\\/da\\\/#website\"},\"primaryImageOfPage\":{\"@id\":\"https:\\\/\\\/kalmarslott.se\\\/da\\\/besok-restaurang\\\/brollopsfest\\\/#primaryimage\"},\"image\":{\"@id\":\"https:\\\/\\\/kalmarslott.se\\\/da\\\/besok-restaurang\\\/brollopsfest\\\/#primaryimage\"},\"thumbnailUrl\":\"https:\\\/\\\/kalmarslott.se\\\/wp-content\\\/uploads\\\/2026\\\/02\\\/20211112humlesolkskonferens1706-scaled.jpg\",\"datePublished\":\"2022-06-10T21:38:56+00:00\",\"dateModified\":\"2026-02-04T07:58:49+00:00\",\"breadcrumb\":{\"@id\":\"https:\\\/\\\/kalmarslott.se\\\/da\\\/besok-restaurang\\\/brollopsfest\\\/#breadcrumb\"},\"inLanguage\":\"da-DK\",\"potentialAction\":[{\"@type\":\"ReadAction\",\"target\":[\"https:\\\/\\\/kalmarslott.se\\\/da\\\/besok-restaurang\\\/brollopsfest\\\/\"]}]},{\"@type\":\"ImageObject\",\"inLanguage\":\"da-DK\",\"@id\":\"https:\\\/\\\/kalmarslott.se\\\/da\\\/besok-restaurang\\\/brollopsfest\\\/#primaryimage\",\"url\":\"https:\\\/\\\/kalmarslott.se\\\/wp-content\\\/uploads\\\/2026\\\/02\\\/20211112humlesolkskonferens1706-scaled.jpg\",\"contentUrl\":\"https:\\\/\\\/kalmarslott.se\\\/wp-content\\\/uploads\\\/2026\\\/02\\\/20211112humlesolkskonferens1706-scaled.jpg\",\"width\":2560,\"height\":1707,\"caption\":\"Adam Humlesol\"},{\"@type\":\"BreadcrumbList\",\"@id\":\"https:\\\/\\\/kalmarslott.se\\\/da\\\/besok-restaurang\\\/brollopsfest\\\/#breadcrumb\",\"itemListElement\":[{\"@type\":\"ListItem\",\"position\":1,\"name\":\"Hem\",\"item\":\"https:\\\/\\\/kalmarslott.se\\\/da\\\/\"},{\"@type\":\"ListItem\",\"position\":2,\"name\":\"Restaurang\",\"item\":\"https:\\\/\\\/kalmarslott.se\\\/da\\\/besok-restaurang\\\/\"},{\"@type\":\"ListItem\",\"position\":3,\"name\":\"Br\u00f6llopsfest\"}]},{\"@type\":\"WebSite\",\"@id\":\"https:\\\/\\\/kalmarslott.se\\\/da\\\/#website\",\"url\":\"https:\\\/\\\/kalmarslott.se\\\/da\\\/\",\"name\":\"Kalmar Slott\",\"description\":\"Ett riktigt slott\",\"potentialAction\":[{\"@type\":\"SearchAction\",\"target\":{\"@type\":\"EntryPoint\",\"urlTemplate\":\"https:\\\/\\\/kalmarslott.se\\\/da\\\/?s={search_term_string}\"},\"query-input\":{\"@type\":\"PropertyValueSpecification\",\"valueRequired\":true,\"valueName\":\"search_term_string\"}}],\"inLanguage\":\"da-DK\"}]}<\/script>\n<!-- \/ Yoast SEO plugin. -->","yoast_head_json":{"title":"Br\u00f6llopsfest - Kalmar Slott","robots":{"index":"index","follow":"follow","max-snippet":"max-snippet:-1","max-image-preview":"max-image-preview:large","max-video-preview":"max-video-preview:-1"},"canonical":"https:\/\/kalmarslott.se\/da\/besok-restaurang\/brollopsfest\/","og_locale":"da_DK","og_type":"article","og_title":"Br\u00f6llopsfest - Kalmar Slott","og_description":"Dr\u00f6mmer ni om att gifta er kungligt p\u00e5 ett riktigt slott? Med slottskyrkan r\u00e4tt \u00f6ver borgg\u00e5rden, vad blir mer naturligt \u00e4n att forts\u00e4tta firandet i samma storslagna anda i en kunglig milj\u00f6? Efter att ni har sagt Ja v\u00e4lkomnar Kalmar Slottsrestaurang er in i slottets historiska salar, f\u00f6r en s\u00e5v\u00e4l storslagen som intim och romantisk [&hellip;]","og_url":"https:\/\/kalmarslott.se\/da\/besok-restaurang\/brollopsfest\/","og_site_name":"Kalmar Slott","article_modified_time":"2026-02-04T07:58:49+00:00","og_image":[{"width":2560,"height":1707,"url":"https:\/\/kalmarslott.se\/wp-content\/uploads\/2026\/02\/20211112humlesolkskonferens1706-scaled.jpg","type":"image\/jpeg"}],"twitter_card":"summary_large_image","twitter_misc":{"Estimeret l\u00e6setid":"2 minutter"},"schema":{"@context":"https:\/\/schema.org","@graph":[{"@type":"WebPage","@id":"https:\/\/kalmarslott.se\/da\/besok-restaurang\/brollopsfest\/","url":"https:\/\/kalmarslott.se\/da\/besok-restaurang\/brollopsfest\/","name":"Br\u00f6llopsfest - Kalmar Slott","isPartOf":{"@id":"https:\/\/kalmarslott.se\/da\/#website"},"primaryImageOfPage":{"@id":"https:\/\/kalmarslott.se\/da\/besok-restaurang\/brollopsfest\/#primaryimage"},"image":{"@id":"https:\/\/kalmarslott.se\/da\/besok-restaurang\/brollopsfest\/#primaryimage"},"thumbnailUrl":"https:\/\/kalmarslott.se\/wp-content\/uploads\/2026\/02\/20211112humlesolkskonferens1706-scaled.jpg","datePublished":"2022-06-10T21:38:56+00:00","dateModified":"2026-02-04T07:58:49+00:00","breadcrumb":{"@id":"https:\/\/kalmarslott.se\/da\/besok-restaurang\/brollopsfest\/#breadcrumb"},"inLanguage":"da-DK","potentialAction":[{"@type":"ReadAction","target":["https:\/\/kalmarslott.se\/da\/besok-restaurang\/brollopsfest\/"]}]},{"@type":"ImageObject","inLanguage":"da-DK","@id":"https:\/\/kalmarslott.se\/da\/besok-restaurang\/brollopsfest\/#primaryimage","url":"https:\/\/kalmarslott.se\/wp-content\/uploads\/2026\/02\/20211112humlesolkskonferens1706-scaled.jpg","contentUrl":"https:\/\/kalmarslott.se\/wp-content\/uploads\/2026\/02\/20211112humlesolkskonferens1706-scaled.jpg","width":2560,"height":1707,"caption":"Adam Humlesol"},{"@type":"BreadcrumbList","@id":"https:\/\/kalmarslott.se\/da\/besok-restaurang\/brollopsfest\/#breadcrumb","itemListElement":[{"@type":"ListItem","position":1,"name":"Hem","item":"https:\/\/kalmarslott.se\/da\/"},{"@type":"ListItem","position":2,"name":"Restaurang","item":"https:\/\/kalmarslott.se\/da\/besok-restaurang\/"},{"@type":"ListItem","position":3,"name":"Br\u00f6llopsfest"}]},{"@type":"WebSite","@id":"https:\/\/kalmarslott.se\/da\/#website","url":"https:\/\/kalmarslott.se\/da\/","name":"Kalmar Slott","description":"Ett riktigt slott","potentialAction":[{"@type":"SearchAction","target":{"@type":"EntryPoint","urlTemplate":"https:\/\/kalmarslott.se\/da\/?s={search_term_string}"},"query-input":{"@type":"PropertyValueSpecification","valueRequired":true,"valueName":"search_term_string"}}],"inLanguage":"da-DK"}]}},"_links":{"self":[{"href":"https:\/\/kalmarslott.se\/da\/wp-json\/wp\/v2\/pages\/464","targetHints":{"allow":["GET"]}}],"collection":[{"href":"https:\/\/kalmarslott.se\/da\/wp-json\/wp\/v2\/pages"}],"about":[{"href":"https:\/\/kalmarslott.se\/da\/wp-json\/wp\/v2\/types\/page"}],"author":[{"embeddable":true,"href":"https:\/\/kalmarslott.se\/da\/wp-json\/wp\/v2\/users\/1"}],"replies":[{"embeddable":true,"href":"https:\/\/kalmarslott.se\/da\/wp-json\/wp\/v2\/comments?post=464"}],"version-history":[{"count":27,"href":"https:\/\/kalmarslott.se\/da\/wp-json\/wp\/v2\/pages\/464\/revisions"}],"predecessor-version":[{"id":13199,"href":"https:\/\/kalmarslott.se\/da\/wp-json\/wp\/v2\/pages\/464\/revisions\/13199"}],"up":[{"embeddable":true,"href":"https:\/\/kalmarslott.se\/da\/wp-json\/wp\/v2\/pages\/458"}],"wp:featuredmedia":[{"embeddable":true,"href":"https:\/\/kalmarslott.se\/da\/wp-json\/wp\/v2\/media\/13195"}],"wp:attachment":[{"href":"https:\/\/kalmarslott.se\/da\/wp-json\/wp\/v2\/media?parent=464"}],"curies":[{"name":"wp","href":"https:\/\/api.w.org\/{rel}","templated":true}]}}