{"id":447,"date":"2022-06-10T23:33:35","date_gmt":"2022-06-10T21:33:35","guid":{"rendered":"https:\/\/kalmarslott.se\/?page_id=447"},"modified":"2022-09-07T10:37:48","modified_gmt":"2022-09-07T08:37:48","slug":"recensioner","status":"publish","type":"page","link":"https:\/\/kalmarslott.se\/da\/infor-besoket\/recensioner\/","title":{"rendered":"Recensioner"},"content":{"rendered":"<p>Det h\u00e4nder att n\u00f6jda bes\u00f6kare skickar oss en h\u00e4lsning. H\u00e4r har vi samlat n\u00e5gra av dem.<\/p>\n<figure>\n<blockquote cite=\"https:\/\/www.tripadvisor.se\/ShowUserReviews-g189848-d319158-r837618045-Kalmar_Castle-Kalmar_Kalmar_County.html\"><p>&#8220;Fantastiskt fint slott och mycket intressant att titta p\u00e5! F\u00f6r ett litet intr\u00e4de f\u00e5r man g\u00e5 in i slottet f\u00f6r att f\u00e5 en resa tillbaka i tiden, helt magiskt. Gick d\u00e4r inne i ca 2 timmar men hade nog kunnat g\u00e5 d\u00e4r inne i evigheter!&#8221;<\/blockquote><figcaption>\u2014 Rebbe, <cite><cite>TripAdvisor, maj 2022<\/cite><\/cite>\u00a0<\/figcaption><\/figure>\n<figure>\n<blockquote cite=\"https:\/\/www.tripadvisor.se\/ShowUserReviews-g189848-d319158-r804250934-Kalmar_Castle-Kalmar_Kalmar_County.html\"><p>&#8220;Ett trevligt slott med gedigen historia och personal som v\u00e5gar agera och delge detta till bes\u00f6karna. Gillade att bli bem\u00f6tt med gl\u00e4dje och historieber\u00e4ttande samt tips p\u00e5 g\u00f6mda skatter fr\u00e5n personalen.&#8221;<\/blockquote><figcaption>\u2014 Magnus, <cite><cite>TripAdvisor, augusti 2021<\/cite><\/cite>\u00a0<\/figcaption><\/figure>\n<figure>\n<blockquote><p>&#8220;Sol sken upp och v\u00e4rmde gott, verkligheten och kylan i slottet p\u00e5minde hur sv\u00e5rt det kan ha varit att h\u00e5lla en bra temperatur i detta vackra slott. V\u00e4ldigt \u00f6ppet och mycket ytor att bes\u00f6ka samt dr\u00f6mma sig in i, v\u00e4rt ett bes\u00f6k inomhus. Om inte s\u00e5 varf\u00f6r inte sitta p\u00e5 muren eller parken och avnjuta vyn med lite go fika eller picknick.&#8221;<\/blockquote><figcaption>\u2014 Claudio, <cite><cite>Google, mars 2022<\/cite><\/cite>\u00a0<\/figcaption><\/figure>\n<figure>\n<blockquote><p>&#8220;Det \u00e4r v\u00e4ldigt m\u00e4ktigt att vandra runt p\u00e5 slottet, b\u00e5de inomhus och uppe p\u00e5 dess murar. Ofta finns dessutom n\u00e5gon sp\u00e4nnande utst\u00e4llning att ta del av samt guidade turer. F\u00f6r den som blir sugen p\u00e5 n\u00e5got gott finns dessutom den utm\u00e4rkta restaurangen.&#8221;<\/blockquote><figcaption>\u2014 Stefan, <cite>Google, november 2021<\/cite><\/figcaption><\/figure>\n<p>&nbsp;<\/p>\n<p>L\u00e4s fler recensioner p\u00e5 <a href=\"https:\/\/www.tripadvisor.se\/Attraction_Review-g189848-d319158-Reviews-or20-Kalmar_Castle-Kalmar_Kalmar_County.html\" target=\"_blank\" rel=\"noopener\">TripAdvisor<\/a> samt p\u00e5 <a href=\"https:\/\/www.google.se\/search?q=kalmar+slott&amp;source=hp&amp;ei=3U6XYv2mEteTxc8PxqqwuAY&amp;iflsig=AJiK0e8AAAAAYpdc7W-fGf53PPe6Di1LS7M5gBM_VJv9&amp;ved=0ahUKEwi9iYG5lIz4AhXXSfEDHUYVDGcQ4dUDCAc&amp;uact=5&amp;oq=kalmar+slott&amp;gs_lcp=Cgdnd3Mtd2l6EAMyEQguEIAEELEDEIMBEMcBEK8BMgsILhCABBDHARCvATILCC4QgAQQxwEQrwEyBQgAEIAEMgUIABCABDIFCAAQgAQyBQgAEIAEMgUIABCABDIFCAAQgAQyBQgAEIAEOgsILhCABBDHARDRAzoOCC4QgAQQsQMQxwEQrwE6CwgAEIAEELEDEIMBOgUILhCABDoRCC4QgAQQsQMQgwEQxwEQ0QM6DgguELEDEIMBEMcBEKMCOhEILhCABBCxAxCDARDHARCjAjoICC4QgAQQ1AI6DgguEIAEELEDEIMBENQCOggIABCABBCxAzoUCC4QgAQQsQMQgwEQxwEQrwEQ1AI6DQguEIAEEMcBEK8BEAo6DgguEIAEEMcBEK8BENQCUKUGWLIPYLkQaAFwAHgAgAFYiAGcB5IBAjEymAEAoAEBsAEA&amp;sclient=gws-wiz\" target=\"_blank\" rel=\"noopener\">Google<\/a>.<\/p>\n<p>H\u00e4r har vi samlat n\u00e5gra av de h\u00e4lsningar n\u00f6jda kunder har skickat till oss.<\/p>\n<figure>\n<blockquote><p>&#8220;Allt var fantastiskt. Trevlig milj\u00f6 och inte minst maten som var bland det b\u00e4st jag n\u00e5gonsin \u00e4tit. V\u00e5ra flygkollegor var lyriska \u00f6ver hela uppl\u00e4gget och att f\u00e5 s\u00e5 bra mat i slottsmilj\u00f6 kommer de komma ih\u00e5g f\u00f6r all framtid.&#8221;<\/blockquote><figcaption>\u2014 Ronny Lindberg, Kalmar Airport<\/figcaption><\/figure>\n<figure>\n<blockquote><p>&#8220;Tusind tak for en fantastisk dag. I har virkelig haft held til at virkeligg\u00f8re historien p\u00e5 en m\u00e5de, som fanger b\u00f8rnene ind og f\u00e5r dem til at blive begejstret for den historiske baggrund for hvordan vores samfund ser ud i dag. Det har v\u00e6ret en fantastisk dag, som vi igen og igen vil kunne vende tilbage til og snakke om med stor gl\u00e6de og begejstring. TUSIND TAK!&#8221;<\/blockquote><figcaption>\u2014 Henning Fuglsang S\u00f8rensen, Danmark<\/figcaption><\/figure>\n<figure>\n<blockquote><p>&#8220;Ett stort TACK fr\u00e5n oss p\u00e5 Global Invest, vi \u00e4r j\u00e4tten\u00f6jda med arrangemanget i g\u00e5r kv\u00e4ll hos er p\u00e5 Kalmar Slott. Kv\u00e4llen blev v\u00e4ldigt lyckad, h\u00e4rliga lokaler, god mat, guide, personalen och servicen var toppen.&#8221;<\/blockquote><figcaption>\u2014 Lisa Harrysson, Global Invest<\/figcaption><\/figure>\n","protected":false},"excerpt":{"rendered":"<p>Det h\u00e4nder att n\u00f6jda bes\u00f6kare skickar oss en h\u00e4lsning. H\u00e4r har vi samlat n\u00e5gra av dem. &#8220;Fantastiskt fint slott och mycket intressant att titta p\u00e5! F\u00f6r ett litet intr\u00e4de f\u00e5r man g\u00e5 in i slottet f\u00f6r att f\u00e5 en resa tillbaka i tiden, helt magiskt. Gick d\u00e4r inne i ca 2 timmar men hade nog [&hellip;]<\/p>\n","protected":false},"author":1,"featured_media":732,"parent":434,"menu_order":0,"comment_status":"closed","ping_status":"closed","template":"","meta":{"_acf_changed":false,"footnotes":""},"class_list":["post-447","page","type-page","status-publish","has-post-thumbnail","hentry"],"acf":[],"yoast_head":"<!-- This site is optimized with the Yoast SEO plugin v27.5 - https:\/\/yoast.com\/product\/yoast-seo-wordpress\/ -->\n<title>Recensioner - Kalmar Slott<\/title>\n<meta name=\"robots\" content=\"index, follow, max-snippet:-1, max-image-preview:large, max-video-preview:-1\" \/>\n<link rel=\"canonical\" href=\"https:\/\/kalmarslott.se\/da\/infor-besoket\/recensioner\/\" \/>\n<meta property=\"og:locale\" content=\"da_DK\" \/>\n<meta property=\"og:type\" content=\"article\" \/>\n<meta property=\"og:title\" content=\"Recensioner - Kalmar Slott\" \/>\n<meta property=\"og:description\" content=\"Det h\u00e4nder att n\u00f6jda bes\u00f6kare skickar oss en h\u00e4lsning. H\u00e4r har vi samlat n\u00e5gra av dem. &#8220;Fantastiskt fint slott och mycket intressant att titta p\u00e5! F\u00f6r ett litet intr\u00e4de f\u00e5r man g\u00e5 in i slottet f\u00f6r att f\u00e5 en resa tillbaka i tiden, helt magiskt. Gick d\u00e4r inne i ca 2 timmar men hade nog [&hellip;]\" \/>\n<meta property=\"og:url\" content=\"https:\/\/kalmarslott.se\/da\/infor-besoket\/recensioner\/\" \/>\n<meta property=\"og:site_name\" content=\"Kalmar Slott\" \/>\n<meta property=\"article:modified_time\" content=\"2022-09-07T08:37:48+00:00\" \/>\n<meta property=\"og:image\" content=\"https:\/\/kalmarslott.se\/wp-content\/uploads\/2022\/06\/recensioner-scaled.jpg\" \/>\n\t<meta property=\"og:image:width\" content=\"2560\" \/>\n\t<meta property=\"og:image:height\" content=\"1707\" \/>\n\t<meta property=\"og:image:type\" content=\"image\/jpeg\" \/>\n<meta name=\"twitter:card\" content=\"summary_large_image\" \/>\n<meta name=\"twitter:label1\" content=\"Estimeret l\u00e6setid\" \/>\n\t<meta name=\"twitter:data1\" content=\"2 minutter\" \/>\n<script type=\"application\/ld+json\" class=\"yoast-schema-graph\">{\"@context\":\"https:\\\/\\\/schema.org\",\"@graph\":[{\"@type\":\"WebPage\",\"@id\":\"https:\\\/\\\/kalmarslott.se\\\/da\\\/infor-besoket\\\/recensioner\\\/\",\"url\":\"https:\\\/\\\/kalmarslott.se\\\/da\\\/infor-besoket\\\/recensioner\\\/\",\"name\":\"Recensioner - Kalmar Slott\",\"isPartOf\":{\"@id\":\"https:\\\/\\\/kalmarslott.se\\\/da\\\/#website\"},\"primaryImageOfPage\":{\"@id\":\"https:\\\/\\\/kalmarslott.se\\\/da\\\/infor-besoket\\\/recensioner\\\/#primaryimage\"},\"image\":{\"@id\":\"https:\\\/\\\/kalmarslott.se\\\/da\\\/infor-besoket\\\/recensioner\\\/#primaryimage\"},\"thumbnailUrl\":\"https:\\\/\\\/kalmarslott.se\\\/wp-content\\\/uploads\\\/2022\\\/06\\\/recensioner-scaled.jpg\",\"datePublished\":\"2022-06-10T21:33:35+00:00\",\"dateModified\":\"2022-09-07T08:37:48+00:00\",\"breadcrumb\":{\"@id\":\"https:\\\/\\\/kalmarslott.se\\\/da\\\/infor-besoket\\\/recensioner\\\/#breadcrumb\"},\"inLanguage\":\"da-DK\",\"potentialAction\":[{\"@type\":\"ReadAction\",\"target\":[\"https:\\\/\\\/kalmarslott.se\\\/da\\\/infor-besoket\\\/recensioner\\\/\"]}]},{\"@type\":\"ImageObject\",\"inLanguage\":\"da-DK\",\"@id\":\"https:\\\/\\\/kalmarslott.se\\\/da\\\/infor-besoket\\\/recensioner\\\/#primaryimage\",\"url\":\"https:\\\/\\\/kalmarslott.se\\\/wp-content\\\/uploads\\\/2022\\\/06\\\/recensioner-scaled.jpg\",\"contentUrl\":\"https:\\\/\\\/kalmarslott.se\\\/wp-content\\\/uploads\\\/2022\\\/06\\\/recensioner-scaled.jpg\",\"width\":2560,\"height\":1707,\"caption\":\"Recensioner\"},{\"@type\":\"BreadcrumbList\",\"@id\":\"https:\\\/\\\/kalmarslott.se\\\/da\\\/infor-besoket\\\/recensioner\\\/#breadcrumb\",\"itemListElement\":[{\"@type\":\"ListItem\",\"position\":1,\"name\":\"Hem\",\"item\":\"https:\\\/\\\/kalmarslott.se\\\/da\\\/\"},{\"@type\":\"ListItem\",\"position\":2,\"name\":\"Inf\u00f6r bes\u00f6ket\",\"item\":\"https:\\\/\\\/kalmarslott.se\\\/da\\\/infor-besoket\\\/\"},{\"@type\":\"ListItem\",\"position\":3,\"name\":\"Recensioner\"}]},{\"@type\":\"WebSite\",\"@id\":\"https:\\\/\\\/kalmarslott.se\\\/da\\\/#website\",\"url\":\"https:\\\/\\\/kalmarslott.se\\\/da\\\/\",\"name\":\"Kalmar Slott\",\"description\":\"Ett riktigt slott\",\"potentialAction\":[{\"@type\":\"SearchAction\",\"target\":{\"@type\":\"EntryPoint\",\"urlTemplate\":\"https:\\\/\\\/kalmarslott.se\\\/da\\\/?s={search_term_string}\"},\"query-input\":{\"@type\":\"PropertyValueSpecification\",\"valueRequired\":true,\"valueName\":\"search_term_string\"}}],\"inLanguage\":\"da-DK\"}]}<\/script>\n<!-- \/ Yoast SEO plugin. -->","yoast_head_json":{"title":"Recensioner - Kalmar Slott","robots":{"index":"index","follow":"follow","max-snippet":"max-snippet:-1","max-image-preview":"max-image-preview:large","max-video-preview":"max-video-preview:-1"},"canonical":"https:\/\/kalmarslott.se\/da\/infor-besoket\/recensioner\/","og_locale":"da_DK","og_type":"article","og_title":"Recensioner - Kalmar Slott","og_description":"Det h\u00e4nder att n\u00f6jda bes\u00f6kare skickar oss en h\u00e4lsning. H\u00e4r har vi samlat n\u00e5gra av dem. &#8220;Fantastiskt fint slott och mycket intressant att titta p\u00e5! F\u00f6r ett litet intr\u00e4de f\u00e5r man g\u00e5 in i slottet f\u00f6r att f\u00e5 en resa tillbaka i tiden, helt magiskt. Gick d\u00e4r inne i ca 2 timmar men hade nog [&hellip;]","og_url":"https:\/\/kalmarslott.se\/da\/infor-besoket\/recensioner\/","og_site_name":"Kalmar Slott","article_modified_time":"2022-09-07T08:37:48+00:00","og_image":[{"width":2560,"height":1707,"url":"https:\/\/kalmarslott.se\/wp-content\/uploads\/2022\/06\/recensioner-scaled.jpg","type":"image\/jpeg"}],"twitter_card":"summary_large_image","twitter_misc":{"Estimeret l\u00e6setid":"2 minutter"},"schema":{"@context":"https:\/\/schema.org","@graph":[{"@type":"WebPage","@id":"https:\/\/kalmarslott.se\/da\/infor-besoket\/recensioner\/","url":"https:\/\/kalmarslott.se\/da\/infor-besoket\/recensioner\/","name":"Recensioner - Kalmar Slott","isPartOf":{"@id":"https:\/\/kalmarslott.se\/da\/#website"},"primaryImageOfPage":{"@id":"https:\/\/kalmarslott.se\/da\/infor-besoket\/recensioner\/#primaryimage"},"image":{"@id":"https:\/\/kalmarslott.se\/da\/infor-besoket\/recensioner\/#primaryimage"},"thumbnailUrl":"https:\/\/kalmarslott.se\/wp-content\/uploads\/2022\/06\/recensioner-scaled.jpg","datePublished":"2022-06-10T21:33:35+00:00","dateModified":"2022-09-07T08:37:48+00:00","breadcrumb":{"@id":"https:\/\/kalmarslott.se\/da\/infor-besoket\/recensioner\/#breadcrumb"},"inLanguage":"da-DK","potentialAction":[{"@type":"ReadAction","target":["https:\/\/kalmarslott.se\/da\/infor-besoket\/recensioner\/"]}]},{"@type":"ImageObject","inLanguage":"da-DK","@id":"https:\/\/kalmarslott.se\/da\/infor-besoket\/recensioner\/#primaryimage","url":"https:\/\/kalmarslott.se\/wp-content\/uploads\/2022\/06\/recensioner-scaled.jpg","contentUrl":"https:\/\/kalmarslott.se\/wp-content\/uploads\/2022\/06\/recensioner-scaled.jpg","width":2560,"height":1707,"caption":"Recensioner"},{"@type":"BreadcrumbList","@id":"https:\/\/kalmarslott.se\/da\/infor-besoket\/recensioner\/#breadcrumb","itemListElement":[{"@type":"ListItem","position":1,"name":"Hem","item":"https:\/\/kalmarslott.se\/da\/"},{"@type":"ListItem","position":2,"name":"Inf\u00f6r bes\u00f6ket","item":"https:\/\/kalmarslott.se\/da\/infor-besoket\/"},{"@type":"ListItem","position":3,"name":"Recensioner"}]},{"@type":"WebSite","@id":"https:\/\/kalmarslott.se\/da\/#website","url":"https:\/\/kalmarslott.se\/da\/","name":"Kalmar Slott","description":"Ett riktigt slott","potentialAction":[{"@type":"SearchAction","target":{"@type":"EntryPoint","urlTemplate":"https:\/\/kalmarslott.se\/da\/?s={search_term_string}"},"query-input":{"@type":"PropertyValueSpecification","valueRequired":true,"valueName":"search_term_string"}}],"inLanguage":"da-DK"}]}},"_links":{"self":[{"href":"https:\/\/kalmarslott.se\/da\/wp-json\/wp\/v2\/pages\/447","targetHints":{"allow":["GET"]}}],"collection":[{"href":"https:\/\/kalmarslott.se\/da\/wp-json\/wp\/v2\/pages"}],"about":[{"href":"https:\/\/kalmarslott.se\/da\/wp-json\/wp\/v2\/types\/page"}],"author":[{"embeddable":true,"href":"https:\/\/kalmarslott.se\/da\/wp-json\/wp\/v2\/users\/1"}],"replies":[{"embeddable":true,"href":"https:\/\/kalmarslott.se\/da\/wp-json\/wp\/v2\/comments?post=447"}],"version-history":[{"count":12,"href":"https:\/\/kalmarslott.se\/da\/wp-json\/wp\/v2\/pages\/447\/revisions"}],"predecessor-version":[{"id":4162,"href":"https:\/\/kalmarslott.se\/da\/wp-json\/wp\/v2\/pages\/447\/revisions\/4162"}],"up":[{"embeddable":true,"href":"https:\/\/kalmarslott.se\/da\/wp-json\/wp\/v2\/pages\/434"}],"wp:featuredmedia":[{"embeddable":true,"href":"https:\/\/kalmarslott.se\/da\/wp-json\/wp\/v2\/media\/732"}],"wp:attachment":[{"href":"https:\/\/kalmarslott.se\/da\/wp-json\/wp\/v2\/media?parent=447"}],"curies":[{"name":"wp","href":"https:\/\/api.w.org\/{rel}","templated":true}]}}