{"id":2752,"date":"2022-06-23T13:16:21","date_gmt":"2022-06-23T11:16:21","guid":{"rendered":"https:\/\/kalmarslott.se\/?page_id=2752"},"modified":"2025-06-23T11:18:24","modified_gmt":"2025-06-23T09:18:24","slug":"petits-aventyr","status":"publish","type":"page","link":"https:\/\/kalmarslott.se\/da\/se-gora\/barn\/petits-aventyr\/","title":{"rendered":"Petits \u00e4ventyr"},"content":{"rendered":"<p><strong>F\u00f6lj med slottsmusen Petit och sp\u00f6kkatten R\u00f6dben p\u00e5 \u00e4ventyr genom Kalmar Slott.<\/strong><\/p>\n<p>I sago\u00e4ventyret f\u00e5r barnen bekanta sig med slottsmusen Petit som varit ute p\u00e5 \u00e4ventyr f\u00f6r att f\u00f6rs\u00f6ka uppfylla sin dr\u00f6m om att bli riddare. Ber\u00e4ttelsen handlar om Petits riddar\u00e4ventyr och om hur musen, tillsammans med sp\u00f6kkatten R\u00f6dben f\u00f6rs\u00f6ker hitta hem p\u00e5 det stora slottet. Sagan utspelar sig runt om p\u00e5 Kalmar Slott d\u00e4r barnen via audiostationer f\u00e5r f\u00f6lja med i ber\u00e4ttelsen. Varje station inneh\u00e5ller ocks\u00e5 en uppgift som barnen f\u00e5r l\u00f6sa. H\u00e4r beh\u00f6ver man anv\u00e4nda sig av b\u00e5de smak, syn, doft, k\u00e4nsel och h\u00f6rsel f\u00f6r att klara uppgiften.<\/p>\n<p>\u00c4ventyret \u00e4r riktat f\u00f6r barn fr\u00e5n 6 \u00e5r.<\/p>\n<p><em>Obs! Petits \u00e4ventyr \u00e4r ej tillg\u00e4nglig under perioden 23 juni &#8211; 10 augusti (under <a href=\"https:\/\/kalmarslott.se\/se-gora\/barnens-slott\/\">Barnens Slott<\/a>).<\/em><\/p>\n<p><img loading=\"lazy\" decoding=\"async\" class=\"alignnone size-full wp-image-680\" src=\"https:\/\/kalmarslott.se\/wp-content\/uploads\/2022\/06\/segorabarnpetitsaventyrpetitochrodbentecknat.png\" alt=\"Se &amp; g\u00f6ra Kalmar slott - \u00c4ventyr Petit och Rodben tecknat\" width=\"4000\" height=\"2828\" srcset=\"https:\/\/kalmarslott.se\/wp-content\/uploads\/2022\/06\/segorabarnpetitsaventyrpetitochrodbentecknat.png 4000w, https:\/\/kalmarslott.se\/wp-content\/uploads\/2022\/06\/segorabarnpetitsaventyrpetitochrodbentecknat-300x212.png 300w, https:\/\/kalmarslott.se\/wp-content\/uploads\/2022\/06\/segorabarnpetitsaventyrpetitochrodbentecknat-1024x724.png 1024w, https:\/\/kalmarslott.se\/wp-content\/uploads\/2022\/06\/segorabarnpetitsaventyrpetitochrodbentecknat-768x543.png 768w, https:\/\/kalmarslott.se\/wp-content\/uploads\/2022\/06\/segorabarnpetitsaventyrpetitochrodbentecknat-1536x1086.png 1536w, https:\/\/kalmarslott.se\/wp-content\/uploads\/2022\/06\/segorabarnpetitsaventyrpetitochrodbentecknat-2048x1448.png 2048w\" sizes=\"auto, (max-width: 4000px) 100vw, 4000px\" \/><\/p>\n","protected":false},"excerpt":{"rendered":"<p>F\u00f6lj med slottsmusen Petit och sp\u00f6kkatten R\u00f6dben p\u00e5 \u00e4ventyr genom Kalmar Slott. I sago\u00e4ventyret f\u00e5r barnen bekanta sig med slottsmusen Petit som varit ute p\u00e5 \u00e4ventyr f\u00f6r att f\u00f6rs\u00f6ka uppfylla sin dr\u00f6m om att bli riddare. Ber\u00e4ttelsen handlar om Petits riddar\u00e4ventyr och om hur musen, tillsammans med sp\u00f6kkatten R\u00f6dben f\u00f6rs\u00f6ker hitta hem p\u00e5 det stora [&hellip;]<\/p>\n","protected":false},"author":2,"featured_media":680,"parent":2744,"menu_order":0,"comment_status":"closed","ping_status":"closed","template":"","meta":{"_acf_changed":false,"footnotes":""},"class_list":["post-2752","page","type-page","status-publish","has-post-thumbnail","hentry"],"acf":[],"yoast_head":"<!-- This site is optimized with the Yoast SEO plugin v27.3 - https:\/\/yoast.com\/product\/yoast-seo-wordpress\/ -->\n<title>Petits \u00e4ventyr - Kalmar Slott<\/title>\n<meta name=\"robots\" content=\"index, follow, max-snippet:-1, max-image-preview:large, max-video-preview:-1\" \/>\n<link rel=\"canonical\" href=\"https:\/\/kalmarslott.se\/da\/se-gora\/barn\/petits-aventyr\/\" \/>\n<meta property=\"og:locale\" content=\"da_DK\" \/>\n<meta property=\"og:type\" content=\"article\" \/>\n<meta property=\"og:title\" content=\"Petits \u00e4ventyr - Kalmar Slott\" \/>\n<meta property=\"og:description\" content=\"F\u00f6lj med slottsmusen Petit och sp\u00f6kkatten R\u00f6dben p\u00e5 \u00e4ventyr genom Kalmar Slott. I sago\u00e4ventyret f\u00e5r barnen bekanta sig med slottsmusen Petit som varit ute p\u00e5 \u00e4ventyr f\u00f6r att f\u00f6rs\u00f6ka uppfylla sin dr\u00f6m om att bli riddare. Ber\u00e4ttelsen handlar om Petits riddar\u00e4ventyr och om hur musen, tillsammans med sp\u00f6kkatten R\u00f6dben f\u00f6rs\u00f6ker hitta hem p\u00e5 det stora [&hellip;]\" \/>\n<meta property=\"og:url\" content=\"https:\/\/kalmarslott.se\/da\/se-gora\/barn\/petits-aventyr\/\" \/>\n<meta property=\"og:site_name\" content=\"Kalmar Slott\" \/>\n<meta property=\"article:modified_time\" content=\"2025-06-23T09:18:24+00:00\" \/>\n<meta property=\"og:image\" content=\"https:\/\/kalmarslott.se\/wp-content\/uploads\/2022\/06\/segorabarnpetitsaventyrpetitochrodbentecknat-1024x724.png\" \/>\n\t<meta property=\"og:image:width\" content=\"1024\" \/>\n\t<meta property=\"og:image:height\" content=\"724\" \/>\n\t<meta property=\"og:image:type\" content=\"image\/png\" \/>\n<meta name=\"twitter:card\" content=\"summary_large_image\" \/>\n<meta name=\"twitter:label1\" content=\"Estimeret l\u00e6setid\" \/>\n\t<meta name=\"twitter:data1\" content=\"2 minutter\" \/>\n<script type=\"application\/ld+json\" class=\"yoast-schema-graph\">{\"@context\":\"https:\\\/\\\/schema.org\",\"@graph\":[{\"@type\":\"WebPage\",\"@id\":\"https:\\\/\\\/kalmarslott.se\\\/da\\\/se-gora\\\/barn\\\/petits-aventyr\\\/\",\"url\":\"https:\\\/\\\/kalmarslott.se\\\/da\\\/se-gora\\\/barn\\\/petits-aventyr\\\/\",\"name\":\"Petits \u00e4ventyr - Kalmar Slott\",\"isPartOf\":{\"@id\":\"https:\\\/\\\/kalmarslott.se\\\/da\\\/#website\"},\"primaryImageOfPage\":{\"@id\":\"https:\\\/\\\/kalmarslott.se\\\/da\\\/se-gora\\\/barn\\\/petits-aventyr\\\/#primaryimage\"},\"image\":{\"@id\":\"https:\\\/\\\/kalmarslott.se\\\/da\\\/se-gora\\\/barn\\\/petits-aventyr\\\/#primaryimage\"},\"thumbnailUrl\":\"https:\\\/\\\/kalmarslott.se\\\/wp-content\\\/uploads\\\/2022\\\/06\\\/segorabarnpetitsaventyrpetitochrodbentecknat.png\",\"datePublished\":\"2022-06-23T11:16:21+00:00\",\"dateModified\":\"2025-06-23T09:18:24+00:00\",\"breadcrumb\":{\"@id\":\"https:\\\/\\\/kalmarslott.se\\\/da\\\/se-gora\\\/barn\\\/petits-aventyr\\\/#breadcrumb\"},\"inLanguage\":\"da-DK\",\"potentialAction\":[{\"@type\":\"ReadAction\",\"target\":[\"https:\\\/\\\/kalmarslott.se\\\/da\\\/se-gora\\\/barn\\\/petits-aventyr\\\/\"]}]},{\"@type\":\"ImageObject\",\"inLanguage\":\"da-DK\",\"@id\":\"https:\\\/\\\/kalmarslott.se\\\/da\\\/se-gora\\\/barn\\\/petits-aventyr\\\/#primaryimage\",\"url\":\"https:\\\/\\\/kalmarslott.se\\\/wp-content\\\/uploads\\\/2022\\\/06\\\/segorabarnpetitsaventyrpetitochrodbentecknat.png\",\"contentUrl\":\"https:\\\/\\\/kalmarslott.se\\\/wp-content\\\/uploads\\\/2022\\\/06\\\/segorabarnpetitsaventyrpetitochrodbentecknat.png\",\"width\":4000,\"height\":2828,\"caption\":\"Se & g\u00f6ra Kalmar slott - \u00c4ventyr Petit och Rodben tecknat\"},{\"@type\":\"BreadcrumbList\",\"@id\":\"https:\\\/\\\/kalmarslott.se\\\/da\\\/se-gora\\\/barn\\\/petits-aventyr\\\/#breadcrumb\",\"itemListElement\":[{\"@type\":\"ListItem\",\"position\":1,\"name\":\"Hem\",\"item\":\"https:\\\/\\\/kalmarslott.se\\\/da\\\/\"},{\"@type\":\"ListItem\",\"position\":2,\"name\":\"Se &#038; g\u00f6ra\",\"item\":\"https:\\\/\\\/kalmarslott.se\\\/da\\\/se-gora\\\/\"},{\"@type\":\"ListItem\",\"position\":3,\"name\":\"Barn\",\"item\":\"https:\\\/\\\/kalmarslott.se\\\/da\\\/se-gora\\\/barn\\\/\"},{\"@type\":\"ListItem\",\"position\":4,\"name\":\"Petits \u00e4ventyr\"}]},{\"@type\":\"WebSite\",\"@id\":\"https:\\\/\\\/kalmarslott.se\\\/da\\\/#website\",\"url\":\"https:\\\/\\\/kalmarslott.se\\\/da\\\/\",\"name\":\"Kalmar Slott\",\"description\":\"Ett riktigt slott\",\"potentialAction\":[{\"@type\":\"SearchAction\",\"target\":{\"@type\":\"EntryPoint\",\"urlTemplate\":\"https:\\\/\\\/kalmarslott.se\\\/da\\\/?s={search_term_string}\"},\"query-input\":{\"@type\":\"PropertyValueSpecification\",\"valueRequired\":true,\"valueName\":\"search_term_string\"}}],\"inLanguage\":\"da-DK\"}]}<\/script>\n<!-- \/ Yoast SEO plugin. -->","yoast_head_json":{"title":"Petits \u00e4ventyr - Kalmar Slott","robots":{"index":"index","follow":"follow","max-snippet":"max-snippet:-1","max-image-preview":"max-image-preview:large","max-video-preview":"max-video-preview:-1"},"canonical":"https:\/\/kalmarslott.se\/da\/se-gora\/barn\/petits-aventyr\/","og_locale":"da_DK","og_type":"article","og_title":"Petits \u00e4ventyr - Kalmar Slott","og_description":"F\u00f6lj med slottsmusen Petit och sp\u00f6kkatten R\u00f6dben p\u00e5 \u00e4ventyr genom Kalmar Slott. I sago\u00e4ventyret f\u00e5r barnen bekanta sig med slottsmusen Petit som varit ute p\u00e5 \u00e4ventyr f\u00f6r att f\u00f6rs\u00f6ka uppfylla sin dr\u00f6m om att bli riddare. Ber\u00e4ttelsen handlar om Petits riddar\u00e4ventyr och om hur musen, tillsammans med sp\u00f6kkatten R\u00f6dben f\u00f6rs\u00f6ker hitta hem p\u00e5 det stora [&hellip;]","og_url":"https:\/\/kalmarslott.se\/da\/se-gora\/barn\/petits-aventyr\/","og_site_name":"Kalmar Slott","article_modified_time":"2025-06-23T09:18:24+00:00","og_image":[{"width":1024,"height":724,"url":"https:\/\/kalmarslott.se\/wp-content\/uploads\/2022\/06\/segorabarnpetitsaventyrpetitochrodbentecknat-1024x724.png","type":"image\/png"}],"twitter_card":"summary_large_image","twitter_misc":{"Estimeret l\u00e6setid":"2 minutter"},"schema":{"@context":"https:\/\/schema.org","@graph":[{"@type":"WebPage","@id":"https:\/\/kalmarslott.se\/da\/se-gora\/barn\/petits-aventyr\/","url":"https:\/\/kalmarslott.se\/da\/se-gora\/barn\/petits-aventyr\/","name":"Petits \u00e4ventyr - Kalmar Slott","isPartOf":{"@id":"https:\/\/kalmarslott.se\/da\/#website"},"primaryImageOfPage":{"@id":"https:\/\/kalmarslott.se\/da\/se-gora\/barn\/petits-aventyr\/#primaryimage"},"image":{"@id":"https:\/\/kalmarslott.se\/da\/se-gora\/barn\/petits-aventyr\/#primaryimage"},"thumbnailUrl":"https:\/\/kalmarslott.se\/wp-content\/uploads\/2022\/06\/segorabarnpetitsaventyrpetitochrodbentecknat.png","datePublished":"2022-06-23T11:16:21+00:00","dateModified":"2025-06-23T09:18:24+00:00","breadcrumb":{"@id":"https:\/\/kalmarslott.se\/da\/se-gora\/barn\/petits-aventyr\/#breadcrumb"},"inLanguage":"da-DK","potentialAction":[{"@type":"ReadAction","target":["https:\/\/kalmarslott.se\/da\/se-gora\/barn\/petits-aventyr\/"]}]},{"@type":"ImageObject","inLanguage":"da-DK","@id":"https:\/\/kalmarslott.se\/da\/se-gora\/barn\/petits-aventyr\/#primaryimage","url":"https:\/\/kalmarslott.se\/wp-content\/uploads\/2022\/06\/segorabarnpetitsaventyrpetitochrodbentecknat.png","contentUrl":"https:\/\/kalmarslott.se\/wp-content\/uploads\/2022\/06\/segorabarnpetitsaventyrpetitochrodbentecknat.png","width":4000,"height":2828,"caption":"Se & g\u00f6ra Kalmar slott - \u00c4ventyr Petit och Rodben tecknat"},{"@type":"BreadcrumbList","@id":"https:\/\/kalmarslott.se\/da\/se-gora\/barn\/petits-aventyr\/#breadcrumb","itemListElement":[{"@type":"ListItem","position":1,"name":"Hem","item":"https:\/\/kalmarslott.se\/da\/"},{"@type":"ListItem","position":2,"name":"Se &#038; g\u00f6ra","item":"https:\/\/kalmarslott.se\/da\/se-gora\/"},{"@type":"ListItem","position":3,"name":"Barn","item":"https:\/\/kalmarslott.se\/da\/se-gora\/barn\/"},{"@type":"ListItem","position":4,"name":"Petits \u00e4ventyr"}]},{"@type":"WebSite","@id":"https:\/\/kalmarslott.se\/da\/#website","url":"https:\/\/kalmarslott.se\/da\/","name":"Kalmar Slott","description":"Ett riktigt slott","potentialAction":[{"@type":"SearchAction","target":{"@type":"EntryPoint","urlTemplate":"https:\/\/kalmarslott.se\/da\/?s={search_term_string}"},"query-input":{"@type":"PropertyValueSpecification","valueRequired":true,"valueName":"search_term_string"}}],"inLanguage":"da-DK"}]}},"_links":{"self":[{"href":"https:\/\/kalmarslott.se\/da\/wp-json\/wp\/v2\/pages\/2752","targetHints":{"allow":["GET"]}}],"collection":[{"href":"https:\/\/kalmarslott.se\/da\/wp-json\/wp\/v2\/pages"}],"about":[{"href":"https:\/\/kalmarslott.se\/da\/wp-json\/wp\/v2\/types\/page"}],"author":[{"embeddable":true,"href":"https:\/\/kalmarslott.se\/da\/wp-json\/wp\/v2\/users\/2"}],"replies":[{"embeddable":true,"href":"https:\/\/kalmarslott.se\/da\/wp-json\/wp\/v2\/comments?post=2752"}],"version-history":[{"count":14,"href":"https:\/\/kalmarslott.se\/da\/wp-json\/wp\/v2\/pages\/2752\/revisions"}],"predecessor-version":[{"id":11669,"href":"https:\/\/kalmarslott.se\/da\/wp-json\/wp\/v2\/pages\/2752\/revisions\/11669"}],"up":[{"embeddable":true,"href":"https:\/\/kalmarslott.se\/da\/wp-json\/wp\/v2\/pages\/2744"}],"wp:featuredmedia":[{"embeddable":true,"href":"https:\/\/kalmarslott.se\/da\/wp-json\/wp\/v2\/media\/680"}],"wp:attachment":[{"href":"https:\/\/kalmarslott.se\/da\/wp-json\/wp\/v2\/media?parent=2752"}],"curies":[{"name":"wp","href":"https:\/\/api.w.org\/{rel}","templated":true}]}}