{"id":2701,"date":"2022-06-23T11:49:10","date_gmt":"2022-06-23T09:49:10","guid":{"rendered":"https:\/\/kalmarslott.se\/?page_id=2701"},"modified":"2024-11-18T14:59:09","modified_gmt":"2024-11-18T12:59:09","slug":"guidade-turer","status":"publish","type":"page","link":"https:\/\/kalmarslott.se\/da\/guidade-turer\/","title":{"rendered":"Guidade turer"},"content":{"rendered":"<p>Boka en egen guidad tur genom slottet f\u00f6r din grupp. V\u00e5r mest popul\u00e4ra guidning \u00e4r <strong>Slottsguidning i Paradv\u00e5ningen<\/strong>, d\u00e4r du f\u00e5r h\u00f6ra hela slottets 800 \u00e5r l\u00e5nga historia. Men vi har \u00e4ven specialguidningar med f\u00f6rdjupad historia, guidade turer f\u00f6r barn samt guide vid g\u00e4stabud och middagar. Sj\u00e4lvklart kan vi erbjuda guidade turer \u00e4ven p\u00e5 engelska. Klicka dig in p\u00e5 respektive guidning nedan f\u00f6r att se priser samt kontaktformul\u00e4r f\u00f6r intresseanm\u00e4lan.<\/p>\n","protected":false},"excerpt":{"rendered":"<p>Boka en egen guidad tur genom slottet f\u00f6r din grupp. V\u00e5r mest popul\u00e4ra guidning \u00e4r Slottsguidning i Paradv\u00e5ningen, d\u00e4r du f\u00e5r h\u00f6ra hela slottets 800 \u00e5r l\u00e5nga historia. Men vi har \u00e4ven specialguidningar med f\u00f6rdjupad historia, guidade turer f\u00f6r barn samt guide vid g\u00e4stabud och middagar. Sj\u00e4lvklart kan vi erbjuda guidade turer \u00e4ven p\u00e5 engelska. [&hellip;]<\/p>\n","protected":false},"author":2,"featured_media":2668,"parent":0,"menu_order":0,"comment_status":"closed","ping_status":"closed","template":"page_event-calendar.php","meta":{"_acf_changed":false,"footnotes":""},"class_list":["post-2701","page","type-page","status-publish","has-post-thumbnail","hentry"],"acf":[],"yoast_head":"<!-- This site is optimized with the Yoast SEO plugin v27.3 - https:\/\/yoast.com\/product\/yoast-seo-wordpress\/ -->\n<title>Guidade turer - Kalmar Slott<\/title>\n<meta name=\"robots\" content=\"index, follow, max-snippet:-1, max-image-preview:large, max-video-preview:-1\" \/>\n<link rel=\"canonical\" href=\"https:\/\/kalmarslott.se\/da\/guidade-turer\/\" \/>\n<meta property=\"og:locale\" content=\"da_DK\" \/>\n<meta property=\"og:type\" content=\"article\" \/>\n<meta property=\"og:title\" content=\"Guidade turer - Kalmar Slott\" \/>\n<meta property=\"og:description\" content=\"Boka en egen guidad tur genom slottet f\u00f6r din grupp. V\u00e5r mest popul\u00e4ra guidning \u00e4r Slottsguidning i Paradv\u00e5ningen, d\u00e4r du f\u00e5r h\u00f6ra hela slottets 800 \u00e5r l\u00e5nga historia. Men vi har \u00e4ven specialguidningar med f\u00f6rdjupad historia, guidade turer f\u00f6r barn samt guide vid g\u00e4stabud och middagar. Sj\u00e4lvklart kan vi erbjuda guidade turer \u00e4ven p\u00e5 engelska. [&hellip;]\" \/>\n<meta property=\"og:url\" content=\"https:\/\/kalmarslott.se\/da\/guidade-turer\/\" \/>\n<meta property=\"og:site_name\" content=\"Kalmar Slott\" \/>\n<meta property=\"article:modified_time\" content=\"2024-11-18T12:59:09+00:00\" \/>\n<meta property=\"og:image\" content=\"https:\/\/kalmarslott.se\/wp-content\/uploads\/2022\/06\/4-scaled.jpg\" \/>\n\t<meta property=\"og:image:width\" content=\"2560\" \/>\n\t<meta property=\"og:image:height\" content=\"1707\" \/>\n\t<meta property=\"og:image:type\" content=\"image\/jpeg\" \/>\n<meta name=\"twitter:card\" content=\"summary_large_image\" \/>\n<meta name=\"twitter:label1\" content=\"Estimeret l\u00e6setid\" \/>\n\t<meta name=\"twitter:data1\" content=\"1 minut\" \/>\n<script type=\"application\/ld+json\" class=\"yoast-schema-graph\">{\"@context\":\"https:\\\/\\\/schema.org\",\"@graph\":[{\"@type\":\"WebPage\",\"@id\":\"https:\\\/\\\/kalmarslott.se\\\/da\\\/guidade-turer\\\/\",\"url\":\"https:\\\/\\\/kalmarslott.se\\\/da\\\/guidade-turer\\\/\",\"name\":\"Guidade turer - Kalmar Slott\",\"isPartOf\":{\"@id\":\"https:\\\/\\\/kalmarslott.se\\\/da\\\/#website\"},\"primaryImageOfPage\":{\"@id\":\"https:\\\/\\\/kalmarslott.se\\\/da\\\/guidade-turer\\\/#primaryimage\"},\"image\":{\"@id\":\"https:\\\/\\\/kalmarslott.se\\\/da\\\/guidade-turer\\\/#primaryimage\"},\"thumbnailUrl\":\"https:\\\/\\\/kalmarslott.se\\\/wp-content\\\/uploads\\\/2022\\\/06\\\/4-scaled.jpg\",\"datePublished\":\"2022-06-23T09:49:10+00:00\",\"dateModified\":\"2024-11-18T12:59:09+00:00\",\"breadcrumb\":{\"@id\":\"https:\\\/\\\/kalmarslott.se\\\/da\\\/guidade-turer\\\/#breadcrumb\"},\"inLanguage\":\"da-DK\",\"potentialAction\":[{\"@type\":\"ReadAction\",\"target\":[\"https:\\\/\\\/kalmarslott.se\\\/da\\\/guidade-turer\\\/\"]}]},{\"@type\":\"ImageObject\",\"inLanguage\":\"da-DK\",\"@id\":\"https:\\\/\\\/kalmarslott.se\\\/da\\\/guidade-turer\\\/#primaryimage\",\"url\":\"https:\\\/\\\/kalmarslott.se\\\/wp-content\\\/uploads\\\/2022\\\/06\\\/4-scaled.jpg\",\"contentUrl\":\"https:\\\/\\\/kalmarslott.se\\\/wp-content\\\/uploads\\\/2022\\\/06\\\/4-scaled.jpg\",\"width\":2560,\"height\":1707,\"caption\":\"Guidning p\u00e5 Kalmar Slott\"},{\"@type\":\"BreadcrumbList\",\"@id\":\"https:\\\/\\\/kalmarslott.se\\\/da\\\/guidade-turer\\\/#breadcrumb\",\"itemListElement\":[{\"@type\":\"ListItem\",\"position\":1,\"name\":\"Hem\",\"item\":\"https:\\\/\\\/kalmarslott.se\\\/da\\\/\"},{\"@type\":\"ListItem\",\"position\":2,\"name\":\"Guidade turer\"}]},{\"@type\":\"WebSite\",\"@id\":\"https:\\\/\\\/kalmarslott.se\\\/da\\\/#website\",\"url\":\"https:\\\/\\\/kalmarslott.se\\\/da\\\/\",\"name\":\"Kalmar Slott\",\"description\":\"Ett riktigt slott\",\"potentialAction\":[{\"@type\":\"SearchAction\",\"target\":{\"@type\":\"EntryPoint\",\"urlTemplate\":\"https:\\\/\\\/kalmarslott.se\\\/da\\\/?s={search_term_string}\"},\"query-input\":{\"@type\":\"PropertyValueSpecification\",\"valueRequired\":true,\"valueName\":\"search_term_string\"}}],\"inLanguage\":\"da-DK\"}]}<\/script>\n<!-- \/ Yoast SEO plugin. -->","yoast_head_json":{"title":"Guidade turer - Kalmar Slott","robots":{"index":"index","follow":"follow","max-snippet":"max-snippet:-1","max-image-preview":"max-image-preview:large","max-video-preview":"max-video-preview:-1"},"canonical":"https:\/\/kalmarslott.se\/da\/guidade-turer\/","og_locale":"da_DK","og_type":"article","og_title":"Guidade turer - Kalmar Slott","og_description":"Boka en egen guidad tur genom slottet f\u00f6r din grupp. V\u00e5r mest popul\u00e4ra guidning \u00e4r Slottsguidning i Paradv\u00e5ningen, d\u00e4r du f\u00e5r h\u00f6ra hela slottets 800 \u00e5r l\u00e5nga historia. Men vi har \u00e4ven specialguidningar med f\u00f6rdjupad historia, guidade turer f\u00f6r barn samt guide vid g\u00e4stabud och middagar. Sj\u00e4lvklart kan vi erbjuda guidade turer \u00e4ven p\u00e5 engelska. [&hellip;]","og_url":"https:\/\/kalmarslott.se\/da\/guidade-turer\/","og_site_name":"Kalmar Slott","article_modified_time":"2024-11-18T12:59:09+00:00","og_image":[{"width":2560,"height":1707,"url":"https:\/\/kalmarslott.se\/wp-content\/uploads\/2022\/06\/4-scaled.jpg","type":"image\/jpeg"}],"twitter_card":"summary_large_image","twitter_misc":{"Estimeret l\u00e6setid":"1 minut"},"schema":{"@context":"https:\/\/schema.org","@graph":[{"@type":"WebPage","@id":"https:\/\/kalmarslott.se\/da\/guidade-turer\/","url":"https:\/\/kalmarslott.se\/da\/guidade-turer\/","name":"Guidade turer - Kalmar Slott","isPartOf":{"@id":"https:\/\/kalmarslott.se\/da\/#website"},"primaryImageOfPage":{"@id":"https:\/\/kalmarslott.se\/da\/guidade-turer\/#primaryimage"},"image":{"@id":"https:\/\/kalmarslott.se\/da\/guidade-turer\/#primaryimage"},"thumbnailUrl":"https:\/\/kalmarslott.se\/wp-content\/uploads\/2022\/06\/4-scaled.jpg","datePublished":"2022-06-23T09:49:10+00:00","dateModified":"2024-11-18T12:59:09+00:00","breadcrumb":{"@id":"https:\/\/kalmarslott.se\/da\/guidade-turer\/#breadcrumb"},"inLanguage":"da-DK","potentialAction":[{"@type":"ReadAction","target":["https:\/\/kalmarslott.se\/da\/guidade-turer\/"]}]},{"@type":"ImageObject","inLanguage":"da-DK","@id":"https:\/\/kalmarslott.se\/da\/guidade-turer\/#primaryimage","url":"https:\/\/kalmarslott.se\/wp-content\/uploads\/2022\/06\/4-scaled.jpg","contentUrl":"https:\/\/kalmarslott.se\/wp-content\/uploads\/2022\/06\/4-scaled.jpg","width":2560,"height":1707,"caption":"Guidning p\u00e5 Kalmar Slott"},{"@type":"BreadcrumbList","@id":"https:\/\/kalmarslott.se\/da\/guidade-turer\/#breadcrumb","itemListElement":[{"@type":"ListItem","position":1,"name":"Hem","item":"https:\/\/kalmarslott.se\/da\/"},{"@type":"ListItem","position":2,"name":"Guidade turer"}]},{"@type":"WebSite","@id":"https:\/\/kalmarslott.se\/da\/#website","url":"https:\/\/kalmarslott.se\/da\/","name":"Kalmar Slott","description":"Ett riktigt slott","potentialAction":[{"@type":"SearchAction","target":{"@type":"EntryPoint","urlTemplate":"https:\/\/kalmarslott.se\/da\/?s={search_term_string}"},"query-input":{"@type":"PropertyValueSpecification","valueRequired":true,"valueName":"search_term_string"}}],"inLanguage":"da-DK"}]}},"_links":{"self":[{"href":"https:\/\/kalmarslott.se\/da\/wp-json\/wp\/v2\/pages\/2701","targetHints":{"allow":["GET"]}}],"collection":[{"href":"https:\/\/kalmarslott.se\/da\/wp-json\/wp\/v2\/pages"}],"about":[{"href":"https:\/\/kalmarslott.se\/da\/wp-json\/wp\/v2\/types\/page"}],"author":[{"embeddable":true,"href":"https:\/\/kalmarslott.se\/da\/wp-json\/wp\/v2\/users\/2"}],"replies":[{"embeddable":true,"href":"https:\/\/kalmarslott.se\/da\/wp-json\/wp\/v2\/comments?post=2701"}],"version-history":[{"count":7,"href":"https:\/\/kalmarslott.se\/da\/wp-json\/wp\/v2\/pages\/2701\/revisions"}],"predecessor-version":[{"id":10065,"href":"https:\/\/kalmarslott.se\/da\/wp-json\/wp\/v2\/pages\/2701\/revisions\/10065"}],"wp:featuredmedia":[{"embeddable":true,"href":"https:\/\/kalmarslott.se\/da\/wp-json\/wp\/v2\/media\/2668"}],"wp:attachment":[{"href":"https:\/\/kalmarslott.se\/da\/wp-json\/wp\/v2\/media?parent=2701"}],"curies":[{"name":"wp","href":"https:\/\/api.w.org\/{rel}","templated":true}]}}