{"id":13330,"date":"2026-03-04T12:48:00","date_gmt":"2026-03-04T10:48:00","guid":{"rendered":"https:\/\/kalmarslott.se\/?page_id=13330"},"modified":"2026-03-26T11:35:14","modified_gmt":"2026-03-26T09:35:14","slug":"modern-guru-gdpr","status":"publish","type":"page","link":"https:\/\/kalmarslott.se\/da\/modern-guru-gdpr\/","title":{"rendered":"Integritet och dataskydd"},"content":{"rendered":"<p><strong>F\u00f6r att f\u00f6rst\u00e4rka din upplevelse av utst\u00e4llningen <a href=\"https:\/\/kalmarslott.se\/utstallningar\/modern-guru-and-the-path-to-artificial-happiness\/\">Modern Guru and the Path to Artificial Happiness<\/a> vill konststudion ENESS ge dig m\u00f6jlighet att interagera med n\u00e5gra av skulpturerna. I tre av skulpturerna sker d\u00e4rf\u00f6r ljud- och\/eller videoupptagning.<\/strong><\/p>\n<p>Den 26 mars\u20131 november 2026 visar Kalmar Slott s\u00e4songsutst\u00e4llningen Modern Guru and the Path to Artificial Happiness, som \u00e4r skapad av konst- och teknikstudion ENESS fr\u00e5n Australien. Utst\u00e4llningen har interaktiva inslag d\u00e4r du erbjuds att vara medskapare av konstverket.<\/p>\n<h3>Ljud och videoupptagning<\/h3>\n<p><img loading=\"lazy\" decoding=\"async\" class=\"aligncenter wp-image-13412 size-large\" src=\"https:\/\/kalmarslott.se\/wp-content\/uploads\/2026\/03\/kartagurugdpr-v2-1024x345.jpg\" alt=\"Karta \u00f6ver utst\u00e4llningen Modern Guru\" width=\"1024\" height=\"345\" srcset=\"https:\/\/kalmarslott.se\/wp-content\/uploads\/2026\/03\/kartagurugdpr-v2-1024x345.jpg 1024w, https:\/\/kalmarslott.se\/wp-content\/uploads\/2026\/03\/kartagurugdpr-v2-300x101.jpg 300w, https:\/\/kalmarslott.se\/wp-content\/uploads\/2026\/03\/kartagurugdpr-v2-768x259.jpg 768w, https:\/\/kalmarslott.se\/wp-content\/uploads\/2026\/03\/kartagurugdpr-v2-1536x517.jpg 1536w, https:\/\/kalmarslott.se\/wp-content\/uploads\/2026\/03\/kartagurugdpr-v2-2048x689.jpg 2048w\" sizes=\"auto, (max-width: 1024px) 100vw, 1024px\" \/><\/p>\n<p>Ljud och\/eller videoupptagning sker p\u00e5 ovan utm\u00e4rkta platser i utst\u00e4llningen.<\/p>\n<h4>1. The Dawn of a New Age<\/h4>\n<p>I installationen finns en kamera. Bildanalys utf\u00f6rs lokalt p\u00e5 en dator i installationen, s\u00e5 att generella visuella attribut p\u00e5 bes\u00f6karen omvandlas till icke-identifierbara textbeskrivningar. De generella textbeskrivningarna skickas till Open AI f\u00f6r att generera en kort dikt som spelas genom inbyggda h\u00f6gtalare. Inga bilder, videor eller inspelningar sparas. All behandling \u00e4r tillf\u00e4llig.<\/p>\n<h4>2. The Uncanny Valley<\/h4>\n<p>I slutet av landskapet The Uncanny Valley finns talande sten, som bes\u00f6karen har m\u00f6jlighet att interagera med. Bes\u00f6karen lyfter en telefonlur f\u00f6r att starta konversationen. En mikrofon tar upp ljudet live och det \u00f6verf\u00f6rs tillf\u00e4lligt till OpenAI API, enbart f\u00f6r att generera svar i realtid. Ingen ljudinspelning lagras.<\/p>\n<h4>3. Modern Guru<\/h4>\n<p>N\u00e4r en bes\u00f6kare fotograferar installationen Modern Guru skapas ett meddelande i pappersform som levereras ur installationens mun. F\u00f6r att installationen ska kunna se att det st\u00e5r en bes\u00f6kare framf\u00f6r den s\u00e5 inneh\u00e5ller installationen en kamera. Kameran har en sluten krets som \u00e4r kopplad till en lokal dator. Inga bilder sparas eller \u00f6verf\u00f6rs externt.<\/p>\n<h3>AI-utl\u00e5tande fr\u00e5n utst\u00e4llningens upphovsman ENESS<\/h3>\n<p>Denna installation anv\u00e4nder artificiell intelligens (AI) f\u00f6r att generera interaktiva svar i realtid. N\u00e4r du v\u00e4ljer att engagera dig i konstverket kan din r\u00f6st och\/eller bild f\u00e5ngas och bearbetas i realtid enbart f\u00f6r att m\u00f6jligg\u00f6ra den interaktiva upplevelsen. Ljud- och bilddata kan tillf\u00e4lligt behandlas och, d\u00e4r det tekniskt \u00e4r n\u00f6dv\u00e4ndigt, kortvarigt lagras f\u00f6r systemfunktionalitet, moderering eller s\u00e4kerhets\u00f6vervakning. Installationen kan anv\u00e4nda s\u00e4kra tredjepartsleverant\u00f6rer f\u00f6r att bearbeta data \u00e5t oss. Behandlingen sker under avtalsm\u00e4ssiga skydds\u00e5tg\u00e4rder som \u00e4r f\u00f6renliga med den allm\u00e4nna dataskyddsf\u00f6rordningen (GDPR).<\/p>\n<p>Bes\u00f6ksdata:<\/p>\n<ol>\n<li>Bearbetas endast f\u00f6r att anv\u00e4nda konstverket<\/li>\n<li>Anv\u00e4nds inte f\u00f6r marknadsf\u00f6ring eller reklam<\/li>\n<li>Anv\u00e4nds inte f\u00f6r profilering eller identifiering<\/li>\n<li>Anv\u00e4nds inte f\u00f6r att tr\u00e4na AI-modeller<\/li>\n<\/ol>\n<p>Bearbetningen baseras p\u00e5 frivilligt deltagande i installationen. Genom att interagera med konstverket bekr\u00e4ftar och samtycker du till denna tillf\u00e4lliga bearbetning.<\/p>\n<p>&nbsp;<\/p>\n","protected":false},"excerpt":{"rendered":"<p>F\u00f6r att f\u00f6rst\u00e4rka din upplevelse av utst\u00e4llningen Modern Guru and the Path to Artificial Happiness vill konststudion ENESS ge dig m\u00f6jlighet att interagera med n\u00e5gra av skulpturerna. I tre av skulpturerna sker d\u00e4rf\u00f6r ljud- och\/eller videoupptagning. Den 26 mars\u20131 november 2026 visar Kalmar Slott s\u00e4songsutst\u00e4llningen Modern Guru and the Path to Artificial Happiness, som \u00e4r [&hellip;]<\/p>\n","protected":false},"author":1,"featured_media":13323,"parent":0,"menu_order":0,"comment_status":"closed","ping_status":"closed","template":"","meta":{"_acf_changed":false,"footnotes":""},"class_list":["post-13330","page","type-page","status-publish","has-post-thumbnail","hentry"],"acf":[],"yoast_head":"<!-- This site is optimized with the Yoast SEO plugin v27.3 - https:\/\/yoast.com\/product\/yoast-seo-wordpress\/ -->\n<title>Integritet och dataskydd - Kalmar Slott<\/title>\n<meta name=\"robots\" content=\"index, follow, max-snippet:-1, max-image-preview:large, max-video-preview:-1\" \/>\n<link rel=\"canonical\" href=\"https:\/\/kalmarslott.se\/da\/modern-guru-gdpr\/\" \/>\n<meta property=\"og:locale\" content=\"da_DK\" \/>\n<meta property=\"og:type\" content=\"article\" \/>\n<meta property=\"og:title\" content=\"Integritet och dataskydd - Kalmar Slott\" \/>\n<meta property=\"og:description\" content=\"F\u00f6r att f\u00f6rst\u00e4rka din upplevelse av utst\u00e4llningen Modern Guru and the Path to Artificial Happiness vill konststudion ENESS ge dig m\u00f6jlighet att interagera med n\u00e5gra av skulpturerna. I tre av skulpturerna sker d\u00e4rf\u00f6r ljud- och\/eller videoupptagning. Den 26 mars\u20131 november 2026 visar Kalmar Slott s\u00e4songsutst\u00e4llningen Modern Guru and the Path to Artificial Happiness, som \u00e4r [&hellip;]\" \/>\n<meta property=\"og:url\" content=\"https:\/\/kalmarslott.se\/da\/modern-guru-gdpr\/\" \/>\n<meta property=\"og:site_name\" content=\"Kalmar Slott\" \/>\n<meta property=\"article:modified_time\" content=\"2026-03-26T09:35:14+00:00\" \/>\n<meta property=\"og:image\" content=\"https:\/\/kalmarslott.se\/wp-content\/uploads\/2026\/03\/eness-modern-guru-dsc1207-with-dark-fade-scaled.jpg\" \/>\n\t<meta property=\"og:image:width\" content=\"2560\" \/>\n\t<meta property=\"og:image:height\" content=\"1707\" \/>\n\t<meta property=\"og:image:type\" content=\"image\/jpeg\" \/>\n<meta name=\"twitter:card\" content=\"summary_large_image\" \/>\n<meta name=\"twitter:label1\" content=\"Estimeret l\u00e6setid\" \/>\n\t<meta name=\"twitter:data1\" content=\"3 minutter\" \/>\n<script type=\"application\/ld+json\" class=\"yoast-schema-graph\">{\"@context\":\"https:\\\/\\\/schema.org\",\"@graph\":[{\"@type\":\"WebPage\",\"@id\":\"https:\\\/\\\/kalmarslott.se\\\/da\\\/modern-guru-gdpr\\\/\",\"url\":\"https:\\\/\\\/kalmarslott.se\\\/da\\\/modern-guru-gdpr\\\/\",\"name\":\"Integritet och dataskydd - Kalmar Slott\",\"isPartOf\":{\"@id\":\"https:\\\/\\\/kalmarslott.se\\\/da\\\/#website\"},\"primaryImageOfPage\":{\"@id\":\"https:\\\/\\\/kalmarslott.se\\\/da\\\/modern-guru-gdpr\\\/#primaryimage\"},\"image\":{\"@id\":\"https:\\\/\\\/kalmarslott.se\\\/da\\\/modern-guru-gdpr\\\/#primaryimage\"},\"thumbnailUrl\":\"https:\\\/\\\/kalmarslott.se\\\/wp-content\\\/uploads\\\/2026\\\/03\\\/eness-modern-guru-dsc1207-with-dark-fade-scaled.jpg\",\"datePublished\":\"2026-03-04T10:48:00+00:00\",\"dateModified\":\"2026-03-26T09:35:14+00:00\",\"breadcrumb\":{\"@id\":\"https:\\\/\\\/kalmarslott.se\\\/da\\\/modern-guru-gdpr\\\/#breadcrumb\"},\"inLanguage\":\"da-DK\",\"potentialAction\":[{\"@type\":\"ReadAction\",\"target\":[\"https:\\\/\\\/kalmarslott.se\\\/da\\\/modern-guru-gdpr\\\/\"]}]},{\"@type\":\"ImageObject\",\"inLanguage\":\"da-DK\",\"@id\":\"https:\\\/\\\/kalmarslott.se\\\/da\\\/modern-guru-gdpr\\\/#primaryimage\",\"url\":\"https:\\\/\\\/kalmarslott.se\\\/wp-content\\\/uploads\\\/2026\\\/03\\\/eness-modern-guru-dsc1207-with-dark-fade-scaled.jpg\",\"contentUrl\":\"https:\\\/\\\/kalmarslott.se\\\/wp-content\\\/uploads\\\/2026\\\/03\\\/eness-modern-guru-dsc1207-with-dark-fade-scaled.jpg\",\"width\":2560,\"height\":1707,\"caption\":\"Ljusinstallationer\"},{\"@type\":\"BreadcrumbList\",\"@id\":\"https:\\\/\\\/kalmarslott.se\\\/da\\\/modern-guru-gdpr\\\/#breadcrumb\",\"itemListElement\":[{\"@type\":\"ListItem\",\"position\":1,\"name\":\"Hem\",\"item\":\"https:\\\/\\\/kalmarslott.se\\\/da\\\/\"},{\"@type\":\"ListItem\",\"position\":2,\"name\":\"Integritet och dataskydd\"}]},{\"@type\":\"WebSite\",\"@id\":\"https:\\\/\\\/kalmarslott.se\\\/da\\\/#website\",\"url\":\"https:\\\/\\\/kalmarslott.se\\\/da\\\/\",\"name\":\"Kalmar Slott\",\"description\":\"Ett riktigt slott\",\"potentialAction\":[{\"@type\":\"SearchAction\",\"target\":{\"@type\":\"EntryPoint\",\"urlTemplate\":\"https:\\\/\\\/kalmarslott.se\\\/da\\\/?s={search_term_string}\"},\"query-input\":{\"@type\":\"PropertyValueSpecification\",\"valueRequired\":true,\"valueName\":\"search_term_string\"}}],\"inLanguage\":\"da-DK\"}]}<\/script>\n<!-- \/ Yoast SEO plugin. -->","yoast_head_json":{"title":"Integritet och dataskydd - Kalmar Slott","robots":{"index":"index","follow":"follow","max-snippet":"max-snippet:-1","max-image-preview":"max-image-preview:large","max-video-preview":"max-video-preview:-1"},"canonical":"https:\/\/kalmarslott.se\/da\/modern-guru-gdpr\/","og_locale":"da_DK","og_type":"article","og_title":"Integritet och dataskydd - Kalmar Slott","og_description":"F\u00f6r att f\u00f6rst\u00e4rka din upplevelse av utst\u00e4llningen Modern Guru and the Path to Artificial Happiness vill konststudion ENESS ge dig m\u00f6jlighet att interagera med n\u00e5gra av skulpturerna. I tre av skulpturerna sker d\u00e4rf\u00f6r ljud- och\/eller videoupptagning. Den 26 mars\u20131 november 2026 visar Kalmar Slott s\u00e4songsutst\u00e4llningen Modern Guru and the Path to Artificial Happiness, som \u00e4r [&hellip;]","og_url":"https:\/\/kalmarslott.se\/da\/modern-guru-gdpr\/","og_site_name":"Kalmar Slott","article_modified_time":"2026-03-26T09:35:14+00:00","og_image":[{"width":2560,"height":1707,"url":"https:\/\/kalmarslott.se\/wp-content\/uploads\/2026\/03\/eness-modern-guru-dsc1207-with-dark-fade-scaled.jpg","type":"image\/jpeg"}],"twitter_card":"summary_large_image","twitter_misc":{"Estimeret l\u00e6setid":"3 minutter"},"schema":{"@context":"https:\/\/schema.org","@graph":[{"@type":"WebPage","@id":"https:\/\/kalmarslott.se\/da\/modern-guru-gdpr\/","url":"https:\/\/kalmarslott.se\/da\/modern-guru-gdpr\/","name":"Integritet och dataskydd - Kalmar Slott","isPartOf":{"@id":"https:\/\/kalmarslott.se\/da\/#website"},"primaryImageOfPage":{"@id":"https:\/\/kalmarslott.se\/da\/modern-guru-gdpr\/#primaryimage"},"image":{"@id":"https:\/\/kalmarslott.se\/da\/modern-guru-gdpr\/#primaryimage"},"thumbnailUrl":"https:\/\/kalmarslott.se\/wp-content\/uploads\/2026\/03\/eness-modern-guru-dsc1207-with-dark-fade-scaled.jpg","datePublished":"2026-03-04T10:48:00+00:00","dateModified":"2026-03-26T09:35:14+00:00","breadcrumb":{"@id":"https:\/\/kalmarslott.se\/da\/modern-guru-gdpr\/#breadcrumb"},"inLanguage":"da-DK","potentialAction":[{"@type":"ReadAction","target":["https:\/\/kalmarslott.se\/da\/modern-guru-gdpr\/"]}]},{"@type":"ImageObject","inLanguage":"da-DK","@id":"https:\/\/kalmarslott.se\/da\/modern-guru-gdpr\/#primaryimage","url":"https:\/\/kalmarslott.se\/wp-content\/uploads\/2026\/03\/eness-modern-guru-dsc1207-with-dark-fade-scaled.jpg","contentUrl":"https:\/\/kalmarslott.se\/wp-content\/uploads\/2026\/03\/eness-modern-guru-dsc1207-with-dark-fade-scaled.jpg","width":2560,"height":1707,"caption":"Ljusinstallationer"},{"@type":"BreadcrumbList","@id":"https:\/\/kalmarslott.se\/da\/modern-guru-gdpr\/#breadcrumb","itemListElement":[{"@type":"ListItem","position":1,"name":"Hem","item":"https:\/\/kalmarslott.se\/da\/"},{"@type":"ListItem","position":2,"name":"Integritet och dataskydd"}]},{"@type":"WebSite","@id":"https:\/\/kalmarslott.se\/da\/#website","url":"https:\/\/kalmarslott.se\/da\/","name":"Kalmar Slott","description":"Ett riktigt slott","potentialAction":[{"@type":"SearchAction","target":{"@type":"EntryPoint","urlTemplate":"https:\/\/kalmarslott.se\/da\/?s={search_term_string}"},"query-input":{"@type":"PropertyValueSpecification","valueRequired":true,"valueName":"search_term_string"}}],"inLanguage":"da-DK"}]}},"_links":{"self":[{"href":"https:\/\/kalmarslott.se\/da\/wp-json\/wp\/v2\/pages\/13330","targetHints":{"allow":["GET"]}}],"collection":[{"href":"https:\/\/kalmarslott.se\/da\/wp-json\/wp\/v2\/pages"}],"about":[{"href":"https:\/\/kalmarslott.se\/da\/wp-json\/wp\/v2\/types\/page"}],"author":[{"embeddable":true,"href":"https:\/\/kalmarslott.se\/da\/wp-json\/wp\/v2\/users\/1"}],"replies":[{"embeddable":true,"href":"https:\/\/kalmarslott.se\/da\/wp-json\/wp\/v2\/comments?post=13330"}],"version-history":[{"count":15,"href":"https:\/\/kalmarslott.se\/da\/wp-json\/wp\/v2\/pages\/13330\/revisions"}],"predecessor-version":[{"id":13427,"href":"https:\/\/kalmarslott.se\/da\/wp-json\/wp\/v2\/pages\/13330\/revisions\/13427"}],"wp:featuredmedia":[{"embeddable":true,"href":"https:\/\/kalmarslott.se\/da\/wp-json\/wp\/v2\/media\/13323"}],"wp:attachment":[{"href":"https:\/\/kalmarslott.se\/da\/wp-json\/wp\/v2\/media?parent=13330"}],"curies":[{"name":"wp","href":"https:\/\/api.w.org\/{rel}","templated":true}]}}