{"id":1245,"date":"2022-06-20T10:30:29","date_gmt":"2022-06-20T08:30:29","guid":{"rendered":"https:\/\/kalmarslott.se\/?page_id=1245"},"modified":"2023-02-23T12:16:20","modified_gmt":"2023-02-23T10:16:20","slug":"ett-hemligt-uppdrag","status":"publish","type":"page","link":"https:\/\/kalmarslott.se\/da\/ett-hemligt-uppdrag\/","title":{"rendered":"Ett hemligt uppdrag"},"content":{"rendered":"<h2><span style=\"font-weight: 400;\">Ett hemligt uppdrag \u00e4r<br \/>\nutmaningen f\u00f6r barn<br \/>\nmellan 3-6 \u00e5r<\/span><\/h2>\n<p><span style=\"font-weight: 400;\">Fem uppdrag ska l\u00f6sas och sedan avslutas det med en sp\u00e4nnande skattjakt tillsammans med gycklaren. Vart leder skattkartan och vem \u00e4r det egentligen som gett uppdraget till barnen?<\/span><\/p>\n<p><img loading=\"lazy\" decoding=\"async\" class=\"alignnone size-medium wp-image-667\" src=\"https:\/\/kalmarslott.se\/wp-content\/uploads\/2022\/06\/segorabarnensslottetthemligtuppdragbarnframforslottet.jpg\" alt=\"\" width=\"1\" height=\"1\" \/><\/p>\n","protected":false},"excerpt":{"rendered":"<p>Ett hemligt uppdrag \u00e4r utmaningen f\u00f6r barn mellan 3-6 \u00e5r Fem uppdrag ska l\u00f6sas och sedan avslutas det med en sp\u00e4nnande skattjakt tillsammans med gycklaren. Vart leder skattkartan och vem \u00e4r det egentligen som gett uppdraget till barnen?<\/p>\n","protected":false},"author":1,"featured_media":668,"parent":0,"menu_order":0,"comment_status":"closed","ping_status":"closed","template":"","meta":{"_acf_changed":false,"footnotes":""},"class_list":["post-1245","page","type-page","status-publish","has-post-thumbnail","hentry"],"acf":[],"yoast_head":"<!-- This site is optimized with the Yoast SEO plugin v27.3 - https:\/\/yoast.com\/product\/yoast-seo-wordpress\/ -->\n<title>Ett hemligt uppdrag - Kalmar Slott<\/title>\n<meta name=\"robots\" content=\"index, follow, max-snippet:-1, max-image-preview:large, max-video-preview:-1\" \/>\n<link rel=\"canonical\" href=\"https:\/\/kalmarslott.se\/da\/ett-hemligt-uppdrag\/\" \/>\n<meta property=\"og:locale\" content=\"da_DK\" \/>\n<meta property=\"og:type\" content=\"article\" \/>\n<meta property=\"og:title\" content=\"Ett hemligt uppdrag - Kalmar Slott\" \/>\n<meta property=\"og:description\" content=\"Ett hemligt uppdrag \u00e4r utmaningen f\u00f6r barn mellan 3-6 \u00e5r Fem uppdrag ska l\u00f6sas och sedan avslutas det med en sp\u00e4nnande skattjakt tillsammans med gycklaren. Vart leder skattkartan och vem \u00e4r det egentligen som gett uppdraget till barnen?\" \/>\n<meta property=\"og:url\" content=\"https:\/\/kalmarslott.se\/da\/ett-hemligt-uppdrag\/\" \/>\n<meta property=\"og:site_name\" content=\"Kalmar Slott\" \/>\n<meta property=\"article:modified_time\" content=\"2023-02-23T10:16:20+00:00\" \/>\n<meta property=\"og:image\" content=\"https:\/\/kalmarslott.se\/wp-content\/uploads\/2022\/06\/segorabarnensslottetthemligtuppdragbarntittarpakarta-scaled.jpg\" \/>\n\t<meta property=\"og:image:width\" content=\"2560\" \/>\n\t<meta property=\"og:image:height\" content=\"1707\" \/>\n\t<meta property=\"og:image:type\" content=\"image\/jpeg\" \/>\n<meta name=\"twitter:card\" content=\"summary_large_image\" \/>\n<meta name=\"twitter:label1\" content=\"Estimeret l\u00e6setid\" \/>\n\t<meta name=\"twitter:data1\" content=\"1 minut\" \/>\n<script type=\"application\/ld+json\" class=\"yoast-schema-graph\">{\"@context\":\"https:\\\/\\\/schema.org\",\"@graph\":[{\"@type\":\"WebPage\",\"@id\":\"https:\\\/\\\/kalmarslott.se\\\/da\\\/ett-hemligt-uppdrag\\\/\",\"url\":\"https:\\\/\\\/kalmarslott.se\\\/da\\\/ett-hemligt-uppdrag\\\/\",\"name\":\"Ett hemligt uppdrag - Kalmar Slott\",\"isPartOf\":{\"@id\":\"https:\\\/\\\/kalmarslott.se\\\/da\\\/#website\"},\"primaryImageOfPage\":{\"@id\":\"https:\\\/\\\/kalmarslott.se\\\/da\\\/ett-hemligt-uppdrag\\\/#primaryimage\"},\"image\":{\"@id\":\"https:\\\/\\\/kalmarslott.se\\\/da\\\/ett-hemligt-uppdrag\\\/#primaryimage\"},\"thumbnailUrl\":\"https:\\\/\\\/kalmarslott.se\\\/wp-content\\\/uploads\\\/2022\\\/06\\\/segorabarnensslottetthemligtuppdragbarntittarpakarta-scaled.jpg\",\"datePublished\":\"2022-06-20T08:30:29+00:00\",\"dateModified\":\"2023-02-23T10:16:20+00:00\",\"breadcrumb\":{\"@id\":\"https:\\\/\\\/kalmarslott.se\\\/da\\\/ett-hemligt-uppdrag\\\/#breadcrumb\"},\"inLanguage\":\"da-DK\",\"potentialAction\":[{\"@type\":\"ReadAction\",\"target\":[\"https:\\\/\\\/kalmarslott.se\\\/da\\\/ett-hemligt-uppdrag\\\/\"]}]},{\"@type\":\"ImageObject\",\"inLanguage\":\"da-DK\",\"@id\":\"https:\\\/\\\/kalmarslott.se\\\/da\\\/ett-hemligt-uppdrag\\\/#primaryimage\",\"url\":\"https:\\\/\\\/kalmarslott.se\\\/wp-content\\\/uploads\\\/2022\\\/06\\\/segorabarnensslottetthemligtuppdragbarntittarpakarta-scaled.jpg\",\"contentUrl\":\"https:\\\/\\\/kalmarslott.se\\\/wp-content\\\/uploads\\\/2022\\\/06\\\/segorabarnensslottetthemligtuppdragbarntittarpakarta-scaled.jpg\",\"width\":2560,\"height\":1707,\"caption\":\"Se & g\u00f6ra Kalmar slott - Barnens slott hemligt uppdrag\"},{\"@type\":\"BreadcrumbList\",\"@id\":\"https:\\\/\\\/kalmarslott.se\\\/da\\\/ett-hemligt-uppdrag\\\/#breadcrumb\",\"itemListElement\":[{\"@type\":\"ListItem\",\"position\":1,\"name\":\"Hem\",\"item\":\"https:\\\/\\\/kalmarslott.se\\\/da\\\/\"},{\"@type\":\"ListItem\",\"position\":2,\"name\":\"Ett hemligt uppdrag\"}]},{\"@type\":\"WebSite\",\"@id\":\"https:\\\/\\\/kalmarslott.se\\\/da\\\/#website\",\"url\":\"https:\\\/\\\/kalmarslott.se\\\/da\\\/\",\"name\":\"Kalmar Slott\",\"description\":\"Ett riktigt slott\",\"potentialAction\":[{\"@type\":\"SearchAction\",\"target\":{\"@type\":\"EntryPoint\",\"urlTemplate\":\"https:\\\/\\\/kalmarslott.se\\\/da\\\/?s={search_term_string}\"},\"query-input\":{\"@type\":\"PropertyValueSpecification\",\"valueRequired\":true,\"valueName\":\"search_term_string\"}}],\"inLanguage\":\"da-DK\"}]}<\/script>\n<!-- \/ Yoast SEO plugin. -->","yoast_head_json":{"title":"Ett hemligt uppdrag - Kalmar Slott","robots":{"index":"index","follow":"follow","max-snippet":"max-snippet:-1","max-image-preview":"max-image-preview:large","max-video-preview":"max-video-preview:-1"},"canonical":"https:\/\/kalmarslott.se\/da\/ett-hemligt-uppdrag\/","og_locale":"da_DK","og_type":"article","og_title":"Ett hemligt uppdrag - Kalmar Slott","og_description":"Ett hemligt uppdrag \u00e4r utmaningen f\u00f6r barn mellan 3-6 \u00e5r Fem uppdrag ska l\u00f6sas och sedan avslutas det med en sp\u00e4nnande skattjakt tillsammans med gycklaren. Vart leder skattkartan och vem \u00e4r det egentligen som gett uppdraget till barnen?","og_url":"https:\/\/kalmarslott.se\/da\/ett-hemligt-uppdrag\/","og_site_name":"Kalmar Slott","article_modified_time":"2023-02-23T10:16:20+00:00","og_image":[{"width":2560,"height":1707,"url":"https:\/\/kalmarslott.se\/wp-content\/uploads\/2022\/06\/segorabarnensslottetthemligtuppdragbarntittarpakarta-scaled.jpg","type":"image\/jpeg"}],"twitter_card":"summary_large_image","twitter_misc":{"Estimeret l\u00e6setid":"1 minut"},"schema":{"@context":"https:\/\/schema.org","@graph":[{"@type":"WebPage","@id":"https:\/\/kalmarslott.se\/da\/ett-hemligt-uppdrag\/","url":"https:\/\/kalmarslott.se\/da\/ett-hemligt-uppdrag\/","name":"Ett hemligt uppdrag - Kalmar Slott","isPartOf":{"@id":"https:\/\/kalmarslott.se\/da\/#website"},"primaryImageOfPage":{"@id":"https:\/\/kalmarslott.se\/da\/ett-hemligt-uppdrag\/#primaryimage"},"image":{"@id":"https:\/\/kalmarslott.se\/da\/ett-hemligt-uppdrag\/#primaryimage"},"thumbnailUrl":"https:\/\/kalmarslott.se\/wp-content\/uploads\/2022\/06\/segorabarnensslottetthemligtuppdragbarntittarpakarta-scaled.jpg","datePublished":"2022-06-20T08:30:29+00:00","dateModified":"2023-02-23T10:16:20+00:00","breadcrumb":{"@id":"https:\/\/kalmarslott.se\/da\/ett-hemligt-uppdrag\/#breadcrumb"},"inLanguage":"da-DK","potentialAction":[{"@type":"ReadAction","target":["https:\/\/kalmarslott.se\/da\/ett-hemligt-uppdrag\/"]}]},{"@type":"ImageObject","inLanguage":"da-DK","@id":"https:\/\/kalmarslott.se\/da\/ett-hemligt-uppdrag\/#primaryimage","url":"https:\/\/kalmarslott.se\/wp-content\/uploads\/2022\/06\/segorabarnensslottetthemligtuppdragbarntittarpakarta-scaled.jpg","contentUrl":"https:\/\/kalmarslott.se\/wp-content\/uploads\/2022\/06\/segorabarnensslottetthemligtuppdragbarntittarpakarta-scaled.jpg","width":2560,"height":1707,"caption":"Se & g\u00f6ra Kalmar slott - Barnens slott hemligt uppdrag"},{"@type":"BreadcrumbList","@id":"https:\/\/kalmarslott.se\/da\/ett-hemligt-uppdrag\/#breadcrumb","itemListElement":[{"@type":"ListItem","position":1,"name":"Hem","item":"https:\/\/kalmarslott.se\/da\/"},{"@type":"ListItem","position":2,"name":"Ett hemligt uppdrag"}]},{"@type":"WebSite","@id":"https:\/\/kalmarslott.se\/da\/#website","url":"https:\/\/kalmarslott.se\/da\/","name":"Kalmar Slott","description":"Ett riktigt slott","potentialAction":[{"@type":"SearchAction","target":{"@type":"EntryPoint","urlTemplate":"https:\/\/kalmarslott.se\/da\/?s={search_term_string}"},"query-input":{"@type":"PropertyValueSpecification","valueRequired":true,"valueName":"search_term_string"}}],"inLanguage":"da-DK"}]}},"_links":{"self":[{"href":"https:\/\/kalmarslott.se\/da\/wp-json\/wp\/v2\/pages\/1245","targetHints":{"allow":["GET"]}}],"collection":[{"href":"https:\/\/kalmarslott.se\/da\/wp-json\/wp\/v2\/pages"}],"about":[{"href":"https:\/\/kalmarslott.se\/da\/wp-json\/wp\/v2\/types\/page"}],"author":[{"embeddable":true,"href":"https:\/\/kalmarslott.se\/da\/wp-json\/wp\/v2\/users\/1"}],"replies":[{"embeddable":true,"href":"https:\/\/kalmarslott.se\/da\/wp-json\/wp\/v2\/comments?post=1245"}],"version-history":[{"count":7,"href":"https:\/\/kalmarslott.se\/da\/wp-json\/wp\/v2\/pages\/1245\/revisions"}],"predecessor-version":[{"id":6009,"href":"https:\/\/kalmarslott.se\/da\/wp-json\/wp\/v2\/pages\/1245\/revisions\/6009"}],"wp:featuredmedia":[{"embeddable":true,"href":"https:\/\/kalmarslott.se\/da\/wp-json\/wp\/v2\/media\/668"}],"wp:attachment":[{"href":"https:\/\/kalmarslott.se\/da\/wp-json\/wp\/v2\/media?parent=1245"}],"curies":[{"name":"wp","href":"https:\/\/api.w.org\/{rel}","templated":true}]}}