{"id":11734,"date":"2022-06-17T08:53:05","date_gmt":"2022-06-17T06:53:05","guid":{"rendered":"https:\/\/kalmarslott.se\/?page_id=11734"},"modified":"2025-06-30T11:28:14","modified_gmt":"2025-06-30T09:28:14","slug":"slotsbutik","status":"publish","type":"page","link":"https:\/\/kalmarslott.se\/da\/se-goere\/slotsbutik\/","title":{"rendered":"Slotsbutik"},"content":{"rendered":"<p>Her finder du gaver, interi\u00f8r, smykker, chokolade, s\u00e6ber, b\u00f8rneartikler og meget mere. Vi blander svensk og dansk design med historiske og lokale produkter.<\/p>\n<p>Du er velkommen til Slottsbutiken i slottets \u00e5bningstider.<\/p>\n<p>F\u00f8lg os p\u00e5 Instagram for at se vores sortiment! @kalmarslottsbutik<\/p>\n","protected":false},"excerpt":{"rendered":"<p>Her finder du gaver, interi\u00f8r, smykker, chokolade, s\u00e6ber, b\u00f8rneartikler og meget mere. Vi blander svensk og dansk design med historiske og lokale produkter. Du er velkommen til Slottsbutiken i slottets \u00e5bningstider. F\u00f8lg os p\u00e5 Instagram for at se vores sortiment! @kalmarslottsbutik<\/p>\n","protected":false},"author":5,"featured_media":11745,"parent":9518,"menu_order":0,"comment_status":"closed","ping_status":"closed","template":"","meta":{"_acf_changed":false,"footnotes":""},"class_list":["post-11734","page","type-page","status-publish","has-post-thumbnail","hentry"],"acf":[],"yoast_head":"<!-- This site is optimized with the Yoast SEO plugin v27.3 - https:\/\/yoast.com\/product\/yoast-seo-wordpress\/ -->\n<title>Slotsbutik - Kalmar Slott<\/title>\n<meta name=\"robots\" content=\"index, follow, max-snippet:-1, max-image-preview:large, max-video-preview:-1\" \/>\n<link rel=\"canonical\" href=\"https:\/\/kalmarslott.se\/da\/se-goere\/slotsbutik\/\" \/>\n<meta property=\"og:locale\" content=\"da_DK\" \/>\n<meta property=\"og:type\" content=\"article\" \/>\n<meta property=\"og:title\" content=\"Slotsbutik - Kalmar Slott\" \/>\n<meta property=\"og:description\" content=\"Her finder du gaver, interi\u00f8r, smykker, chokolade, s\u00e6ber, b\u00f8rneartikler og meget mere. Vi blander svensk og dansk design med historiske og lokale produkter. Du er velkommen til Slottsbutiken i slottets \u00e5bningstider. F\u00f8lg os p\u00e5 Instagram for at se vores sortiment! @kalmarslottsbutik\" \/>\n<meta property=\"og:url\" content=\"https:\/\/kalmarslott.se\/da\/se-goere\/slotsbutik\/\" \/>\n<meta property=\"og:site_name\" content=\"Kalmar Slott\" \/>\n<meta property=\"article:modified_time\" content=\"2025-06-30T09:28:14+00:00\" \/>\n<meta property=\"og:image\" content=\"https:\/\/kalmarslott.se\/wp-content\/uploads\/2025\/06\/kalmarslottslottsbutiken-23-scaled.jpg\" \/>\n\t<meta property=\"og:image:width\" content=\"2560\" \/>\n\t<meta property=\"og:image:height\" content=\"1707\" \/>\n\t<meta property=\"og:image:type\" content=\"image\/jpeg\" \/>\n<meta name=\"twitter:card\" content=\"summary_large_image\" \/>\n<meta name=\"twitter:label1\" content=\"Estimeret l\u00e6setid\" \/>\n\t<meta name=\"twitter:data1\" content=\"1 minut\" \/>\n<script type=\"application\/ld+json\" class=\"yoast-schema-graph\">{\"@context\":\"https:\\\/\\\/schema.org\",\"@graph\":[{\"@type\":\"WebPage\",\"@id\":\"https:\\\/\\\/kalmarslott.se\\\/da\\\/se-goere\\\/slotsbutik\\\/\",\"url\":\"https:\\\/\\\/kalmarslott.se\\\/da\\\/se-goere\\\/slotsbutik\\\/\",\"name\":\"Slotsbutik - Kalmar Slott\",\"isPartOf\":{\"@id\":\"https:\\\/\\\/kalmarslott.se\\\/da\\\/#website\"},\"primaryImageOfPage\":{\"@id\":\"https:\\\/\\\/kalmarslott.se\\\/da\\\/se-goere\\\/slotsbutik\\\/#primaryimage\"},\"image\":{\"@id\":\"https:\\\/\\\/kalmarslott.se\\\/da\\\/se-goere\\\/slotsbutik\\\/#primaryimage\"},\"thumbnailUrl\":\"https:\\\/\\\/kalmarslott.se\\\/wp-content\\\/uploads\\\/2025\\\/06\\\/kalmarslottslottsbutiken-23-scaled.jpg\",\"datePublished\":\"2022-06-17T06:53:05+00:00\",\"dateModified\":\"2025-06-30T09:28:14+00:00\",\"breadcrumb\":{\"@id\":\"https:\\\/\\\/kalmarslott.se\\\/da\\\/se-goere\\\/slotsbutik\\\/#breadcrumb\"},\"inLanguage\":\"da-DK\",\"potentialAction\":[{\"@type\":\"ReadAction\",\"target\":[\"https:\\\/\\\/kalmarslott.se\\\/da\\\/se-goere\\\/slotsbutik\\\/\"]}]},{\"@type\":\"ImageObject\",\"inLanguage\":\"da-DK\",\"@id\":\"https:\\\/\\\/kalmarslott.se\\\/da\\\/se-goere\\\/slotsbutik\\\/#primaryimage\",\"url\":\"https:\\\/\\\/kalmarslott.se\\\/wp-content\\\/uploads\\\/2025\\\/06\\\/kalmarslottslottsbutiken-23-scaled.jpg\",\"contentUrl\":\"https:\\\/\\\/kalmarslott.se\\\/wp-content\\\/uploads\\\/2025\\\/06\\\/kalmarslottslottsbutiken-23-scaled.jpg\",\"width\":2560,\"height\":1707,\"caption\":\"Adam Humlesol\"},{\"@type\":\"BreadcrumbList\",\"@id\":\"https:\\\/\\\/kalmarslott.se\\\/da\\\/se-goere\\\/slotsbutik\\\/#breadcrumb\",\"itemListElement\":[{\"@type\":\"ListItem\",\"position\":1,\"name\":\"Hem\",\"item\":\"https:\\\/\\\/kalmarslott.se\\\/da\\\/\"},{\"@type\":\"ListItem\",\"position\":2,\"name\":\"Se &#038; g\u00f8re\",\"item\":\"https:\\\/\\\/kalmarslott.se\\\/da\\\/se-goere\\\/\"},{\"@type\":\"ListItem\",\"position\":3,\"name\":\"Slotsbutik\"}]},{\"@type\":\"WebSite\",\"@id\":\"https:\\\/\\\/kalmarslott.se\\\/da\\\/#website\",\"url\":\"https:\\\/\\\/kalmarslott.se\\\/da\\\/\",\"name\":\"Kalmar Slott\",\"description\":\"Ett riktigt slott\",\"potentialAction\":[{\"@type\":\"SearchAction\",\"target\":{\"@type\":\"EntryPoint\",\"urlTemplate\":\"https:\\\/\\\/kalmarslott.se\\\/da\\\/?s={search_term_string}\"},\"query-input\":{\"@type\":\"PropertyValueSpecification\",\"valueRequired\":true,\"valueName\":\"search_term_string\"}}],\"inLanguage\":\"da-DK\"}]}<\/script>\n<!-- \/ Yoast SEO plugin. -->","yoast_head_json":{"title":"Slotsbutik - Kalmar Slott","robots":{"index":"index","follow":"follow","max-snippet":"max-snippet:-1","max-image-preview":"max-image-preview:large","max-video-preview":"max-video-preview:-1"},"canonical":"https:\/\/kalmarslott.se\/da\/se-goere\/slotsbutik\/","og_locale":"da_DK","og_type":"article","og_title":"Slotsbutik - Kalmar Slott","og_description":"Her finder du gaver, interi\u00f8r, smykker, chokolade, s\u00e6ber, b\u00f8rneartikler og meget mere. Vi blander svensk og dansk design med historiske og lokale produkter. Du er velkommen til Slottsbutiken i slottets \u00e5bningstider. F\u00f8lg os p\u00e5 Instagram for at se vores sortiment! @kalmarslottsbutik","og_url":"https:\/\/kalmarslott.se\/da\/se-goere\/slotsbutik\/","og_site_name":"Kalmar Slott","article_modified_time":"2025-06-30T09:28:14+00:00","og_image":[{"width":2560,"height":1707,"url":"https:\/\/kalmarslott.se\/wp-content\/uploads\/2025\/06\/kalmarslottslottsbutiken-23-scaled.jpg","type":"image\/jpeg"}],"twitter_card":"summary_large_image","twitter_misc":{"Estimeret l\u00e6setid":"1 minut"},"schema":{"@context":"https:\/\/schema.org","@graph":[{"@type":"WebPage","@id":"https:\/\/kalmarslott.se\/da\/se-goere\/slotsbutik\/","url":"https:\/\/kalmarslott.se\/da\/se-goere\/slotsbutik\/","name":"Slotsbutik - Kalmar Slott","isPartOf":{"@id":"https:\/\/kalmarslott.se\/da\/#website"},"primaryImageOfPage":{"@id":"https:\/\/kalmarslott.se\/da\/se-goere\/slotsbutik\/#primaryimage"},"image":{"@id":"https:\/\/kalmarslott.se\/da\/se-goere\/slotsbutik\/#primaryimage"},"thumbnailUrl":"https:\/\/kalmarslott.se\/wp-content\/uploads\/2025\/06\/kalmarslottslottsbutiken-23-scaled.jpg","datePublished":"2022-06-17T06:53:05+00:00","dateModified":"2025-06-30T09:28:14+00:00","breadcrumb":{"@id":"https:\/\/kalmarslott.se\/da\/se-goere\/slotsbutik\/#breadcrumb"},"inLanguage":"da-DK","potentialAction":[{"@type":"ReadAction","target":["https:\/\/kalmarslott.se\/da\/se-goere\/slotsbutik\/"]}]},{"@type":"ImageObject","inLanguage":"da-DK","@id":"https:\/\/kalmarslott.se\/da\/se-goere\/slotsbutik\/#primaryimage","url":"https:\/\/kalmarslott.se\/wp-content\/uploads\/2025\/06\/kalmarslottslottsbutiken-23-scaled.jpg","contentUrl":"https:\/\/kalmarslott.se\/wp-content\/uploads\/2025\/06\/kalmarslottslottsbutiken-23-scaled.jpg","width":2560,"height":1707,"caption":"Adam Humlesol"},{"@type":"BreadcrumbList","@id":"https:\/\/kalmarslott.se\/da\/se-goere\/slotsbutik\/#breadcrumb","itemListElement":[{"@type":"ListItem","position":1,"name":"Hem","item":"https:\/\/kalmarslott.se\/da\/"},{"@type":"ListItem","position":2,"name":"Se &#038; g\u00f8re","item":"https:\/\/kalmarslott.se\/da\/se-goere\/"},{"@type":"ListItem","position":3,"name":"Slotsbutik"}]},{"@type":"WebSite","@id":"https:\/\/kalmarslott.se\/da\/#website","url":"https:\/\/kalmarslott.se\/da\/","name":"Kalmar Slott","description":"Ett riktigt slott","potentialAction":[{"@type":"SearchAction","target":{"@type":"EntryPoint","urlTemplate":"https:\/\/kalmarslott.se\/da\/?s={search_term_string}"},"query-input":{"@type":"PropertyValueSpecification","valueRequired":true,"valueName":"search_term_string"}}],"inLanguage":"da-DK"}]}},"_links":{"self":[{"href":"https:\/\/kalmarslott.se\/da\/wp-json\/wp\/v2\/pages\/11734","targetHints":{"allow":["GET"]}}],"collection":[{"href":"https:\/\/kalmarslott.se\/da\/wp-json\/wp\/v2\/pages"}],"about":[{"href":"https:\/\/kalmarslott.se\/da\/wp-json\/wp\/v2\/types\/page"}],"author":[{"embeddable":true,"href":"https:\/\/kalmarslott.se\/da\/wp-json\/wp\/v2\/users\/5"}],"replies":[{"embeddable":true,"href":"https:\/\/kalmarslott.se\/da\/wp-json\/wp\/v2\/comments?post=11734"}],"version-history":[{"count":2,"href":"https:\/\/kalmarslott.se\/da\/wp-json\/wp\/v2\/pages\/11734\/revisions"}],"predecessor-version":[{"id":11751,"href":"https:\/\/kalmarslott.se\/da\/wp-json\/wp\/v2\/pages\/11734\/revisions\/11751"}],"up":[{"embeddable":true,"href":"https:\/\/kalmarslott.se\/da\/wp-json\/wp\/v2\/pages\/9518"}],"wp:featuredmedia":[{"embeddable":true,"href":"https:\/\/kalmarslott.se\/da\/wp-json\/wp\/v2\/media\/11745"}],"wp:attachment":[{"href":"https:\/\/kalmarslott.se\/da\/wp-json\/wp\/v2\/media?parent=11734"}],"curies":[{"name":"wp","href":"https:\/\/api.w.org\/{rel}","templated":true}]}}