{"id":11653,"date":"2025-06-19T14:56:33","date_gmt":"2025-06-19T12:56:33","guid":{"rendered":"https:\/\/kalmarslott.se\/?page_id=11653"},"modified":"2025-09-12T13:58:27","modified_gmt":"2025-09-12T11:58:27","slug":"vanliga-fragor","status":"publish","type":"page","link":"https:\/\/kalmarslott.se\/da\/vanliga-fragor\/","title":{"rendered":"Vanliga fr\u00e5gor"},"content":{"rendered":"<p>H\u00e4r \u00e4r svaren p\u00e5 n\u00e5gra av de fr\u00e5gor vi ofta f\u00e5r.<br \/>\nOm du saknar svaret p\u00e5 just din fr\u00e5ga f\u00e5r du g\u00e4rna <a href=\"https:\/\/kalmarslott.se\/kontakt\/\">kontakta oss<\/a>.<\/p>\n","protected":false},"excerpt":{"rendered":"<p>H\u00e4r \u00e4r svaren p\u00e5 n\u00e5gra av de fr\u00e5gor vi ofta f\u00e5r. Om du saknar svaret p\u00e5 just din fr\u00e5ga f\u00e5r du g\u00e4rna kontakta oss.<\/p>\n","protected":false},"author":9,"featured_media":11365,"parent":0,"menu_order":0,"comment_status":"closed","ping_status":"closed","template":"page_faq.php","meta":{"_acf_changed":false,"footnotes":""},"class_list":["post-11653","page","type-page","status-publish","has-post-thumbnail","hentry"],"acf":[],"yoast_head":"<!-- This site is optimized with the Yoast SEO plugin v27.5 - https:\/\/yoast.com\/product\/yoast-seo-wordpress\/ -->\n<title>Vanliga fr\u00e5gor - Kalmar Slott<\/title>\n<meta name=\"robots\" content=\"index, follow, max-snippet:-1, max-image-preview:large, max-video-preview:-1\" \/>\n<link rel=\"canonical\" href=\"https:\/\/kalmarslott.se\/da\/vanliga-fragor\/\" \/>\n<meta property=\"og:locale\" content=\"da_DK\" \/>\n<meta property=\"og:type\" content=\"article\" \/>\n<meta property=\"og:title\" content=\"Vanliga fr\u00e5gor - Kalmar Slott\" \/>\n<meta property=\"og:description\" content=\"H\u00e4r \u00e4r svaren p\u00e5 n\u00e5gra av de fr\u00e5gor vi ofta f\u00e5r. Om du saknar svaret p\u00e5 just din fr\u00e5ga f\u00e5r du g\u00e4rna kontakta oss.\" \/>\n<meta property=\"og:url\" content=\"https:\/\/kalmarslott.se\/da\/vanliga-fragor\/\" \/>\n<meta property=\"og:site_name\" content=\"Kalmar Slott\" \/>\n<meta property=\"article:modified_time\" content=\"2025-09-12T11:58:27+00:00\" \/>\n<meta property=\"og:image\" content=\"https:\/\/kalmarslott.se\/wp-content\/uploads\/2025\/06\/ext-int-kalmar-slott-2017-12.jpg\" \/>\n\t<meta property=\"og:image:width\" content=\"1000\" \/>\n\t<meta property=\"og:image:height\" content=\"1500\" \/>\n\t<meta property=\"og:image:type\" content=\"image\/jpeg\" \/>\n<meta name=\"twitter:card\" content=\"summary_large_image\" \/>\n<meta name=\"twitter:label1\" content=\"Estimeret l\u00e6setid\" \/>\n\t<meta name=\"twitter:data1\" content=\"1 minut\" \/>\n<script type=\"application\/ld+json\" class=\"yoast-schema-graph\">{\"@context\":\"https:\\\/\\\/schema.org\",\"@graph\":[{\"@type\":\"WebPage\",\"@id\":\"https:\\\/\\\/kalmarslott.se\\\/da\\\/vanliga-fragor\\\/\",\"url\":\"https:\\\/\\\/kalmarslott.se\\\/da\\\/vanliga-fragor\\\/\",\"name\":\"Vanliga fr\u00e5gor - Kalmar Slott\",\"isPartOf\":{\"@id\":\"https:\\\/\\\/kalmarslott.se\\\/da\\\/#website\"},\"primaryImageOfPage\":{\"@id\":\"https:\\\/\\\/kalmarslott.se\\\/da\\\/vanliga-fragor\\\/#primaryimage\"},\"image\":{\"@id\":\"https:\\\/\\\/kalmarslott.se\\\/da\\\/vanliga-fragor\\\/#primaryimage\"},\"thumbnailUrl\":\"https:\\\/\\\/kalmarslott.se\\\/wp-content\\\/uploads\\\/2025\\\/06\\\/ext-int-kalmar-slott-2017-12.jpg\",\"datePublished\":\"2025-06-19T12:56:33+00:00\",\"dateModified\":\"2025-09-12T11:58:27+00:00\",\"breadcrumb\":{\"@id\":\"https:\\\/\\\/kalmarslott.se\\\/da\\\/vanliga-fragor\\\/#breadcrumb\"},\"inLanguage\":\"da-DK\",\"potentialAction\":[{\"@type\":\"ReadAction\",\"target\":[\"https:\\\/\\\/kalmarslott.se\\\/da\\\/vanliga-fragor\\\/\"]}]},{\"@type\":\"ImageObject\",\"inLanguage\":\"da-DK\",\"@id\":\"https:\\\/\\\/kalmarslott.se\\\/da\\\/vanliga-fragor\\\/#primaryimage\",\"url\":\"https:\\\/\\\/kalmarslott.se\\\/wp-content\\\/uploads\\\/2025\\\/06\\\/ext-int-kalmar-slott-2017-12.jpg\",\"contentUrl\":\"https:\\\/\\\/kalmarslott.se\\\/wp-content\\\/uploads\\\/2025\\\/06\\\/ext-int-kalmar-slott-2017-12.jpg\",\"width\":1000,\"height\":1500,\"caption\":\"Skuggspel p\u00e5 inre borgg\u00e5rden Kalmar Slott\"},{\"@type\":\"BreadcrumbList\",\"@id\":\"https:\\\/\\\/kalmarslott.se\\\/da\\\/vanliga-fragor\\\/#breadcrumb\",\"itemListElement\":[{\"@type\":\"ListItem\",\"position\":1,\"name\":\"Hem\",\"item\":\"https:\\\/\\\/kalmarslott.se\\\/da\\\/\"},{\"@type\":\"ListItem\",\"position\":2,\"name\":\"Vanliga fr\u00e5gor\"}]},{\"@type\":\"WebSite\",\"@id\":\"https:\\\/\\\/kalmarslott.se\\\/da\\\/#website\",\"url\":\"https:\\\/\\\/kalmarslott.se\\\/da\\\/\",\"name\":\"Kalmar Slott\",\"description\":\"Ett riktigt slott\",\"potentialAction\":[{\"@type\":\"SearchAction\",\"target\":{\"@type\":\"EntryPoint\",\"urlTemplate\":\"https:\\\/\\\/kalmarslott.se\\\/da\\\/?s={search_term_string}\"},\"query-input\":{\"@type\":\"PropertyValueSpecification\",\"valueRequired\":true,\"valueName\":\"search_term_string\"}}],\"inLanguage\":\"da-DK\"}]}<\/script>\n<!-- \/ Yoast SEO plugin. -->","yoast_head_json":{"title":"Vanliga fr\u00e5gor - Kalmar Slott","robots":{"index":"index","follow":"follow","max-snippet":"max-snippet:-1","max-image-preview":"max-image-preview:large","max-video-preview":"max-video-preview:-1"},"canonical":"https:\/\/kalmarslott.se\/da\/vanliga-fragor\/","og_locale":"da_DK","og_type":"article","og_title":"Vanliga fr\u00e5gor - Kalmar Slott","og_description":"H\u00e4r \u00e4r svaren p\u00e5 n\u00e5gra av de fr\u00e5gor vi ofta f\u00e5r. Om du saknar svaret p\u00e5 just din fr\u00e5ga f\u00e5r du g\u00e4rna kontakta oss.","og_url":"https:\/\/kalmarslott.se\/da\/vanliga-fragor\/","og_site_name":"Kalmar Slott","article_modified_time":"2025-09-12T11:58:27+00:00","og_image":[{"width":1000,"height":1500,"url":"https:\/\/kalmarslott.se\/wp-content\/uploads\/2025\/06\/ext-int-kalmar-slott-2017-12.jpg","type":"image\/jpeg"}],"twitter_card":"summary_large_image","twitter_misc":{"Estimeret l\u00e6setid":"1 minut"},"schema":{"@context":"https:\/\/schema.org","@graph":[{"@type":"WebPage","@id":"https:\/\/kalmarslott.se\/da\/vanliga-fragor\/","url":"https:\/\/kalmarslott.se\/da\/vanliga-fragor\/","name":"Vanliga fr\u00e5gor - Kalmar Slott","isPartOf":{"@id":"https:\/\/kalmarslott.se\/da\/#website"},"primaryImageOfPage":{"@id":"https:\/\/kalmarslott.se\/da\/vanliga-fragor\/#primaryimage"},"image":{"@id":"https:\/\/kalmarslott.se\/da\/vanliga-fragor\/#primaryimage"},"thumbnailUrl":"https:\/\/kalmarslott.se\/wp-content\/uploads\/2025\/06\/ext-int-kalmar-slott-2017-12.jpg","datePublished":"2025-06-19T12:56:33+00:00","dateModified":"2025-09-12T11:58:27+00:00","breadcrumb":{"@id":"https:\/\/kalmarslott.se\/da\/vanliga-fragor\/#breadcrumb"},"inLanguage":"da-DK","potentialAction":[{"@type":"ReadAction","target":["https:\/\/kalmarslott.se\/da\/vanliga-fragor\/"]}]},{"@type":"ImageObject","inLanguage":"da-DK","@id":"https:\/\/kalmarslott.se\/da\/vanliga-fragor\/#primaryimage","url":"https:\/\/kalmarslott.se\/wp-content\/uploads\/2025\/06\/ext-int-kalmar-slott-2017-12.jpg","contentUrl":"https:\/\/kalmarslott.se\/wp-content\/uploads\/2025\/06\/ext-int-kalmar-slott-2017-12.jpg","width":1000,"height":1500,"caption":"Skuggspel p\u00e5 inre borgg\u00e5rden Kalmar Slott"},{"@type":"BreadcrumbList","@id":"https:\/\/kalmarslott.se\/da\/vanliga-fragor\/#breadcrumb","itemListElement":[{"@type":"ListItem","position":1,"name":"Hem","item":"https:\/\/kalmarslott.se\/da\/"},{"@type":"ListItem","position":2,"name":"Vanliga fr\u00e5gor"}]},{"@type":"WebSite","@id":"https:\/\/kalmarslott.se\/da\/#website","url":"https:\/\/kalmarslott.se\/da\/","name":"Kalmar Slott","description":"Ett riktigt slott","potentialAction":[{"@type":"SearchAction","target":{"@type":"EntryPoint","urlTemplate":"https:\/\/kalmarslott.se\/da\/?s={search_term_string}"},"query-input":{"@type":"PropertyValueSpecification","valueRequired":true,"valueName":"search_term_string"}}],"inLanguage":"da-DK"}]}},"_links":{"self":[{"href":"https:\/\/kalmarslott.se\/da\/wp-json\/wp\/v2\/pages\/11653","targetHints":{"allow":["GET"]}}],"collection":[{"href":"https:\/\/kalmarslott.se\/da\/wp-json\/wp\/v2\/pages"}],"about":[{"href":"https:\/\/kalmarslott.se\/da\/wp-json\/wp\/v2\/types\/page"}],"author":[{"embeddable":true,"href":"https:\/\/kalmarslott.se\/da\/wp-json\/wp\/v2\/users\/9"}],"replies":[{"embeddable":true,"href":"https:\/\/kalmarslott.se\/da\/wp-json\/wp\/v2\/comments?post=11653"}],"version-history":[{"count":11,"href":"https:\/\/kalmarslott.se\/da\/wp-json\/wp\/v2\/pages\/11653\/revisions"}],"predecessor-version":[{"id":12267,"href":"https:\/\/kalmarslott.se\/da\/wp-json\/wp\/v2\/pages\/11653\/revisions\/12267"}],"wp:featuredmedia":[{"embeddable":true,"href":"https:\/\/kalmarslott.se\/da\/wp-json\/wp\/v2\/media\/11365"}],"wp:attachment":[{"href":"https:\/\/kalmarslott.se\/da\/wp-json\/wp\/v2\/media?parent=11653"}],"curies":[{"name":"wp","href":"https:\/\/api.w.org\/{rel}","templated":true}]}}