{"id":11498,"date":"2025-06-09T10:05:09","date_gmt":"2025-06-09T08:05:09","guid":{"rendered":"https:\/\/kalmarslott.se\/?page_id=11498"},"modified":"2025-07-16T16:02:32","modified_gmt":"2025-07-16T14:02:32","slug":"astro","status":"publish","type":"page","link":"https:\/\/kalmarslott.se\/da\/astro\/","title":{"rendered":"Alkemisten Astro"},"content":{"rendered":"<h2><img loading=\"lazy\" decoding=\"async\" class=\"aligncenter wp-image-11499 size-medium\" src=\"https:\/\/kalmarslott.se\/wp-content\/uploads\/2025\/06\/astrorund-03-300x297.png\" alt=\"Alkemisten Astro som h\u00e5ller i en bok och en rund flaska.\" width=\"300\" height=\"297\" srcset=\"https:\/\/kalmarslott.se\/wp-content\/uploads\/2025\/06\/astrorund-03-300x297.png 300w, https:\/\/kalmarslott.se\/wp-content\/uploads\/2025\/06\/astrorund-03-150x150.png 150w, https:\/\/kalmarslott.se\/wp-content\/uploads\/2025\/06\/astrorund-03-768x760.png 768w, https:\/\/kalmarslott.se\/wp-content\/uploads\/2025\/06\/astrorund-03.png 833w\" sizes=\"auto, (max-width: 300px) 100vw, 300px\" \/><\/h2>\n<h2 style=\"text-align: center;\">L\u00e4r k\u00e4nna alkemisten Astro!<\/h2>\n<p><span data-contrast=\"auto\">Astro Miramos Epistimus \u00e4r en l\u00e4rd och vetenskapskunnig person som bor p\u00e5 slottet. Hen \u00e4r en stj\u00e4rntydare, astronom, l\u00e4kare, magiker och alkemist. Astro \u00e4r mycket nyfiken och \u00e4lskar att utforska universums hemligheter. Hen dr\u00f6mmer om att skapa de vises sten, en magisk sten som kan bota sjukdomar och <\/span><span data-contrast=\"none\">f\u00f6rhindra att man blir gammal<\/span><span data-contrast=\"auto\">.<\/span><span data-ccp-props=\"{}\">\u00a0<\/span><\/p>\n<p><span data-contrast=\"auto\">Astro \u00e4r v\u00e4ldigt duktig p\u00e5 att g\u00f6ra experiment och att blanda olika ingredienser. Hen anv\u00e4nder ofta saker som drakslem, kvicksilver och arsenik i sina experiment. Astro \u00e4r ocks\u00e5 bra p\u00e5 att l\u00e4sa stj\u00e4rnorna och g\u00f6ra horoskop f\u00f6r folk. Hen tycker om att hj\u00e4lpa andra och att bota sjukdomar med sina kunskaper.<\/span><span data-ccp-props=\"{}\">\u00a0<\/span><\/p>\n<p><span data-contrast=\"auto\">Trots att Astro \u00e4r mycket klok och kunnig, har hen ocks\u00e5 lite otur ibland. Hen k\u00e4nner sig ibland nerv\u00f6s av kungens krav p\u00e5 att framst\u00e4lla guld. <\/span><span data-contrast=\"none\">Hen f\u00f6rs\u00f6ker sig ofta p\u00e5 nya experiment som inte alltid g\u00e5r som hen t\u00e4nker.<\/span><span data-contrast=\"auto\"> Men Astro \u00e4r alltid modig och forts\u00e4tter att dr\u00f6mma om stora uppt\u00e4ckter och \u00e4ventyr.<\/span><span data-ccp-props=\"{}\">\u00a0<\/span><\/p>\n<h2 style=\"text-align: center;\"><img loading=\"lazy\" decoding=\"async\" class=\"aligncenter wp-image-11388 size-thumbnail\" src=\"https:\/\/kalmarslott.se\/wp-content\/uploads\/2025\/06\/bocker-150x150.png\" alt=\"Illustration med b\u00f6cker i en h\u00f6g\" width=\"150\" height=\"150\" \/>L\u00e4s en saga med Astro<\/h2>\n<p><strong>Skapa en personlig saga f\u00f6r ditt barn tillsammans med Astro \u2013 klistra in denna text i valfri AI-chatt:<\/strong><\/p>\n<p>Skriv en personlig saga f\u00f6r ett barn som utspelar sig p\u00e5 Kalmar Slott.<\/p>\n<p>Barnets namn \u00e4r: <strong>[skriv barnets f\u00f6rnamn h\u00e4r]<\/strong><br \/>\nBarnets \u00e5lder \u00e4r: <strong>[skriv barnets \u00e5lder h\u00e4r]<\/strong> \u00e5r<br \/>\nSagan ska ta ungef\u00e4r <strong>[skriv antal minuter h\u00e4r]<\/strong> minuter att l\u00e4sa h\u00f6gt. (R\u00e4kna med ca 100\u2013130 ord per minut.)<\/p>\n<p>I sagan ska barnet vara huvudperson och f\u00e5 uppleva ett sp\u00e4nnande och tryggt \u00e4ventyr, tillsammans med Astro, p\u00e5 Kalmar Slott. Inga andra personer ska f\u00f6rekomma i sagan. H\u00e4mta information om Astro endast fr\u00e5n denna sida; https:\/\/kalmarslott.se\/astro\/<\/p>\n<p>Sagan ska ha en tydlig b\u00f6rjan d\u00e4r barnet tr\u00e4ffar alkemisten Astro, ett sp\u00e4nnande och tryggt \u00e4ventyr i mitten och ett lyckligt och varmt slut. Anpassa spr\u00e5k och inneh\u00e5ll efter barnets \u00e5lder. G\u00f6r sagan fantasifull, lekfull och l\u00e4tt att f\u00f6lja f\u00f6r ett barn i den \u00e5ldern.<\/p>\n<h2><img loading=\"lazy\" decoding=\"async\" class=\"aligncenter wp-image-11384 size-full\" src=\"https:\/\/kalmarslott.se\/wp-content\/uploads\/2025\/06\/brev-e1748979973984.png\" alt=\"Illustration brevrulle\" width=\"150\" height=\"54\" \/><\/h2>\n<h2 style=\"text-align: center;\">Astro bjuder in!<\/h2>\n<p>Ge barnet en egen inbjudan till Barnens Slott fr\u00e5n Astro!<\/p>\n<p>Du hittar inbjudan h\u00e4r: <a href=\"https:\/\/kalmarslott.se\/wp-content\/uploads\/2025\/06\/inbjudana4astro-1.pdf\" target=\"_blank\" rel=\"noopener\">Inbjudan fr\u00e5n Astro<\/a><br \/>\nSkriv bara barnets namn och skriv ut p\u00e5 en vanlig skrivare.<\/p>\n<p><strong>Tips<\/strong><\/p>\n<ul>\n<li>Centrera barnets namn genom att trycka mellanslag f\u00f6re namnet.<\/li>\n<li>Det g\u00e5r sj\u00e4lvklart bra att skriva barnets namn f\u00f6r hand ocks\u00e5! Eller l\u00e5ta det vara tomt.<\/li>\n<li>Klipp bort den vita ramen p\u00e5 utskriften, f\u00f6r att g\u00f6ra den mer trov\u00e4rdig.<\/li>\n<li>Rulla ihop pappret och knyt ett fint sn\u00f6re runt innan du ger det till barnet!<\/li>\n<li>Om du vill g\u00f6ra det \u00e4nnu mer magiskt kan du l\u00e4gga till f\u00f6ljande mening i sago-prompten ovan, att l\u00e4sa innan du ger inbjudan;<br \/>\n&#8220;Avsluta sagan med att kungen bjuder in barnet till Barnens Slott i sommar&#8221; (l\u00e4gg ev. till vilken dag).<\/li>\n<\/ul>\n<p>&nbsp;<\/p>\n<p><iframe loading=\"lazy\" title=\"M\u00f6t Astro p\u00e5 Barnens Slott!\" width=\"500\" height=\"281\" src=\"https:\/\/www.youtube.com\/embed\/pIyXZJrVFKc?feature=oembed\" frameborder=\"0\" allow=\"accelerometer; autoplay; clipboard-write; encrypted-media; gyroscope; picture-in-picture; web-share\" referrerpolicy=\"strict-origin-when-cross-origin\" allowfullscreen><\/iframe><\/p>\n","protected":false},"excerpt":{"rendered":"<p>L\u00e4r k\u00e4nna alkemisten Astro! Astro Miramos Epistimus \u00e4r en l\u00e4rd och vetenskapskunnig person som bor p\u00e5 slottet. Hen \u00e4r en stj\u00e4rntydare, astronom, l\u00e4kare, magiker och alkemist. Astro \u00e4r mycket nyfiken och \u00e4lskar att utforska universums hemligheter. Hen dr\u00f6mmer om att skapa de vises sten, en magisk sten som kan bota sjukdomar och f\u00f6rhindra att man [&hellip;]<\/p>\n","protected":false},"author":5,"featured_media":11503,"parent":0,"menu_order":0,"comment_status":"closed","ping_status":"closed","template":"","meta":{"_acf_changed":false,"footnotes":""},"class_list":["post-11498","page","type-page","status-publish","has-post-thumbnail","hentry"],"acf":[],"yoast_head":"<!-- This site is optimized with the Yoast SEO plugin v27.3 - https:\/\/yoast.com\/product\/yoast-seo-wordpress\/ -->\n<title>Alkemisten Astro - Kalmar Slott<\/title>\n<meta name=\"robots\" content=\"index, follow, max-snippet:-1, max-image-preview:large, max-video-preview:-1\" \/>\n<link rel=\"canonical\" href=\"https:\/\/kalmarslott.se\/da\/astro\/\" \/>\n<meta property=\"og:locale\" content=\"da_DK\" \/>\n<meta property=\"og:type\" content=\"article\" \/>\n<meta property=\"og:title\" content=\"Alkemisten Astro - Kalmar Slott\" \/>\n<meta property=\"og:description\" content=\"L\u00e4r k\u00e4nna alkemisten Astro! Astro Miramos Epistimus \u00e4r en l\u00e4rd och vetenskapskunnig person som bor p\u00e5 slottet. Hen \u00e4r en stj\u00e4rntydare, astronom, l\u00e4kare, magiker och alkemist. Astro \u00e4r mycket nyfiken och \u00e4lskar att utforska universums hemligheter. Hen dr\u00f6mmer om att skapa de vises sten, en magisk sten som kan bota sjukdomar och f\u00f6rhindra att man [&hellip;]\" \/>\n<meta property=\"og:url\" content=\"https:\/\/kalmarslott.se\/da\/astro\/\" \/>\n<meta property=\"og:site_name\" content=\"Kalmar Slott\" \/>\n<meta property=\"article:modified_time\" content=\"2025-07-16T14:02:32+00:00\" \/>\n<meta property=\"og:image\" content=\"https:\/\/kalmarslott.se\/wp-content\/uploads\/2025\/06\/astrokvadrat-e1749456797317.png\" \/>\n\t<meta property=\"og:image:width\" content=\"825\" \/>\n\t<meta property=\"og:image:height\" content=\"824\" \/>\n\t<meta property=\"og:image:type\" content=\"image\/png\" \/>\n<meta name=\"twitter:card\" content=\"summary_large_image\" \/>\n<meta name=\"twitter:label1\" content=\"Estimeret l\u00e6setid\" \/>\n\t<meta name=\"twitter:data1\" content=\"4 minutter\" \/>\n<script type=\"application\/ld+json\" class=\"yoast-schema-graph\">{\"@context\":\"https:\\\/\\\/schema.org\",\"@graph\":[{\"@type\":\"WebPage\",\"@id\":\"https:\\\/\\\/kalmarslott.se\\\/da\\\/astro\\\/\",\"url\":\"https:\\\/\\\/kalmarslott.se\\\/da\\\/astro\\\/\",\"name\":\"Alkemisten Astro - Kalmar Slott\",\"isPartOf\":{\"@id\":\"https:\\\/\\\/kalmarslott.se\\\/da\\\/#website\"},\"primaryImageOfPage\":{\"@id\":\"https:\\\/\\\/kalmarslott.se\\\/da\\\/astro\\\/#primaryimage\"},\"image\":{\"@id\":\"https:\\\/\\\/kalmarslott.se\\\/da\\\/astro\\\/#primaryimage\"},\"thumbnailUrl\":\"https:\\\/\\\/kalmarslott.se\\\/wp-content\\\/uploads\\\/2025\\\/06\\\/astrokvadrat-e1749456797317.png\",\"datePublished\":\"2025-06-09T08:05:09+00:00\",\"dateModified\":\"2025-07-16T14:02:32+00:00\",\"breadcrumb\":{\"@id\":\"https:\\\/\\\/kalmarslott.se\\\/da\\\/astro\\\/#breadcrumb\"},\"inLanguage\":\"da-DK\",\"potentialAction\":[{\"@type\":\"ReadAction\",\"target\":[\"https:\\\/\\\/kalmarslott.se\\\/da\\\/astro\\\/\"]}]},{\"@type\":\"ImageObject\",\"inLanguage\":\"da-DK\",\"@id\":\"https:\\\/\\\/kalmarslott.se\\\/da\\\/astro\\\/#primaryimage\",\"url\":\"https:\\\/\\\/kalmarslott.se\\\/wp-content\\\/uploads\\\/2025\\\/06\\\/astrokvadrat-e1749456797317.png\",\"contentUrl\":\"https:\\\/\\\/kalmarslott.se\\\/wp-content\\\/uploads\\\/2025\\\/06\\\/astrokvadrat-e1749456797317.png\",\"width\":825,\"height\":824,\"caption\":\"Alkemisten Astro som h\u00e5ller i en bok och en rund flaska.\"},{\"@type\":\"BreadcrumbList\",\"@id\":\"https:\\\/\\\/kalmarslott.se\\\/da\\\/astro\\\/#breadcrumb\",\"itemListElement\":[{\"@type\":\"ListItem\",\"position\":1,\"name\":\"Hem\",\"item\":\"https:\\\/\\\/kalmarslott.se\\\/da\\\/\"},{\"@type\":\"ListItem\",\"position\":2,\"name\":\"Alkemisten Astro\"}]},{\"@type\":\"WebSite\",\"@id\":\"https:\\\/\\\/kalmarslott.se\\\/da\\\/#website\",\"url\":\"https:\\\/\\\/kalmarslott.se\\\/da\\\/\",\"name\":\"Kalmar Slott\",\"description\":\"Ett riktigt slott\",\"potentialAction\":[{\"@type\":\"SearchAction\",\"target\":{\"@type\":\"EntryPoint\",\"urlTemplate\":\"https:\\\/\\\/kalmarslott.se\\\/da\\\/?s={search_term_string}\"},\"query-input\":{\"@type\":\"PropertyValueSpecification\",\"valueRequired\":true,\"valueName\":\"search_term_string\"}}],\"inLanguage\":\"da-DK\"}]}<\/script>\n<!-- \/ Yoast SEO plugin. -->","yoast_head_json":{"title":"Alkemisten Astro - Kalmar Slott","robots":{"index":"index","follow":"follow","max-snippet":"max-snippet:-1","max-image-preview":"max-image-preview:large","max-video-preview":"max-video-preview:-1"},"canonical":"https:\/\/kalmarslott.se\/da\/astro\/","og_locale":"da_DK","og_type":"article","og_title":"Alkemisten Astro - Kalmar Slott","og_description":"L\u00e4r k\u00e4nna alkemisten Astro! Astro Miramos Epistimus \u00e4r en l\u00e4rd och vetenskapskunnig person som bor p\u00e5 slottet. Hen \u00e4r en stj\u00e4rntydare, astronom, l\u00e4kare, magiker och alkemist. Astro \u00e4r mycket nyfiken och \u00e4lskar att utforska universums hemligheter. Hen dr\u00f6mmer om att skapa de vises sten, en magisk sten som kan bota sjukdomar och f\u00f6rhindra att man [&hellip;]","og_url":"https:\/\/kalmarslott.se\/da\/astro\/","og_site_name":"Kalmar Slott","article_modified_time":"2025-07-16T14:02:32+00:00","og_image":[{"width":825,"height":824,"url":"https:\/\/kalmarslott.se\/wp-content\/uploads\/2025\/06\/astrokvadrat-e1749456797317.png","type":"image\/png"}],"twitter_card":"summary_large_image","twitter_misc":{"Estimeret l\u00e6setid":"4 minutter"},"schema":{"@context":"https:\/\/schema.org","@graph":[{"@type":"WebPage","@id":"https:\/\/kalmarslott.se\/da\/astro\/","url":"https:\/\/kalmarslott.se\/da\/astro\/","name":"Alkemisten Astro - Kalmar Slott","isPartOf":{"@id":"https:\/\/kalmarslott.se\/da\/#website"},"primaryImageOfPage":{"@id":"https:\/\/kalmarslott.se\/da\/astro\/#primaryimage"},"image":{"@id":"https:\/\/kalmarslott.se\/da\/astro\/#primaryimage"},"thumbnailUrl":"https:\/\/kalmarslott.se\/wp-content\/uploads\/2025\/06\/astrokvadrat-e1749456797317.png","datePublished":"2025-06-09T08:05:09+00:00","dateModified":"2025-07-16T14:02:32+00:00","breadcrumb":{"@id":"https:\/\/kalmarslott.se\/da\/astro\/#breadcrumb"},"inLanguage":"da-DK","potentialAction":[{"@type":"ReadAction","target":["https:\/\/kalmarslott.se\/da\/astro\/"]}]},{"@type":"ImageObject","inLanguage":"da-DK","@id":"https:\/\/kalmarslott.se\/da\/astro\/#primaryimage","url":"https:\/\/kalmarslott.se\/wp-content\/uploads\/2025\/06\/astrokvadrat-e1749456797317.png","contentUrl":"https:\/\/kalmarslott.se\/wp-content\/uploads\/2025\/06\/astrokvadrat-e1749456797317.png","width":825,"height":824,"caption":"Alkemisten Astro som h\u00e5ller i en bok och en rund flaska."},{"@type":"BreadcrumbList","@id":"https:\/\/kalmarslott.se\/da\/astro\/#breadcrumb","itemListElement":[{"@type":"ListItem","position":1,"name":"Hem","item":"https:\/\/kalmarslott.se\/da\/"},{"@type":"ListItem","position":2,"name":"Alkemisten Astro"}]},{"@type":"WebSite","@id":"https:\/\/kalmarslott.se\/da\/#website","url":"https:\/\/kalmarslott.se\/da\/","name":"Kalmar Slott","description":"Ett riktigt slott","potentialAction":[{"@type":"SearchAction","target":{"@type":"EntryPoint","urlTemplate":"https:\/\/kalmarslott.se\/da\/?s={search_term_string}"},"query-input":{"@type":"PropertyValueSpecification","valueRequired":true,"valueName":"search_term_string"}}],"inLanguage":"da-DK"}]}},"_links":{"self":[{"href":"https:\/\/kalmarslott.se\/da\/wp-json\/wp\/v2\/pages\/11498","targetHints":{"allow":["GET"]}}],"collection":[{"href":"https:\/\/kalmarslott.se\/da\/wp-json\/wp\/v2\/pages"}],"about":[{"href":"https:\/\/kalmarslott.se\/da\/wp-json\/wp\/v2\/types\/page"}],"author":[{"embeddable":true,"href":"https:\/\/kalmarslott.se\/da\/wp-json\/wp\/v2\/users\/5"}],"replies":[{"embeddable":true,"href":"https:\/\/kalmarslott.se\/da\/wp-json\/wp\/v2\/comments?post=11498"}],"version-history":[{"count":11,"href":"https:\/\/kalmarslott.se\/da\/wp-json\/wp\/v2\/pages\/11498\/revisions"}],"predecessor-version":[{"id":11808,"href":"https:\/\/kalmarslott.se\/da\/wp-json\/wp\/v2\/pages\/11498\/revisions\/11808"}],"wp:featuredmedia":[{"embeddable":true,"href":"https:\/\/kalmarslott.se\/da\/wp-json\/wp\/v2\/media\/11503"}],"wp:attachment":[{"href":"https:\/\/kalmarslott.se\/da\/wp-json\/wp\/v2\/media?parent=11498"}],"curies":[{"name":"wp","href":"https:\/\/api.w.org\/{rel}","templated":true}]}}