{"id":1148,"date":"2022-06-17T12:58:47","date_gmt":"2022-06-17T10:58:47","guid":{"rendered":"https:\/\/kalmarslott.se\/?page_id=1148"},"modified":"2025-11-06T13:43:09","modified_gmt":"2025-11-06T11:43:09","slug":"kyrklig-vigsel","status":"publish","type":"page","link":"https:\/\/kalmarslott.se\/da\/boka\/kyrklig-vigsel\/","title":{"rendered":"Kyrklig vigsel"},"content":{"rendered":"<h2><span style=\"font-weight: 400;\">Vackra Kalmar Slottskyrka bjuder in till en kunglig vigsel p\u00e5 ett riktigt slott<\/span><\/h2>\n<p><span style=\"font-weight: 400;\">Slottskyrkan uppf\u00f6rdes p\u00e5 initiativ av Johan III i slutet av 1500-talet. Men det var f\u00f6rst n\u00e4r Gustav II Adolf skulle motta Maria Elonora i Kalmar 1620 som kyrkan fick sin fasta inredning. Denna inredning finns till stor del \u00e4nnu kvar med sina eleganta kungs- och drottningsb\u00e4nkar. Idag \u00e4r Kalmar slottskyrka en av Sveriges popul\u00e4raste vigselkyrkor.<\/span><\/p>\n<h2><b>Boka slottskyrkan<\/b><\/h2>\n<p><span style=\"font-weight: 400;\">Om du vill boka tid f\u00f6r vigsel eller dop \u00e4r du v\u00e4lkommen att kontakta pastorsexpeditionen, <\/span><a href=\"https:\/\/www.svenskakyrkan.se\/kalmar\"><span style=\"font-weight: 400;\">Svenska Kyrkan i Kalmar<\/span><\/a><span style=\"font-weight: 400;\">, tel 0480-42 14 00 (\u00f6ppet kl. 09.00 &#8211; 15.00).<\/span><\/p>\n<p><img loading=\"lazy\" decoding=\"async\" class=\"alignnone wp-image-594 size-large\" src=\"https:\/\/kalmarslott.se\/wp-content\/uploads\/2022\/06\/bokabrollopkyrkligvigselbrudparvidaltare-scaled-e1655715996211-1024x702.jpg\" alt=\"\" width=\"1024\" height=\"702\" srcset=\"https:\/\/kalmarslott.se\/wp-content\/uploads\/2022\/06\/bokabrollopkyrkligvigselbrudparvidaltare-scaled-e1655715996211-1024x702.jpg 1024w, https:\/\/kalmarslott.se\/wp-content\/uploads\/2022\/06\/bokabrollopkyrkligvigselbrudparvidaltare-scaled-e1655715996211-300x206.jpg 300w, https:\/\/kalmarslott.se\/wp-content\/uploads\/2022\/06\/bokabrollopkyrkligvigselbrudparvidaltare-scaled-e1655715996211-1536x1054.jpg 1536w\" sizes=\"auto, (max-width: 1024px) 100vw, 1024px\" \/><\/p>\n","protected":false},"excerpt":{"rendered":"<p>Vackra Kalmar Slottskyrka bjuder in till en kunglig vigsel p\u00e5 ett riktigt slott Slottskyrkan uppf\u00f6rdes p\u00e5 initiativ av Johan III i slutet av 1500-talet. Men det var f\u00f6rst n\u00e4r Gustav II Adolf skulle motta Maria Elonora i Kalmar 1620 som kyrkan fick sin fasta inredning. Denna inredning finns till stor del \u00e4nnu kvar med sina [&hellip;]<\/p>\n","protected":false},"author":1,"featured_media":593,"parent":494,"menu_order":0,"comment_status":"closed","ping_status":"closed","template":"","meta":{"_acf_changed":false,"footnotes":""},"class_list":["post-1148","page","type-page","status-publish","has-post-thumbnail","hentry"],"acf":[],"yoast_head":"<!-- This site is optimized with the Yoast SEO plugin v27.3 - https:\/\/yoast.com\/product\/yoast-seo-wordpress\/ -->\n<title>Kyrklig vigsel - Kalmar Slott<\/title>\n<meta name=\"robots\" content=\"index, follow, max-snippet:-1, max-image-preview:large, max-video-preview:-1\" \/>\n<link rel=\"canonical\" href=\"https:\/\/kalmarslott.se\/da\/boka\/kyrklig-vigsel\/\" \/>\n<meta property=\"og:locale\" content=\"da_DK\" \/>\n<meta property=\"og:type\" content=\"article\" \/>\n<meta property=\"og:title\" content=\"Kyrklig vigsel - Kalmar Slott\" \/>\n<meta property=\"og:description\" content=\"Vackra Kalmar Slottskyrka bjuder in till en kunglig vigsel p\u00e5 ett riktigt slott Slottskyrkan uppf\u00f6rdes p\u00e5 initiativ av Johan III i slutet av 1500-talet. Men det var f\u00f6rst n\u00e4r Gustav II Adolf skulle motta Maria Elonora i Kalmar 1620 som kyrkan fick sin fasta inredning. Denna inredning finns till stor del \u00e4nnu kvar med sina [&hellip;]\" \/>\n<meta property=\"og:url\" content=\"https:\/\/kalmarslott.se\/da\/boka\/kyrklig-vigsel\/\" \/>\n<meta property=\"og:site_name\" content=\"Kalmar Slott\" \/>\n<meta property=\"article:modified_time\" content=\"2025-11-06T11:43:09+00:00\" \/>\n<meta property=\"og:image\" content=\"https:\/\/kalmarslott.se\/wp-content\/uploads\/2022\/06\/bokabrollopkyrkligvigselbrudparislottskyrkan-scaled.jpg\" \/>\n\t<meta property=\"og:image:width\" content=\"2560\" \/>\n\t<meta property=\"og:image:height\" content=\"1707\" \/>\n\t<meta property=\"og:image:type\" content=\"image\/jpeg\" \/>\n<meta name=\"twitter:card\" content=\"summary_large_image\" \/>\n<meta name=\"twitter:label1\" content=\"Estimeret l\u00e6setid\" \/>\n\t<meta name=\"twitter:data1\" content=\"1 minut\" \/>\n<script type=\"application\/ld+json\" class=\"yoast-schema-graph\">{\"@context\":\"https:\\\/\\\/schema.org\",\"@graph\":[{\"@type\":\"WebPage\",\"@id\":\"https:\\\/\\\/kalmarslott.se\\\/da\\\/boka\\\/kyrklig-vigsel\\\/\",\"url\":\"https:\\\/\\\/kalmarslott.se\\\/da\\\/boka\\\/kyrklig-vigsel\\\/\",\"name\":\"Kyrklig vigsel - Kalmar Slott\",\"isPartOf\":{\"@id\":\"https:\\\/\\\/kalmarslott.se\\\/da\\\/#website\"},\"primaryImageOfPage\":{\"@id\":\"https:\\\/\\\/kalmarslott.se\\\/da\\\/boka\\\/kyrklig-vigsel\\\/#primaryimage\"},\"image\":{\"@id\":\"https:\\\/\\\/kalmarslott.se\\\/da\\\/boka\\\/kyrklig-vigsel\\\/#primaryimage\"},\"thumbnailUrl\":\"https:\\\/\\\/kalmarslott.se\\\/wp-content\\\/uploads\\\/2022\\\/06\\\/bokabrollopkyrkligvigselbrudparislottskyrkan-scaled.jpg\",\"datePublished\":\"2022-06-17T10:58:47+00:00\",\"dateModified\":\"2025-11-06T11:43:09+00:00\",\"breadcrumb\":{\"@id\":\"https:\\\/\\\/kalmarslott.se\\\/da\\\/boka\\\/kyrklig-vigsel\\\/#breadcrumb\"},\"inLanguage\":\"da-DK\",\"potentialAction\":[{\"@type\":\"ReadAction\",\"target\":[\"https:\\\/\\\/kalmarslott.se\\\/da\\\/boka\\\/kyrklig-vigsel\\\/\"]}]},{\"@type\":\"ImageObject\",\"inLanguage\":\"da-DK\",\"@id\":\"https:\\\/\\\/kalmarslott.se\\\/da\\\/boka\\\/kyrklig-vigsel\\\/#primaryimage\",\"url\":\"https:\\\/\\\/kalmarslott.se\\\/wp-content\\\/uploads\\\/2022\\\/06\\\/bokabrollopkyrkligvigselbrudparislottskyrkan-scaled.jpg\",\"contentUrl\":\"https:\\\/\\\/kalmarslott.se\\\/wp-content\\\/uploads\\\/2022\\\/06\\\/bokabrollopkyrkligvigselbrudparislottskyrkan-scaled.jpg\",\"width\":2560,\"height\":1707,\"caption\":\"Boka Brollop Kyrklig Vigsel\"},{\"@type\":\"BreadcrumbList\",\"@id\":\"https:\\\/\\\/kalmarslott.se\\\/da\\\/boka\\\/kyrklig-vigsel\\\/#breadcrumb\",\"itemListElement\":[{\"@type\":\"ListItem\",\"position\":1,\"name\":\"Hem\",\"item\":\"https:\\\/\\\/kalmarslott.se\\\/da\\\/\"},{\"@type\":\"ListItem\",\"position\":2,\"name\":\"Boka\",\"item\":\"https:\\\/\\\/kalmarslott.se\\\/da\\\/boka\\\/\"},{\"@type\":\"ListItem\",\"position\":3,\"name\":\"Kyrklig vigsel\"}]},{\"@type\":\"WebSite\",\"@id\":\"https:\\\/\\\/kalmarslott.se\\\/da\\\/#website\",\"url\":\"https:\\\/\\\/kalmarslott.se\\\/da\\\/\",\"name\":\"Kalmar Slott\",\"description\":\"Ett riktigt slott\",\"potentialAction\":[{\"@type\":\"SearchAction\",\"target\":{\"@type\":\"EntryPoint\",\"urlTemplate\":\"https:\\\/\\\/kalmarslott.se\\\/da\\\/?s={search_term_string}\"},\"query-input\":{\"@type\":\"PropertyValueSpecification\",\"valueRequired\":true,\"valueName\":\"search_term_string\"}}],\"inLanguage\":\"da-DK\"}]}<\/script>\n<!-- \/ Yoast SEO plugin. -->","yoast_head_json":{"title":"Kyrklig vigsel - Kalmar Slott","robots":{"index":"index","follow":"follow","max-snippet":"max-snippet:-1","max-image-preview":"max-image-preview:large","max-video-preview":"max-video-preview:-1"},"canonical":"https:\/\/kalmarslott.se\/da\/boka\/kyrklig-vigsel\/","og_locale":"da_DK","og_type":"article","og_title":"Kyrklig vigsel - Kalmar Slott","og_description":"Vackra Kalmar Slottskyrka bjuder in till en kunglig vigsel p\u00e5 ett riktigt slott Slottskyrkan uppf\u00f6rdes p\u00e5 initiativ av Johan III i slutet av 1500-talet. Men det var f\u00f6rst n\u00e4r Gustav II Adolf skulle motta Maria Elonora i Kalmar 1620 som kyrkan fick sin fasta inredning. Denna inredning finns till stor del \u00e4nnu kvar med sina [&hellip;]","og_url":"https:\/\/kalmarslott.se\/da\/boka\/kyrklig-vigsel\/","og_site_name":"Kalmar Slott","article_modified_time":"2025-11-06T11:43:09+00:00","og_image":[{"width":2560,"height":1707,"url":"https:\/\/kalmarslott.se\/wp-content\/uploads\/2022\/06\/bokabrollopkyrkligvigselbrudparislottskyrkan-scaled.jpg","type":"image\/jpeg"}],"twitter_card":"summary_large_image","twitter_misc":{"Estimeret l\u00e6setid":"1 minut"},"schema":{"@context":"https:\/\/schema.org","@graph":[{"@type":"WebPage","@id":"https:\/\/kalmarslott.se\/da\/boka\/kyrklig-vigsel\/","url":"https:\/\/kalmarslott.se\/da\/boka\/kyrklig-vigsel\/","name":"Kyrklig vigsel - Kalmar Slott","isPartOf":{"@id":"https:\/\/kalmarslott.se\/da\/#website"},"primaryImageOfPage":{"@id":"https:\/\/kalmarslott.se\/da\/boka\/kyrklig-vigsel\/#primaryimage"},"image":{"@id":"https:\/\/kalmarslott.se\/da\/boka\/kyrklig-vigsel\/#primaryimage"},"thumbnailUrl":"https:\/\/kalmarslott.se\/wp-content\/uploads\/2022\/06\/bokabrollopkyrkligvigselbrudparislottskyrkan-scaled.jpg","datePublished":"2022-06-17T10:58:47+00:00","dateModified":"2025-11-06T11:43:09+00:00","breadcrumb":{"@id":"https:\/\/kalmarslott.se\/da\/boka\/kyrklig-vigsel\/#breadcrumb"},"inLanguage":"da-DK","potentialAction":[{"@type":"ReadAction","target":["https:\/\/kalmarslott.se\/da\/boka\/kyrklig-vigsel\/"]}]},{"@type":"ImageObject","inLanguage":"da-DK","@id":"https:\/\/kalmarslott.se\/da\/boka\/kyrklig-vigsel\/#primaryimage","url":"https:\/\/kalmarslott.se\/wp-content\/uploads\/2022\/06\/bokabrollopkyrkligvigselbrudparislottskyrkan-scaled.jpg","contentUrl":"https:\/\/kalmarslott.se\/wp-content\/uploads\/2022\/06\/bokabrollopkyrkligvigselbrudparislottskyrkan-scaled.jpg","width":2560,"height":1707,"caption":"Boka Brollop Kyrklig Vigsel"},{"@type":"BreadcrumbList","@id":"https:\/\/kalmarslott.se\/da\/boka\/kyrklig-vigsel\/#breadcrumb","itemListElement":[{"@type":"ListItem","position":1,"name":"Hem","item":"https:\/\/kalmarslott.se\/da\/"},{"@type":"ListItem","position":2,"name":"Boka","item":"https:\/\/kalmarslott.se\/da\/boka\/"},{"@type":"ListItem","position":3,"name":"Kyrklig vigsel"}]},{"@type":"WebSite","@id":"https:\/\/kalmarslott.se\/da\/#website","url":"https:\/\/kalmarslott.se\/da\/","name":"Kalmar Slott","description":"Ett riktigt slott","potentialAction":[{"@type":"SearchAction","target":{"@type":"EntryPoint","urlTemplate":"https:\/\/kalmarslott.se\/da\/?s={search_term_string}"},"query-input":{"@type":"PropertyValueSpecification","valueRequired":true,"valueName":"search_term_string"}}],"inLanguage":"da-DK"}]}},"_links":{"self":[{"href":"https:\/\/kalmarslott.se\/da\/wp-json\/wp\/v2\/pages\/1148","targetHints":{"allow":["GET"]}}],"collection":[{"href":"https:\/\/kalmarslott.se\/da\/wp-json\/wp\/v2\/pages"}],"about":[{"href":"https:\/\/kalmarslott.se\/da\/wp-json\/wp\/v2\/types\/page"}],"author":[{"embeddable":true,"href":"https:\/\/kalmarslott.se\/da\/wp-json\/wp\/v2\/users\/1"}],"replies":[{"embeddable":true,"href":"https:\/\/kalmarslott.se\/da\/wp-json\/wp\/v2\/comments?post=1148"}],"version-history":[{"count":5,"href":"https:\/\/kalmarslott.se\/da\/wp-json\/wp\/v2\/pages\/1148\/revisions"}],"predecessor-version":[{"id":12643,"href":"https:\/\/kalmarslott.se\/da\/wp-json\/wp\/v2\/pages\/1148\/revisions\/12643"}],"up":[{"embeddable":true,"href":"https:\/\/kalmarslott.se\/da\/wp-json\/wp\/v2\/pages\/494"}],"wp:featuredmedia":[{"embeddable":true,"href":"https:\/\/kalmarslott.se\/da\/wp-json\/wp\/v2\/media\/593"}],"wp:attachment":[{"href":"https:\/\/kalmarslott.se\/da\/wp-json\/wp\/v2\/media?parent=1148"}],"curies":[{"name":"wp","href":"https:\/\/api.w.org\/{rel}","templated":true}]}}