{"id":11404,"date":"2025-06-09T09:49:08","date_gmt":"2025-06-09T07:49:08","guid":{"rendered":"https:\/\/kalmarslott.se\/?page_id=11404"},"modified":"2025-07-30T14:02:40","modified_gmt":"2025-07-30T12:02:40","slug":"prinsessan-cecilia","status":"publish","type":"page","link":"https:\/\/kalmarslott.se\/da\/prinsessan-cecilia\/","title":{"rendered":"Prinsessan Cecilia"},"content":{"rendered":"<p><img loading=\"lazy\" decoding=\"async\" class=\"aligncenter wp-image-11446 size-medium\" src=\"https:\/\/kalmarslott.se\/wp-content\/uploads\/2025\/06\/ceciliarund-02-298x300.png\" alt=\"Portr\u00e4ttfoto av Cecilia Vasa\" width=\"298\" height=\"300\" srcset=\"https:\/\/kalmarslott.se\/wp-content\/uploads\/2025\/06\/ceciliarund-02-298x300.png 298w, https:\/\/kalmarslott.se\/wp-content\/uploads\/2025\/06\/ceciliarund-02-150x150.png 150w, https:\/\/kalmarslott.se\/wp-content\/uploads\/2025\/06\/ceciliarund-02-768x774.png 768w, https:\/\/kalmarslott.se\/wp-content\/uploads\/2025\/06\/ceciliarund-02.png 833w\" sizes=\"auto, (max-width: 298px) 100vw, 298px\" \/><\/p>\n<h2 style=\"text-align: center;\">L\u00e4r k\u00e4nna prinsessan Cecilia!<\/h2>\n<p>Prinsessan Cecilia \u00e4r en riktig prinsessa, dotter till kung Gustav Vasa och hans andra fru, Margareta. <span class=\"NormalTextRun SCXW81184352 BCX8\">Hon har m\u00e5nga syskon, bland annat br\u00f6derna Erik<\/span><span class=\"NormalTextRun SCXW81184352 BCX8\"> XIV, som \u00e4r kung,<\/span><span class=\"NormalTextRun SCXW81184352 BCX8\"> och Johan <\/span><span class=\"NormalTextRun SCXW81184352 BCX8\">III som \u00e4r hertig (senare blev han ocks\u00e5 kung).<\/span><\/p>\n<p><span data-contrast=\"auto\">Cecilia \u00e4r mycket modig och \u00e4ventyrlig. Hon dr\u00f6mmer om att resa till England och tr\u00e4ffa drottning Elisabet, som hon brevv\u00e4xlar med. Hon \u00e4r ocks\u00e5 v\u00e4ldigt duktig p\u00e5 att tala engelska. <\/span><span data-ccp-props=\"{}\">\u00a0<\/span><\/p>\n<p><span data-contrast=\"none\">Visste du att Cecilia l\u00e5ter sina egna skepp ta \u00f6ver andra skepp? N\u00e4stan som en pirat! Fast hon \u00e4r ju inte med sj\u00e4lv.<\/span><span data-contrast=\"auto\"> \u202fHon \u00e4r en stark och sj\u00e4lvst\u00e4ndig person som inte alltid f\u00f6ljer de kungliga reglerna.\u202f<\/span><span data-contrast=\"none\">Hon \u00e4r \u00e4ven duktig p\u00e5 att dansa, skriva brev och styra \u00f6ver de olika slotten. Det hj\u00e4lper nog till att hon \u00e4r en envis person.<\/span><span data-ccp-props=\"{}\">\u00a0<\/span><\/p>\n<p>P\u00e5 Barnens Slott f\u00e5r du tr\u00e4ffa Cecilia och hennes systrar p\u00e5 inre borgg\u00e5rden, n\u00e4r du g\u00e5r Prinsessguidningen och det \u00e4r prinsessan som dubbar dig n\u00e4r du klarat alla utmaningar i Slottskampen!<\/p>\n<p>&nbsp;<\/p>\n<p><img loading=\"lazy\" decoding=\"async\" class=\"aligncenter wp-image-11388 size-thumbnail\" src=\"https:\/\/kalmarslott.se\/wp-content\/uploads\/2025\/06\/bocker-150x150.png\" alt=\"Illustration med b\u00f6cker i en h\u00f6g\" width=\"150\" height=\"150\" \/><\/p>\n<h2 style=\"text-align: center;\">L\u00e4s en saga med prinsessan<\/h2>\n<p><strong>Skapa en personlig saga f\u00f6r ditt barn tillsammans med prinsessan Cecilia \u2013 klistra in denna text i valfri AI-chatt:<\/strong><\/p>\n<p>Skriv en personlig saga f\u00f6r ett barn som utspelar sig p\u00e5 Kalmar Slott.<\/p>\n<p>Barnets namn \u00e4r:\u00a0<strong>[skriv barnets f\u00f6rnamn h\u00e4r]<\/strong><br \/>\nBarnets \u00e5lder \u00e4r:\u00a0<strong>[skriv barnets \u00e5lder h\u00e4r]<\/strong>\u00a0\u00e5r<br \/>\nSagan ska ta ungef\u00e4r\u00a0<strong>[skriv antal minuter h\u00e4r]<\/strong>\u00a0minuter att l\u00e4sa h\u00f6gt. (R\u00e4kna med ca 100\u2013130 ord per minut.)<\/p>\n<p>I sagan ska barnet vara huvudperson och f\u00e5 uppleva ett sp\u00e4nnande och tryggt \u00e4ventyr, tillsammans med prinsessan Cecilia, p\u00e5 Kalmar Slott. Ingen annan person ska f\u00f6rekomma i ber\u00e4ttelsen. H\u00e4mta information om prinsessan Cecilia endast fr\u00e5n denna sida; <a href=\"https:\/\/kalmarslott.se\/prinsessan-cecilia\/\">https:\/\/kalmarslott.se\/prinsessan-cecilia\/<\/a><br \/>\nSagan ska ha en tydlig b\u00f6rjan, ett sp\u00e4nnande och tryggt \u00e4ventyr i mitten, och ett lyckligt och varmt slut. Anpassa spr\u00e5k och inneh\u00e5ll efter barnets \u00e5lder. G\u00f6r sagan fantasifull, lekfull och l\u00e4tt att f\u00f6lja f\u00f6r ett barn i den \u00e5ldern.<\/p>\n<p>&nbsp;<\/p>\n<p><img loading=\"lazy\" decoding=\"async\" class=\"size-full wp-image-11384 aligncenter\" src=\"https:\/\/kalmarslott.se\/wp-content\/uploads\/2025\/06\/brev-e1748979973984.png\" alt=\"Illustration brevrulle\" width=\"150\" height=\"54\" \/><\/p>\n<h2 style=\"text-align: center;\">Prinsessan bjuder in!<\/h2>\n<p>Ge barnet en egen inbjudan till Barnens Slott fr\u00e5n prinsessan Cecilia!<\/p>\n<p>Du hittar inbjudan h\u00e4r:\u00a0<a href=\"https:\/\/kalmarslott.se\/wp-content\/uploads\/2025\/06\/inbjudana4prinsessacecilia-1.pdf\" target=\"_blank\" rel=\"noopener\">Inbjudan fr\u00e5n Prinsessan Cecilia<\/a><br \/>\nSkriv bara barnets namn och skriv ut p\u00e5 en vanlig skrivare.<\/p>\n<p><strong>Tips<\/strong><\/p>\n<ul>\n<li>Centrera barnets namn genom att trycka mellanslag f\u00f6re namnet.<\/li>\n<li>Klipp bort den vita ramen p\u00e5 utskriften, f\u00f6r att g\u00f6ra den mer trov\u00e4rdig.<\/li>\n<li>Rulla ihop pappret och knyt ett fint sn\u00f6re runt innan du ger det till barnet!<\/li>\n<li>Om du vill g\u00f6ra det \u00e4nnu mer magiskt kan du l\u00e4gga till f\u00f6ljande mening i sago-prompten ovan, att l\u00e4sa innan du ger inbjudan;<br \/>\n&#8220;Avsluta sagan med att prinsessan bjuder in barnet till Barnens Slott i sommar&#8221; (l\u00e4gg ev. till vilken dag).<\/li>\n<\/ul>\n<p><iframe loading=\"lazy\" title=\"Tr\u00e4ffa Cecilia Vasa p\u00e5 Barnens Slott!\" width=\"500\" height=\"281\" src=\"https:\/\/www.youtube.com\/embed\/njc06RhXYeE?feature=oembed\" frameborder=\"0\" allow=\"accelerometer; autoplay; clipboard-write; encrypted-media; gyroscope; picture-in-picture; web-share\" referrerpolicy=\"strict-origin-when-cross-origin\" allowfullscreen><\/iframe><\/p>\n<p><iframe loading=\"lazy\" title=\"L\u00e4r dig engelska med Cecilia Vasa\" width=\"500\" height=\"281\" src=\"https:\/\/www.youtube.com\/embed\/5nYjswoLg-4?feature=oembed\" frameborder=\"0\" allow=\"accelerometer; autoplay; clipboard-write; encrypted-media; gyroscope; picture-in-picture; web-share\" referrerpolicy=\"strict-origin-when-cross-origin\" allowfullscreen><\/iframe><\/p>\n","protected":false},"excerpt":{"rendered":"<p>L\u00e4r k\u00e4nna prinsessan Cecilia! Prinsessan Cecilia \u00e4r en riktig prinsessa, dotter till kung Gustav Vasa och hans andra fru, Margareta. Hon har m\u00e5nga syskon, bland annat br\u00f6derna Erik XIV, som \u00e4r kung, och Johan III som \u00e4r hertig (senare blev han ocks\u00e5 kung). Cecilia \u00e4r mycket modig och \u00e4ventyrlig. Hon dr\u00f6mmer om att resa till [&hellip;]<\/p>\n","protected":false},"author":1,"featured_media":11455,"parent":0,"menu_order":0,"comment_status":"closed","ping_status":"closed","template":"","meta":{"_acf_changed":false,"footnotes":""},"class_list":["post-11404","page","type-page","status-publish","has-post-thumbnail","hentry"],"acf":[],"yoast_head":"<!-- This site is optimized with the Yoast SEO plugin v27.5 - https:\/\/yoast.com\/product\/yoast-seo-wordpress\/ -->\n<title>Prinsessan Cecilia - Kalmar Slott<\/title>\n<meta name=\"robots\" content=\"index, follow, max-snippet:-1, max-image-preview:large, max-video-preview:-1\" \/>\n<link rel=\"canonical\" href=\"https:\/\/kalmarslott.se\/da\/prinsessan-cecilia\/\" \/>\n<meta property=\"og:locale\" content=\"da_DK\" \/>\n<meta property=\"og:type\" content=\"article\" \/>\n<meta property=\"og:title\" content=\"Prinsessan Cecilia - Kalmar Slott\" \/>\n<meta property=\"og:description\" content=\"L\u00e4r k\u00e4nna prinsessan Cecilia! Prinsessan Cecilia \u00e4r en riktig prinsessa, dotter till kung Gustav Vasa och hans andra fru, Margareta. Hon har m\u00e5nga syskon, bland annat br\u00f6derna Erik XIV, som \u00e4r kung, och Johan III som \u00e4r hertig (senare blev han ocks\u00e5 kung). Cecilia \u00e4r mycket modig och \u00e4ventyrlig. Hon dr\u00f6mmer om att resa till [&hellip;]\" \/>\n<meta property=\"og:url\" content=\"https:\/\/kalmarslott.se\/da\/prinsessan-cecilia\/\" \/>\n<meta property=\"og:site_name\" content=\"Kalmar Slott\" \/>\n<meta property=\"article:modified_time\" content=\"2025-07-30T12:02:40+00:00\" \/>\n<meta property=\"og:image\" content=\"https:\/\/kalmarslott.se\/wp-content\/uploads\/2025\/06\/cecilia-02.png\" \/>\n\t<meta property=\"og:image:width\" content=\"833\" \/>\n\t<meta property=\"og:image:height\" content=\"839\" \/>\n\t<meta property=\"og:image:type\" content=\"image\/png\" \/>\n<meta name=\"twitter:card\" content=\"summary_large_image\" \/>\n<meta name=\"twitter:label1\" content=\"Estimeret l\u00e6setid\" \/>\n\t<meta name=\"twitter:data1\" content=\"3 minutter\" \/>\n<script type=\"application\/ld+json\" class=\"yoast-schema-graph\">{\"@context\":\"https:\\\/\\\/schema.org\",\"@graph\":[{\"@type\":\"WebPage\",\"@id\":\"https:\\\/\\\/kalmarslott.se\\\/da\\\/prinsessan-cecilia\\\/\",\"url\":\"https:\\\/\\\/kalmarslott.se\\\/da\\\/prinsessan-cecilia\\\/\",\"name\":\"Prinsessan Cecilia - Kalmar Slott\",\"isPartOf\":{\"@id\":\"https:\\\/\\\/kalmarslott.se\\\/da\\\/#website\"},\"primaryImageOfPage\":{\"@id\":\"https:\\\/\\\/kalmarslott.se\\\/da\\\/prinsessan-cecilia\\\/#primaryimage\"},\"image\":{\"@id\":\"https:\\\/\\\/kalmarslott.se\\\/da\\\/prinsessan-cecilia\\\/#primaryimage\"},\"thumbnailUrl\":\"https:\\\/\\\/kalmarslott.se\\\/wp-content\\\/uploads\\\/2025\\\/06\\\/cecilia-02.png\",\"datePublished\":\"2025-06-09T07:49:08+00:00\",\"dateModified\":\"2025-07-30T12:02:40+00:00\",\"breadcrumb\":{\"@id\":\"https:\\\/\\\/kalmarslott.se\\\/da\\\/prinsessan-cecilia\\\/#breadcrumb\"},\"inLanguage\":\"da-DK\",\"potentialAction\":[{\"@type\":\"ReadAction\",\"target\":[\"https:\\\/\\\/kalmarslott.se\\\/da\\\/prinsessan-cecilia\\\/\"]}]},{\"@type\":\"ImageObject\",\"inLanguage\":\"da-DK\",\"@id\":\"https:\\\/\\\/kalmarslott.se\\\/da\\\/prinsessan-cecilia\\\/#primaryimage\",\"url\":\"https:\\\/\\\/kalmarslott.se\\\/wp-content\\\/uploads\\\/2025\\\/06\\\/cecilia-02.png\",\"contentUrl\":\"https:\\\/\\\/kalmarslott.se\\\/wp-content\\\/uploads\\\/2025\\\/06\\\/cecilia-02.png\",\"width\":833,\"height\":839,\"caption\":\"Portr\u00e4ttfoto av Cecilia Vasa med gr\u00f6n bakgrund\"},{\"@type\":\"BreadcrumbList\",\"@id\":\"https:\\\/\\\/kalmarslott.se\\\/da\\\/prinsessan-cecilia\\\/#breadcrumb\",\"itemListElement\":[{\"@type\":\"ListItem\",\"position\":1,\"name\":\"Hem\",\"item\":\"https:\\\/\\\/kalmarslott.se\\\/da\\\/\"},{\"@type\":\"ListItem\",\"position\":2,\"name\":\"Prinsessan Cecilia\"}]},{\"@type\":\"WebSite\",\"@id\":\"https:\\\/\\\/kalmarslott.se\\\/da\\\/#website\",\"url\":\"https:\\\/\\\/kalmarslott.se\\\/da\\\/\",\"name\":\"Kalmar Slott\",\"description\":\"Ett riktigt slott\",\"potentialAction\":[{\"@type\":\"SearchAction\",\"target\":{\"@type\":\"EntryPoint\",\"urlTemplate\":\"https:\\\/\\\/kalmarslott.se\\\/da\\\/?s={search_term_string}\"},\"query-input\":{\"@type\":\"PropertyValueSpecification\",\"valueRequired\":true,\"valueName\":\"search_term_string\"}}],\"inLanguage\":\"da-DK\"}]}<\/script>\n<!-- \/ Yoast SEO plugin. -->","yoast_head_json":{"title":"Prinsessan Cecilia - Kalmar Slott","robots":{"index":"index","follow":"follow","max-snippet":"max-snippet:-1","max-image-preview":"max-image-preview:large","max-video-preview":"max-video-preview:-1"},"canonical":"https:\/\/kalmarslott.se\/da\/prinsessan-cecilia\/","og_locale":"da_DK","og_type":"article","og_title":"Prinsessan Cecilia - Kalmar Slott","og_description":"L\u00e4r k\u00e4nna prinsessan Cecilia! Prinsessan Cecilia \u00e4r en riktig prinsessa, dotter till kung Gustav Vasa och hans andra fru, Margareta. Hon har m\u00e5nga syskon, bland annat br\u00f6derna Erik XIV, som \u00e4r kung, och Johan III som \u00e4r hertig (senare blev han ocks\u00e5 kung). Cecilia \u00e4r mycket modig och \u00e4ventyrlig. Hon dr\u00f6mmer om att resa till [&hellip;]","og_url":"https:\/\/kalmarslott.se\/da\/prinsessan-cecilia\/","og_site_name":"Kalmar Slott","article_modified_time":"2025-07-30T12:02:40+00:00","og_image":[{"width":833,"height":839,"url":"https:\/\/kalmarslott.se\/wp-content\/uploads\/2025\/06\/cecilia-02.png","type":"image\/png"}],"twitter_card":"summary_large_image","twitter_misc":{"Estimeret l\u00e6setid":"3 minutter"},"schema":{"@context":"https:\/\/schema.org","@graph":[{"@type":"WebPage","@id":"https:\/\/kalmarslott.se\/da\/prinsessan-cecilia\/","url":"https:\/\/kalmarslott.se\/da\/prinsessan-cecilia\/","name":"Prinsessan Cecilia - Kalmar Slott","isPartOf":{"@id":"https:\/\/kalmarslott.se\/da\/#website"},"primaryImageOfPage":{"@id":"https:\/\/kalmarslott.se\/da\/prinsessan-cecilia\/#primaryimage"},"image":{"@id":"https:\/\/kalmarslott.se\/da\/prinsessan-cecilia\/#primaryimage"},"thumbnailUrl":"https:\/\/kalmarslott.se\/wp-content\/uploads\/2025\/06\/cecilia-02.png","datePublished":"2025-06-09T07:49:08+00:00","dateModified":"2025-07-30T12:02:40+00:00","breadcrumb":{"@id":"https:\/\/kalmarslott.se\/da\/prinsessan-cecilia\/#breadcrumb"},"inLanguage":"da-DK","potentialAction":[{"@type":"ReadAction","target":["https:\/\/kalmarslott.se\/da\/prinsessan-cecilia\/"]}]},{"@type":"ImageObject","inLanguage":"da-DK","@id":"https:\/\/kalmarslott.se\/da\/prinsessan-cecilia\/#primaryimage","url":"https:\/\/kalmarslott.se\/wp-content\/uploads\/2025\/06\/cecilia-02.png","contentUrl":"https:\/\/kalmarslott.se\/wp-content\/uploads\/2025\/06\/cecilia-02.png","width":833,"height":839,"caption":"Portr\u00e4ttfoto av Cecilia Vasa med gr\u00f6n bakgrund"},{"@type":"BreadcrumbList","@id":"https:\/\/kalmarslott.se\/da\/prinsessan-cecilia\/#breadcrumb","itemListElement":[{"@type":"ListItem","position":1,"name":"Hem","item":"https:\/\/kalmarslott.se\/da\/"},{"@type":"ListItem","position":2,"name":"Prinsessan Cecilia"}]},{"@type":"WebSite","@id":"https:\/\/kalmarslott.se\/da\/#website","url":"https:\/\/kalmarslott.se\/da\/","name":"Kalmar Slott","description":"Ett riktigt slott","potentialAction":[{"@type":"SearchAction","target":{"@type":"EntryPoint","urlTemplate":"https:\/\/kalmarslott.se\/da\/?s={search_term_string}"},"query-input":{"@type":"PropertyValueSpecification","valueRequired":true,"valueName":"search_term_string"}}],"inLanguage":"da-DK"}]}},"_links":{"self":[{"href":"https:\/\/kalmarslott.se\/da\/wp-json\/wp\/v2\/pages\/11404","targetHints":{"allow":["GET"]}}],"collection":[{"href":"https:\/\/kalmarslott.se\/da\/wp-json\/wp\/v2\/pages"}],"about":[{"href":"https:\/\/kalmarslott.se\/da\/wp-json\/wp\/v2\/types\/page"}],"author":[{"embeddable":true,"href":"https:\/\/kalmarslott.se\/da\/wp-json\/wp\/v2\/users\/1"}],"replies":[{"embeddable":true,"href":"https:\/\/kalmarslott.se\/da\/wp-json\/wp\/v2\/comments?post=11404"}],"version-history":[{"count":17,"href":"https:\/\/kalmarslott.se\/da\/wp-json\/wp\/v2\/pages\/11404\/revisions"}],"predecessor-version":[{"id":11823,"href":"https:\/\/kalmarslott.se\/da\/wp-json\/wp\/v2\/pages\/11404\/revisions\/11823"}],"wp:featuredmedia":[{"embeddable":true,"href":"https:\/\/kalmarslott.se\/da\/wp-json\/wp\/v2\/media\/11455"}],"wp:attachment":[{"href":"https:\/\/kalmarslott.se\/da\/wp-json\/wp\/v2\/media?parent=11404"}],"curies":[{"name":"wp","href":"https:\/\/api.w.org\/{rel}","templated":true}]}}