{"id":11347,"date":"2025-06-02T20:30:09","date_gmt":"2025-06-02T18:30:09","guid":{"rendered":"https:\/\/kalmarslott.se\/?page_id=11347"},"modified":"2025-12-22T09:43:21","modified_gmt":"2025-12-22T07:43:21","slug":"kung-erik-xiv","status":"publish","type":"page","link":"https:\/\/kalmarslott.se\/da\/kung-erik-xiv\/","title":{"rendered":"Kung Erik XIV"},"content":{"rendered":"<h2 style=\"text-align: center;\"><img loading=\"lazy\" decoding=\"async\" class=\"aligncenter wp-image-11437 size-medium\" src=\"https:\/\/kalmarslott.se\/wp-content\/uploads\/2025\/06\/kungerik-300x300.png\" alt=\"\" width=\"300\" height=\"300\" srcset=\"https:\/\/kalmarslott.se\/wp-content\/uploads\/2025\/06\/kungerik-300x300.png 300w, https:\/\/kalmarslott.se\/wp-content\/uploads\/2025\/06\/kungerik-150x150.png 150w, https:\/\/kalmarslott.se\/wp-content\/uploads\/2025\/06\/kungerik-768x768.png 768w, https:\/\/kalmarslott.se\/wp-content\/uploads\/2025\/06\/kungerik.png 834w\" sizes=\"auto, (max-width: 300px) 100vw, 300px\" \/><\/h2>\n<h2 style=\"text-align: center;\">L\u00e4r k\u00e4nna kung Erik!<\/h2>\n<p><b><span data-contrast=\"auto\">Kung Erik XIV<\/span><\/b><span data-contrast=\"auto\"> blev kung i Sverige \u00e5r 1560, efter sin far Gustav Vasa. Erik \u00e4lskar att vara kung! Han tycker om vackra kl\u00e4der, och han har ett l\u00e5ngt, st\u00e5tligt sk\u00e4gg som g\u00f6r honom extra kunglig.<\/span><span data-ccp-props=\"{}\">\u00a0<\/span><\/p>\n<p><span data-contrast=\"auto\">Erik \u00e4r en kung som gillar konst och b\u00f6cker. Han \u00e4lskar att l\u00e4sa sp\u00e4nnande historier, m\u00e5la och skriva egna dikter. Han \u00e4lskar ocks\u00e5 att spela fotboll och \u00e4r riktigt duktig p\u00e5 det. Han \u00e4r allts\u00e5 b\u00e5de modig och konstn\u00e4rlig \u2013 en riktig kung med fantasi!<\/span><span data-ccp-props=\"{}\">\u00a0<\/span><\/p>\n<p><span data-contrast=\"auto\">Han \u00e4r<\/span><span data-contrast=\"auto\"> ocks\u00e5 v\u00e4ldigt f\u00f6rtjust i en flicka som heter Agda Persdotter. Hon \u00e4r inte n\u00e5gon prinsessa, men Erik tycker s\u00e5 mycket om henne att han vill att hon skulle k\u00e4nna sig som en drottning. Han ordnar fina fester och musik f\u00f6r henne, som om de lever i en saga!<\/span><span data-ccp-props=\"{}\">\u00a0<\/span><\/p>\n<p><span data-contrast=\"auto\">Erik XIV \u00e4r en stilig, modig och nyfiken kung. Han vill g\u00f6ra Sverige starkt, men ocks\u00e5 fylla sitt liv med k\u00e4rlek och magiska stunder. <\/span><span data-ccp-props=\"{}\">\u00a0<\/span><\/p>\n<h2 style=\"text-align: center;\"><img loading=\"lazy\" decoding=\"async\" class=\"aligncenter wp-image-11388 size-thumbnail\" src=\"https:\/\/kalmarslott.se\/wp-content\/uploads\/2025\/06\/bocker-150x150.png\" alt=\"Illustration med b\u00f6cker i en h\u00f6g\" width=\"150\" height=\"150\" \/>L\u00e4s en saga med kungen<\/h2>\n<p><strong>Skapa en personlig saga f\u00f6r ditt barn tillsammans med Kung Erik \u2013 klistra in denna text i valfri AI-chatt:<\/strong><\/p>\n<p>Skriv en personlig saga f\u00f6r ett barn som utspelar sig p\u00e5 Kalmar Slott.<\/p>\n<p>Barnets namn \u00e4r: <strong>[skriv barnets f\u00f6rnamn h\u00e4r]<\/strong><br \/>\nBarnets \u00e5lder \u00e4r: <strong>[skriv barnets \u00e5lder h\u00e4r]<\/strong> \u00e5r<br \/>\nSagan ska ta ungef\u00e4r <strong>[skriv antal minuter h\u00e4r]<\/strong> minuter att l\u00e4sa h\u00f6gt. (R\u00e4kna med ca 100\u2013130 ord per minut.)<\/p>\n<p>I sagan ska barnet vara huvudperson och f\u00e5 uppleva ett sp\u00e4nnande och tryggt \u00e4ventyr, tillsammans med Kung Erik XIV, p\u00e5 Kalmar Slott. Inga andra personer ska f\u00f6rekomma i sagan. H\u00e4mta information om Kung Erik endast fr\u00e5n denna sida; https:\/\/kalmarslott.se\/kung-erik-xiv\/<br \/>\nSagan ska ha en tydlig b\u00f6rjan d\u00e4r barnet tr\u00e4ffar kung Erik, ett sp\u00e4nnande och tryggt \u00e4ventyr i mitten och ett lyckligt och varmt slut. Anpassa spr\u00e5k och inneh\u00e5ll efter barnets \u00e5lder. G\u00f6r sagan fantasifull, lekfull och l\u00e4tt att f\u00f6lja f\u00f6r ett barn i den \u00e5ldern.<\/p>\n<h2><img loading=\"lazy\" decoding=\"async\" class=\"aligncenter wp-image-11384 size-full\" src=\"https:\/\/kalmarslott.se\/wp-content\/uploads\/2025\/06\/brev-e1748979973984.png\" alt=\"Illustration brevrulle\" width=\"150\" height=\"54\" \/><\/h2>\n<h2 style=\"text-align: center;\">Kungen bjuder in!<\/h2>\n<p>Ge barnet en egen inbjudan till Barnens Slott fr\u00e5n Kung Erik!<\/p>\n<p>Du hittar inbjudan h\u00e4r: <a class=\"wpmf-pdfemb-viewer\" href=\"https:\/\/kalmarslott.se\/wp-content\/uploads\/2025\/06\/inbjudana4kungerik-1.pdf\" target=\"_blank\" rel=\"noopener\">Inbjudan fr\u00e5n Kung Erik<\/a><br \/>\nSkriv bara barnets namn och skriv ut p\u00e5 en vanlig skrivare.<\/p>\n<p><strong>Tips<\/strong><\/p>\n<ul>\n<li>Centrera barnets namn genom att trycka mellanslag f\u00f6re namnet.<\/li>\n<li>Det g\u00e5r sj\u00e4lvklart bra att skriva barnets namn f\u00f6r hand ocks\u00e5! Eller l\u00e5ta det vara tomt.<\/li>\n<li>Klipp bort den vita ramen p\u00e5 utskriften, f\u00f6r att g\u00f6ra den mer trov\u00e4rdig.<\/li>\n<li>Rulla ihop pappret och knyt ett fint sn\u00f6re runt innan du ger det till barnet!<\/li>\n<li>Om du vill g\u00f6ra det \u00e4nnu mer magiskt kan du l\u00e4gga till f\u00f6ljande mening i sago-prompten ovan, att l\u00e4sa innan du ger inbjudan;<br \/>\n&#8220;Avsluta sagan med att kungen bjuder in barnet till Barnens Slott i sommar&#8221; (l\u00e4gg ev. till vilken dag).<\/li>\n<\/ul>\n<p><figure class=\"wpmf-block-embed\"><div class=\"wpmf-block-embed__wrapper\"><iframe src=\"https:\/\/www.youtube.com\/embed\/KGzzFvrKDj0\" frameborder=\"0\" allowfullscreen><\/iframe><\/div><\/figure><\/p>\n<p>&nbsp;<\/p>\n","protected":false},"excerpt":{"rendered":"<p>L\u00e4r k\u00e4nna kung Erik! Kung Erik XIV blev kung i Sverige \u00e5r 1560, efter sin far Gustav Vasa. Erik \u00e4lskar att vara kung! Han tycker om vackra kl\u00e4der, och han har ett l\u00e5ngt, st\u00e5tligt sk\u00e4gg som g\u00f6r honom extra kunglig.\u00a0 Erik \u00e4r en kung som gillar konst och b\u00f6cker. Han \u00e4lskar att l\u00e4sa sp\u00e4nnande historier, [&hellip;]<\/p>\n","protected":false},"author":1,"featured_media":11487,"parent":0,"menu_order":0,"comment_status":"closed","ping_status":"closed","template":"","meta":{"_acf_changed":false,"footnotes":""},"class_list":["post-11347","page","type-page","status-publish","has-post-thumbnail","hentry"],"acf":[],"yoast_head":"<!-- This site is optimized with the Yoast SEO plugin v27.3 - https:\/\/yoast.com\/product\/yoast-seo-wordpress\/ -->\n<title>Kung Erik XIV - Kalmar Slott<\/title>\n<meta name=\"robots\" content=\"index, follow, max-snippet:-1, max-image-preview:large, max-video-preview:-1\" \/>\n<link rel=\"canonical\" href=\"https:\/\/kalmarslott.se\/da\/kung-erik-xiv\/\" \/>\n<meta property=\"og:locale\" content=\"da_DK\" \/>\n<meta property=\"og:type\" content=\"article\" \/>\n<meta property=\"og:title\" content=\"Kung Erik XIV - Kalmar Slott\" \/>\n<meta property=\"og:description\" content=\"L\u00e4r k\u00e4nna kung Erik! Kung Erik XIV blev kung i Sverige \u00e5r 1560, efter sin far Gustav Vasa. Erik \u00e4lskar att vara kung! Han tycker om vackra kl\u00e4der, och han har ett l\u00e5ngt, st\u00e5tligt sk\u00e4gg som g\u00f6r honom extra kunglig.\u00a0 Erik \u00e4r en kung som gillar konst och b\u00f6cker. Han \u00e4lskar att l\u00e4sa sp\u00e4nnande historier, [&hellip;]\" \/>\n<meta property=\"og:url\" content=\"https:\/\/kalmarslott.se\/da\/kung-erik-xiv\/\" \/>\n<meta property=\"og:site_name\" content=\"Kalmar Slott\" \/>\n<meta property=\"article:modified_time\" content=\"2025-12-22T07:43:21+00:00\" \/>\n<meta property=\"og:image\" content=\"https:\/\/kalmarslott.se\/wp-content\/uploads\/2025\/05\/kungerikkvadrat.png\" \/>\n\t<meta property=\"og:image:width\" content=\"833\" \/>\n\t<meta property=\"og:image:height\" content=\"839\" \/>\n\t<meta property=\"og:image:type\" content=\"image\/png\" \/>\n<meta name=\"twitter:card\" content=\"summary_large_image\" \/>\n<meta name=\"twitter:label1\" content=\"Estimeret l\u00e6setid\" \/>\n\t<meta name=\"twitter:data1\" content=\"4 minutter\" \/>\n<script type=\"application\/ld+json\" class=\"yoast-schema-graph\">{\"@context\":\"https:\\\/\\\/schema.org\",\"@graph\":[{\"@type\":\"WebPage\",\"@id\":\"https:\\\/\\\/kalmarslott.se\\\/da\\\/kung-erik-xiv\\\/\",\"url\":\"https:\\\/\\\/kalmarslott.se\\\/da\\\/kung-erik-xiv\\\/\",\"name\":\"Kung Erik XIV - Kalmar Slott\",\"isPartOf\":{\"@id\":\"https:\\\/\\\/kalmarslott.se\\\/da\\\/#website\"},\"primaryImageOfPage\":{\"@id\":\"https:\\\/\\\/kalmarslott.se\\\/da\\\/kung-erik-xiv\\\/#primaryimage\"},\"image\":{\"@id\":\"https:\\\/\\\/kalmarslott.se\\\/da\\\/kung-erik-xiv\\\/#primaryimage\"},\"thumbnailUrl\":\"https:\\\/\\\/kalmarslott.se\\\/wp-content\\\/uploads\\\/2025\\\/05\\\/kungerikkvadrat.png\",\"datePublished\":\"2025-06-02T18:30:09+00:00\",\"dateModified\":\"2025-12-22T07:43:21+00:00\",\"breadcrumb\":{\"@id\":\"https:\\\/\\\/kalmarslott.se\\\/da\\\/kung-erik-xiv\\\/#breadcrumb\"},\"inLanguage\":\"da-DK\",\"potentialAction\":[{\"@type\":\"ReadAction\",\"target\":[\"https:\\\/\\\/kalmarslott.se\\\/da\\\/kung-erik-xiv\\\/\"]}]},{\"@type\":\"ImageObject\",\"inLanguage\":\"da-DK\",\"@id\":\"https:\\\/\\\/kalmarslott.se\\\/da\\\/kung-erik-xiv\\\/#primaryimage\",\"url\":\"https:\\\/\\\/kalmarslott.se\\\/wp-content\\\/uploads\\\/2025\\\/05\\\/kungerikkvadrat.png\",\"contentUrl\":\"https:\\\/\\\/kalmarslott.se\\\/wp-content\\\/uploads\\\/2025\\\/05\\\/kungerikkvadrat.png\",\"width\":833,\"height\":839},{\"@type\":\"BreadcrumbList\",\"@id\":\"https:\\\/\\\/kalmarslott.se\\\/da\\\/kung-erik-xiv\\\/#breadcrumb\",\"itemListElement\":[{\"@type\":\"ListItem\",\"position\":1,\"name\":\"Hem\",\"item\":\"https:\\\/\\\/kalmarslott.se\\\/da\\\/\"},{\"@type\":\"ListItem\",\"position\":2,\"name\":\"Kung Erik XIV\"}]},{\"@type\":\"WebSite\",\"@id\":\"https:\\\/\\\/kalmarslott.se\\\/da\\\/#website\",\"url\":\"https:\\\/\\\/kalmarslott.se\\\/da\\\/\",\"name\":\"Kalmar Slott\",\"description\":\"Ett riktigt slott\",\"potentialAction\":[{\"@type\":\"SearchAction\",\"target\":{\"@type\":\"EntryPoint\",\"urlTemplate\":\"https:\\\/\\\/kalmarslott.se\\\/da\\\/?s={search_term_string}\"},\"query-input\":{\"@type\":\"PropertyValueSpecification\",\"valueRequired\":true,\"valueName\":\"search_term_string\"}}],\"inLanguage\":\"da-DK\"}]}<\/script>\n<!-- \/ Yoast SEO plugin. -->","yoast_head_json":{"title":"Kung Erik XIV - Kalmar Slott","robots":{"index":"index","follow":"follow","max-snippet":"max-snippet:-1","max-image-preview":"max-image-preview:large","max-video-preview":"max-video-preview:-1"},"canonical":"https:\/\/kalmarslott.se\/da\/kung-erik-xiv\/","og_locale":"da_DK","og_type":"article","og_title":"Kung Erik XIV - Kalmar Slott","og_description":"L\u00e4r k\u00e4nna kung Erik! Kung Erik XIV blev kung i Sverige \u00e5r 1560, efter sin far Gustav Vasa. Erik \u00e4lskar att vara kung! Han tycker om vackra kl\u00e4der, och han har ett l\u00e5ngt, st\u00e5tligt sk\u00e4gg som g\u00f6r honom extra kunglig.\u00a0 Erik \u00e4r en kung som gillar konst och b\u00f6cker. Han \u00e4lskar att l\u00e4sa sp\u00e4nnande historier, [&hellip;]","og_url":"https:\/\/kalmarslott.se\/da\/kung-erik-xiv\/","og_site_name":"Kalmar Slott","article_modified_time":"2025-12-22T07:43:21+00:00","og_image":[{"width":833,"height":839,"url":"https:\/\/kalmarslott.se\/wp-content\/uploads\/2025\/05\/kungerikkvadrat.png","type":"image\/png"}],"twitter_card":"summary_large_image","twitter_misc":{"Estimeret l\u00e6setid":"4 minutter"},"schema":{"@context":"https:\/\/schema.org","@graph":[{"@type":"WebPage","@id":"https:\/\/kalmarslott.se\/da\/kung-erik-xiv\/","url":"https:\/\/kalmarslott.se\/da\/kung-erik-xiv\/","name":"Kung Erik XIV - Kalmar Slott","isPartOf":{"@id":"https:\/\/kalmarslott.se\/da\/#website"},"primaryImageOfPage":{"@id":"https:\/\/kalmarslott.se\/da\/kung-erik-xiv\/#primaryimage"},"image":{"@id":"https:\/\/kalmarslott.se\/da\/kung-erik-xiv\/#primaryimage"},"thumbnailUrl":"https:\/\/kalmarslott.se\/wp-content\/uploads\/2025\/05\/kungerikkvadrat.png","datePublished":"2025-06-02T18:30:09+00:00","dateModified":"2025-12-22T07:43:21+00:00","breadcrumb":{"@id":"https:\/\/kalmarslott.se\/da\/kung-erik-xiv\/#breadcrumb"},"inLanguage":"da-DK","potentialAction":[{"@type":"ReadAction","target":["https:\/\/kalmarslott.se\/da\/kung-erik-xiv\/"]}]},{"@type":"ImageObject","inLanguage":"da-DK","@id":"https:\/\/kalmarslott.se\/da\/kung-erik-xiv\/#primaryimage","url":"https:\/\/kalmarslott.se\/wp-content\/uploads\/2025\/05\/kungerikkvadrat.png","contentUrl":"https:\/\/kalmarslott.se\/wp-content\/uploads\/2025\/05\/kungerikkvadrat.png","width":833,"height":839},{"@type":"BreadcrumbList","@id":"https:\/\/kalmarslott.se\/da\/kung-erik-xiv\/#breadcrumb","itemListElement":[{"@type":"ListItem","position":1,"name":"Hem","item":"https:\/\/kalmarslott.se\/da\/"},{"@type":"ListItem","position":2,"name":"Kung Erik XIV"}]},{"@type":"WebSite","@id":"https:\/\/kalmarslott.se\/da\/#website","url":"https:\/\/kalmarslott.se\/da\/","name":"Kalmar Slott","description":"Ett riktigt slott","potentialAction":[{"@type":"SearchAction","target":{"@type":"EntryPoint","urlTemplate":"https:\/\/kalmarslott.se\/da\/?s={search_term_string}"},"query-input":{"@type":"PropertyValueSpecification","valueRequired":true,"valueName":"search_term_string"}}],"inLanguage":"da-DK"}]}},"_links":{"self":[{"href":"https:\/\/kalmarslott.se\/da\/wp-json\/wp\/v2\/pages\/11347","targetHints":{"allow":["GET"]}}],"collection":[{"href":"https:\/\/kalmarslott.se\/da\/wp-json\/wp\/v2\/pages"}],"about":[{"href":"https:\/\/kalmarslott.se\/da\/wp-json\/wp\/v2\/types\/page"}],"author":[{"embeddable":true,"href":"https:\/\/kalmarslott.se\/da\/wp-json\/wp\/v2\/users\/1"}],"replies":[{"embeddable":true,"href":"https:\/\/kalmarslott.se\/da\/wp-json\/wp\/v2\/comments?post=11347"}],"version-history":[{"count":31,"href":"https:\/\/kalmarslott.se\/da\/wp-json\/wp\/v2\/pages\/11347\/revisions"}],"predecessor-version":[{"id":12889,"href":"https:\/\/kalmarslott.se\/da\/wp-json\/wp\/v2\/pages\/11347\/revisions\/12889"}],"wp:featuredmedia":[{"embeddable":true,"href":"https:\/\/kalmarslott.se\/da\/wp-json\/wp\/v2\/media\/11487"}],"wp:attachment":[{"href":"https:\/\/kalmarslott.se\/da\/wp-json\/wp\/v2\/media?parent=11347"}],"curies":[{"name":"wp","href":"https:\/\/api.w.org\/{rel}","templated":true}]}}