{"id":11342,"date":"2025-06-02T15:01:26","date_gmt":"2025-06-02T13:01:26","guid":{"rendered":"https:\/\/kalmarslott.se\/?page_id=11342"},"modified":"2025-06-02T15:03:06","modified_gmt":"2025-06-02T13:03:06","slug":"karaktarerna","status":"publish","type":"page","link":"https:\/\/kalmarslott.se\/da\/se-gora\/barnens-slott\/karaktarerna\/","title":{"rendered":"Karakt\u00e4rerna"},"content":{"rendered":"<p>P\u00e5 Barnens Slott kan du tr\u00e4ffa den energifulle kungen Erik XIV och hans modiga syster, prinsessan Cecilia Vasa, som guidar barnen genom slottet. I det mystiska tornet v\u00e4ntar alkemisten Astro med sina sp\u00e4nnande experiment och jakten p\u00e5 guld. Den tokiga gycklaren leder de yngsta p\u00e5 en lekfull skattjakt, medan den g\u00e5tfulla Svarta Riddaren utmanar de modiga p\u00e5 duell.<\/p>\n<p>Klicka p\u00e5 respektive bild och namn p\u00e5 den karakt\u00e4r du vill veta lite mer om.<\/p>\n","protected":false},"excerpt":{"rendered":"<p>P\u00e5 Barnens Slott kan du tr\u00e4ffa den energifulle kungen Erik XIV och hans modiga syster, prinsessan Cecilia Vasa, som guidar barnen genom slottet. I det mystiska tornet v\u00e4ntar alkemisten Astro med sina sp\u00e4nnande experiment och jakten p\u00e5 guld. Den tokiga gycklaren leder de yngsta p\u00e5 en lekfull skattjakt, medan den g\u00e5tfulla Svarta Riddaren utmanar de [&hellip;]<\/p>\n","protected":false},"author":9,"featured_media":10385,"parent":1222,"menu_order":0,"comment_status":"closed","ping_status":"closed","template":"","meta":{"_acf_changed":false,"footnotes":""},"class_list":["post-11342","page","type-page","status-publish","has-post-thumbnail","hentry"],"acf":[],"yoast_head":"<!-- This site is optimized with the Yoast SEO plugin v27.3 - https:\/\/yoast.com\/product\/yoast-seo-wordpress\/ -->\n<title>Karakt\u00e4rerna - Kalmar Slott<\/title>\n<meta name=\"robots\" content=\"index, follow, max-snippet:-1, max-image-preview:large, max-video-preview:-1\" \/>\n<link rel=\"canonical\" href=\"https:\/\/kalmarslott.se\/da\/se-gora\/barnens-slott\/karaktarerna\/\" \/>\n<meta property=\"og:locale\" content=\"da_DK\" \/>\n<meta property=\"og:type\" content=\"article\" \/>\n<meta property=\"og:title\" content=\"Karakt\u00e4rerna - Kalmar Slott\" \/>\n<meta property=\"og:description\" content=\"P\u00e5 Barnens Slott kan du tr\u00e4ffa den energifulle kungen Erik XIV och hans modiga syster, prinsessan Cecilia Vasa, som guidar barnen genom slottet. I det mystiska tornet v\u00e4ntar alkemisten Astro med sina sp\u00e4nnande experiment och jakten p\u00e5 guld. Den tokiga gycklaren leder de yngsta p\u00e5 en lekfull skattjakt, medan den g\u00e5tfulla Svarta Riddaren utmanar de [&hellip;]\" \/>\n<meta property=\"og:url\" content=\"https:\/\/kalmarslott.se\/da\/se-gora\/barnens-slott\/karaktarerna\/\" \/>\n<meta property=\"og:site_name\" content=\"Kalmar Slott\" \/>\n<meta property=\"article:modified_time\" content=\"2025-06-02T13:03:06+00:00\" \/>\n<meta property=\"og:image\" content=\"https:\/\/kalmarslott.se\/wp-content\/uploads\/2024\/05\/20240805humlesolksbarnensslott1694.jpg\" \/>\n\t<meta property=\"og:image:width\" content=\"2000\" \/>\n\t<meta property=\"og:image:height\" content=\"1333\" \/>\n\t<meta property=\"og:image:type\" content=\"image\/jpeg\" \/>\n<meta name=\"twitter:card\" content=\"summary_large_image\" \/>\n<meta name=\"twitter:label1\" content=\"Estimeret l\u00e6setid\" \/>\n\t<meta name=\"twitter:data1\" content=\"1 minut\" \/>\n<script type=\"application\/ld+json\" class=\"yoast-schema-graph\">{\"@context\":\"https:\\\/\\\/schema.org\",\"@graph\":[{\"@type\":\"WebPage\",\"@id\":\"https:\\\/\\\/kalmarslott.se\\\/da\\\/se-gora\\\/barnens-slott\\\/karaktarerna\\\/\",\"url\":\"https:\\\/\\\/kalmarslott.se\\\/da\\\/se-gora\\\/barnens-slott\\\/karaktarerna\\\/\",\"name\":\"Karakt\u00e4rerna - Kalmar Slott\",\"isPartOf\":{\"@id\":\"https:\\\/\\\/kalmarslott.se\\\/da\\\/#website\"},\"primaryImageOfPage\":{\"@id\":\"https:\\\/\\\/kalmarslott.se\\\/da\\\/se-gora\\\/barnens-slott\\\/karaktarerna\\\/#primaryimage\"},\"image\":{\"@id\":\"https:\\\/\\\/kalmarslott.se\\\/da\\\/se-gora\\\/barnens-slott\\\/karaktarerna\\\/#primaryimage\"},\"thumbnailUrl\":\"https:\\\/\\\/kalmarslott.se\\\/wp-content\\\/uploads\\\/2024\\\/05\\\/20240805humlesolksbarnensslott1694.jpg\",\"datePublished\":\"2025-06-02T13:01:26+00:00\",\"dateModified\":\"2025-06-02T13:03:06+00:00\",\"breadcrumb\":{\"@id\":\"https:\\\/\\\/kalmarslott.se\\\/da\\\/se-gora\\\/barnens-slott\\\/karaktarerna\\\/#breadcrumb\"},\"inLanguage\":\"da-DK\",\"potentialAction\":[{\"@type\":\"ReadAction\",\"target\":[\"https:\\\/\\\/kalmarslott.se\\\/da\\\/se-gora\\\/barnens-slott\\\/karaktarerna\\\/\"]}]},{\"@type\":\"ImageObject\",\"inLanguage\":\"da-DK\",\"@id\":\"https:\\\/\\\/kalmarslott.se\\\/da\\\/se-gora\\\/barnens-slott\\\/karaktarerna\\\/#primaryimage\",\"url\":\"https:\\\/\\\/kalmarslott.se\\\/wp-content\\\/uploads\\\/2024\\\/05\\\/20240805humlesolksbarnensslott1694.jpg\",\"contentUrl\":\"https:\\\/\\\/kalmarslott.se\\\/wp-content\\\/uploads\\\/2024\\\/05\\\/20240805humlesolksbarnensslott1694.jpg\",\"width\":2000,\"height\":1333,\"caption\":\"ADAM HUMLESOL\"},{\"@type\":\"BreadcrumbList\",\"@id\":\"https:\\\/\\\/kalmarslott.se\\\/da\\\/se-gora\\\/barnens-slott\\\/karaktarerna\\\/#breadcrumb\",\"itemListElement\":[{\"@type\":\"ListItem\",\"position\":1,\"name\":\"Hem\",\"item\":\"https:\\\/\\\/kalmarslott.se\\\/da\\\/\"},{\"@type\":\"ListItem\",\"position\":2,\"name\":\"Se &#038; g\u00f6ra\",\"item\":\"https:\\\/\\\/kalmarslott.se\\\/da\\\/se-gora\\\/\"},{\"@type\":\"ListItem\",\"position\":3,\"name\":\"Barnens Slott\",\"item\":\"https:\\\/\\\/kalmarslott.se\\\/da\\\/se-gora\\\/barnens-slott\\\/\"},{\"@type\":\"ListItem\",\"position\":4,\"name\":\"Karakt\u00e4rerna\"}]},{\"@type\":\"WebSite\",\"@id\":\"https:\\\/\\\/kalmarslott.se\\\/da\\\/#website\",\"url\":\"https:\\\/\\\/kalmarslott.se\\\/da\\\/\",\"name\":\"Kalmar Slott\",\"description\":\"Ett riktigt slott\",\"potentialAction\":[{\"@type\":\"SearchAction\",\"target\":{\"@type\":\"EntryPoint\",\"urlTemplate\":\"https:\\\/\\\/kalmarslott.se\\\/da\\\/?s={search_term_string}\"},\"query-input\":{\"@type\":\"PropertyValueSpecification\",\"valueRequired\":true,\"valueName\":\"search_term_string\"}}],\"inLanguage\":\"da-DK\"}]}<\/script>\n<!-- \/ Yoast SEO plugin. -->","yoast_head_json":{"title":"Karakt\u00e4rerna - Kalmar Slott","robots":{"index":"index","follow":"follow","max-snippet":"max-snippet:-1","max-image-preview":"max-image-preview:large","max-video-preview":"max-video-preview:-1"},"canonical":"https:\/\/kalmarslott.se\/da\/se-gora\/barnens-slott\/karaktarerna\/","og_locale":"da_DK","og_type":"article","og_title":"Karakt\u00e4rerna - Kalmar Slott","og_description":"P\u00e5 Barnens Slott kan du tr\u00e4ffa den energifulle kungen Erik XIV och hans modiga syster, prinsessan Cecilia Vasa, som guidar barnen genom slottet. I det mystiska tornet v\u00e4ntar alkemisten Astro med sina sp\u00e4nnande experiment och jakten p\u00e5 guld. Den tokiga gycklaren leder de yngsta p\u00e5 en lekfull skattjakt, medan den g\u00e5tfulla Svarta Riddaren utmanar de [&hellip;]","og_url":"https:\/\/kalmarslott.se\/da\/se-gora\/barnens-slott\/karaktarerna\/","og_site_name":"Kalmar Slott","article_modified_time":"2025-06-02T13:03:06+00:00","og_image":[{"width":2000,"height":1333,"url":"https:\/\/kalmarslott.se\/wp-content\/uploads\/2024\/05\/20240805humlesolksbarnensslott1694.jpg","type":"image\/jpeg"}],"twitter_card":"summary_large_image","twitter_misc":{"Estimeret l\u00e6setid":"1 minut"},"schema":{"@context":"https:\/\/schema.org","@graph":[{"@type":"WebPage","@id":"https:\/\/kalmarslott.se\/da\/se-gora\/barnens-slott\/karaktarerna\/","url":"https:\/\/kalmarslott.se\/da\/se-gora\/barnens-slott\/karaktarerna\/","name":"Karakt\u00e4rerna - Kalmar Slott","isPartOf":{"@id":"https:\/\/kalmarslott.se\/da\/#website"},"primaryImageOfPage":{"@id":"https:\/\/kalmarslott.se\/da\/se-gora\/barnens-slott\/karaktarerna\/#primaryimage"},"image":{"@id":"https:\/\/kalmarslott.se\/da\/se-gora\/barnens-slott\/karaktarerna\/#primaryimage"},"thumbnailUrl":"https:\/\/kalmarslott.se\/wp-content\/uploads\/2024\/05\/20240805humlesolksbarnensslott1694.jpg","datePublished":"2025-06-02T13:01:26+00:00","dateModified":"2025-06-02T13:03:06+00:00","breadcrumb":{"@id":"https:\/\/kalmarslott.se\/da\/se-gora\/barnens-slott\/karaktarerna\/#breadcrumb"},"inLanguage":"da-DK","potentialAction":[{"@type":"ReadAction","target":["https:\/\/kalmarslott.se\/da\/se-gora\/barnens-slott\/karaktarerna\/"]}]},{"@type":"ImageObject","inLanguage":"da-DK","@id":"https:\/\/kalmarslott.se\/da\/se-gora\/barnens-slott\/karaktarerna\/#primaryimage","url":"https:\/\/kalmarslott.se\/wp-content\/uploads\/2024\/05\/20240805humlesolksbarnensslott1694.jpg","contentUrl":"https:\/\/kalmarslott.se\/wp-content\/uploads\/2024\/05\/20240805humlesolksbarnensslott1694.jpg","width":2000,"height":1333,"caption":"ADAM HUMLESOL"},{"@type":"BreadcrumbList","@id":"https:\/\/kalmarslott.se\/da\/se-gora\/barnens-slott\/karaktarerna\/#breadcrumb","itemListElement":[{"@type":"ListItem","position":1,"name":"Hem","item":"https:\/\/kalmarslott.se\/da\/"},{"@type":"ListItem","position":2,"name":"Se &#038; g\u00f6ra","item":"https:\/\/kalmarslott.se\/da\/se-gora\/"},{"@type":"ListItem","position":3,"name":"Barnens Slott","item":"https:\/\/kalmarslott.se\/da\/se-gora\/barnens-slott\/"},{"@type":"ListItem","position":4,"name":"Karakt\u00e4rerna"}]},{"@type":"WebSite","@id":"https:\/\/kalmarslott.se\/da\/#website","url":"https:\/\/kalmarslott.se\/da\/","name":"Kalmar Slott","description":"Ett riktigt slott","potentialAction":[{"@type":"SearchAction","target":{"@type":"EntryPoint","urlTemplate":"https:\/\/kalmarslott.se\/da\/?s={search_term_string}"},"query-input":{"@type":"PropertyValueSpecification","valueRequired":true,"valueName":"search_term_string"}}],"inLanguage":"da-DK"}]}},"_links":{"self":[{"href":"https:\/\/kalmarslott.se\/da\/wp-json\/wp\/v2\/pages\/11342","targetHints":{"allow":["GET"]}}],"collection":[{"href":"https:\/\/kalmarslott.se\/da\/wp-json\/wp\/v2\/pages"}],"about":[{"href":"https:\/\/kalmarslott.se\/da\/wp-json\/wp\/v2\/types\/page"}],"author":[{"embeddable":true,"href":"https:\/\/kalmarslott.se\/da\/wp-json\/wp\/v2\/users\/9"}],"replies":[{"embeddable":true,"href":"https:\/\/kalmarslott.se\/da\/wp-json\/wp\/v2\/comments?post=11342"}],"version-history":[{"count":4,"href":"https:\/\/kalmarslott.se\/da\/wp-json\/wp\/v2\/pages\/11342\/revisions"}],"predecessor-version":[{"id":11538,"href":"https:\/\/kalmarslott.se\/da\/wp-json\/wp\/v2\/pages\/11342\/revisions\/11538"}],"up":[{"embeddable":true,"href":"https:\/\/kalmarslott.se\/da\/wp-json\/wp\/v2\/pages\/1222"}],"wp:featuredmedia":[{"embeddable":true,"href":"https:\/\/kalmarslott.se\/da\/wp-json\/wp\/v2\/media\/10385"}],"wp:attachment":[{"href":"https:\/\/kalmarslott.se\/da\/wp-json\/wp\/v2\/media?parent=11342"}],"curies":[{"name":"wp","href":"https:\/\/api.w.org\/{rel}","templated":true}]}}