{"id":1081,"date":"2022-06-17T10:54:46","date_gmt":"2022-06-17T08:54:46","guid":{"rendered":"https:\/\/kalmarslott.se\/?page_id=1081"},"modified":"2025-11-27T10:35:29","modified_gmt":"2025-11-27T08:35:29","slug":"jobba-hos-oss","status":"publish","type":"page","link":"https:\/\/kalmarslott.se\/da\/besok-restaurang\/jobba-hos-oss\/","title":{"rendered":"Jobba hos oss"},"content":{"rendered":"<h2><span style=\"font-weight: 400;\">Vi \u00e4r st\u00e4ndigt p\u00e5 jakt efter nya medarbetare med den r\u00e4tta inst\u00e4llningen<\/span><span style=\"font-weight: 400;\"><br \/>\n<\/span><\/h2>\n<p><span style=\"font-weight: 400;\">Vi \u00e4r en stor restauranggrupp med bredd och variation vilket skapar m\u00f6jligheter f\u00f6r anst\u00e4llning \u00e5ret om.<\/span><\/p>\n<p><span style=\"font-weight: 400;\">H\u00f6r av dig till:<\/span><span style=\"font-weight: 400;\"><br \/>\n<\/span><a href=\"mailto:jesper@postgatan.nu\"><span style=\"font-weight: 400;\">jesper<\/span><span style=\"font-weight: 400;\">@postgatan.nu<\/span><\/a><\/p>\n<p><img loading=\"lazy\" decoding=\"async\" class=\"alignnone wp-image-723 size-large\" src=\"https:\/\/kalmarslott.se\/wp-content\/uploads\/2022\/06\/restaurangjobbahososs-1024x683.jpg\" alt=\"\" width=\"1024\" height=\"683\" srcset=\"https:\/\/kalmarslott.se\/wp-content\/uploads\/2022\/06\/restaurangjobbahososs-1024x683.jpg 1024w, https:\/\/kalmarslott.se\/wp-content\/uploads\/2022\/06\/restaurangjobbahososs-300x200.jpg 300w, https:\/\/kalmarslott.se\/wp-content\/uploads\/2022\/06\/restaurangjobbahososs-768x512.jpg 768w, https:\/\/kalmarslott.se\/wp-content\/uploads\/2022\/06\/restaurangjobbahososs-1536x1024.jpg 1536w, https:\/\/kalmarslott.se\/wp-content\/uploads\/2022\/06\/restaurangjobbahososs-600x400.jpg 600w\" sizes=\"auto, (max-width: 1024px) 100vw, 1024px\" \/><\/p>\n","protected":false},"excerpt":{"rendered":"<p>Vi \u00e4r st\u00e4ndigt p\u00e5 jakt efter nya medarbetare med den r\u00e4tta inst\u00e4llningen Vi \u00e4r en stor restauranggrupp med bredd och variation vilket skapar m\u00f6jligheter f\u00f6r anst\u00e4llning \u00e5ret om. H\u00f6r av dig till: jesper@postgatan.nu<\/p>\n","protected":false},"author":1,"featured_media":723,"parent":458,"menu_order":0,"comment_status":"closed","ping_status":"closed","template":"","meta":{"_acf_changed":false,"footnotes":""},"class_list":["post-1081","page","type-page","status-publish","has-post-thumbnail","hentry"],"acf":[],"yoast_head":"<!-- This site is optimized with the Yoast SEO plugin v27.5 - https:\/\/yoast.com\/product\/yoast-seo-wordpress\/ -->\n<title>Jobba hos oss - Kalmar Slott<\/title>\n<meta name=\"robots\" content=\"index, follow, max-snippet:-1, max-image-preview:large, max-video-preview:-1\" \/>\n<link rel=\"canonical\" href=\"https:\/\/kalmarslott.se\/da\/besok-restaurang\/jobba-hos-oss\/\" \/>\n<meta property=\"og:locale\" content=\"da_DK\" \/>\n<meta property=\"og:type\" content=\"article\" \/>\n<meta property=\"og:title\" content=\"Jobba hos oss - Kalmar Slott\" \/>\n<meta property=\"og:description\" content=\"Vi \u00e4r st\u00e4ndigt p\u00e5 jakt efter nya medarbetare med den r\u00e4tta inst\u00e4llningen Vi \u00e4r en stor restauranggrupp med bredd och variation vilket skapar m\u00f6jligheter f\u00f6r anst\u00e4llning \u00e5ret om. H\u00f6r av dig till: jesper@postgatan.nu\" \/>\n<meta property=\"og:url\" content=\"https:\/\/kalmarslott.se\/da\/besok-restaurang\/jobba-hos-oss\/\" \/>\n<meta property=\"og:site_name\" content=\"Kalmar Slott\" \/>\n<meta property=\"article:modified_time\" content=\"2025-11-27T08:35:29+00:00\" \/>\n<meta property=\"og:image\" content=\"https:\/\/kalmarslott.se\/wp-content\/uploads\/2022\/06\/restaurangjobbahososs-scaled.jpg\" \/>\n\t<meta property=\"og:image:width\" content=\"2560\" \/>\n\t<meta property=\"og:image:height\" content=\"1707\" \/>\n\t<meta property=\"og:image:type\" content=\"image\/jpeg\" \/>\n<meta name=\"twitter:card\" content=\"summary_large_image\" \/>\n<meta name=\"twitter:label1\" content=\"Estimeret l\u00e6setid\" \/>\n\t<meta name=\"twitter:data1\" content=\"1 minut\" \/>\n<script type=\"application\/ld+json\" class=\"yoast-schema-graph\">{\"@context\":\"https:\\\/\\\/schema.org\",\"@graph\":[{\"@type\":\"WebPage\",\"@id\":\"https:\\\/\\\/kalmarslott.se\\\/da\\\/besok-restaurang\\\/jobba-hos-oss\\\/\",\"url\":\"https:\\\/\\\/kalmarslott.se\\\/da\\\/besok-restaurang\\\/jobba-hos-oss\\\/\",\"name\":\"Jobba hos oss - Kalmar Slott\",\"isPartOf\":{\"@id\":\"https:\\\/\\\/kalmarslott.se\\\/da\\\/#website\"},\"primaryImageOfPage\":{\"@id\":\"https:\\\/\\\/kalmarslott.se\\\/da\\\/besok-restaurang\\\/jobba-hos-oss\\\/#primaryimage\"},\"image\":{\"@id\":\"https:\\\/\\\/kalmarslott.se\\\/da\\\/besok-restaurang\\\/jobba-hos-oss\\\/#primaryimage\"},\"thumbnailUrl\":\"https:\\\/\\\/kalmarslott.se\\\/wp-content\\\/uploads\\\/2022\\\/06\\\/restaurangjobbahososs-scaled.jpg\",\"datePublished\":\"2022-06-17T08:54:46+00:00\",\"dateModified\":\"2025-11-27T08:35:29+00:00\",\"breadcrumb\":{\"@id\":\"https:\\\/\\\/kalmarslott.se\\\/da\\\/besok-restaurang\\\/jobba-hos-oss\\\/#breadcrumb\"},\"inLanguage\":\"da-DK\",\"potentialAction\":[{\"@type\":\"ReadAction\",\"target\":[\"https:\\\/\\\/kalmarslott.se\\\/da\\\/besok-restaurang\\\/jobba-hos-oss\\\/\"]}]},{\"@type\":\"ImageObject\",\"inLanguage\":\"da-DK\",\"@id\":\"https:\\\/\\\/kalmarslott.se\\\/da\\\/besok-restaurang\\\/jobba-hos-oss\\\/#primaryimage\",\"url\":\"https:\\\/\\\/kalmarslott.se\\\/wp-content\\\/uploads\\\/2022\\\/06\\\/restaurangjobbahososs-scaled.jpg\",\"contentUrl\":\"https:\\\/\\\/kalmarslott.se\\\/wp-content\\\/uploads\\\/2022\\\/06\\\/restaurangjobbahososs-scaled.jpg\",\"width\":2560,\"height\":1707,\"caption\":\"Jobba p\u00e5 restaurang Kalmar slott\"},{\"@type\":\"BreadcrumbList\",\"@id\":\"https:\\\/\\\/kalmarslott.se\\\/da\\\/besok-restaurang\\\/jobba-hos-oss\\\/#breadcrumb\",\"itemListElement\":[{\"@type\":\"ListItem\",\"position\":1,\"name\":\"Hem\",\"item\":\"https:\\\/\\\/kalmarslott.se\\\/da\\\/\"},{\"@type\":\"ListItem\",\"position\":2,\"name\":\"Restaurang\",\"item\":\"https:\\\/\\\/kalmarslott.se\\\/da\\\/besok-restaurang\\\/\"},{\"@type\":\"ListItem\",\"position\":3,\"name\":\"Jobba hos oss\"}]},{\"@type\":\"WebSite\",\"@id\":\"https:\\\/\\\/kalmarslott.se\\\/da\\\/#website\",\"url\":\"https:\\\/\\\/kalmarslott.se\\\/da\\\/\",\"name\":\"Kalmar Slott\",\"description\":\"Ett riktigt slott\",\"potentialAction\":[{\"@type\":\"SearchAction\",\"target\":{\"@type\":\"EntryPoint\",\"urlTemplate\":\"https:\\\/\\\/kalmarslott.se\\\/da\\\/?s={search_term_string}\"},\"query-input\":{\"@type\":\"PropertyValueSpecification\",\"valueRequired\":true,\"valueName\":\"search_term_string\"}}],\"inLanguage\":\"da-DK\"}]}<\/script>\n<!-- \/ Yoast SEO plugin. -->","yoast_head_json":{"title":"Jobba hos oss - Kalmar Slott","robots":{"index":"index","follow":"follow","max-snippet":"max-snippet:-1","max-image-preview":"max-image-preview:large","max-video-preview":"max-video-preview:-1"},"canonical":"https:\/\/kalmarslott.se\/da\/besok-restaurang\/jobba-hos-oss\/","og_locale":"da_DK","og_type":"article","og_title":"Jobba hos oss - Kalmar Slott","og_description":"Vi \u00e4r st\u00e4ndigt p\u00e5 jakt efter nya medarbetare med den r\u00e4tta inst\u00e4llningen Vi \u00e4r en stor restauranggrupp med bredd och variation vilket skapar m\u00f6jligheter f\u00f6r anst\u00e4llning \u00e5ret om. H\u00f6r av dig till: jesper@postgatan.nu","og_url":"https:\/\/kalmarslott.se\/da\/besok-restaurang\/jobba-hos-oss\/","og_site_name":"Kalmar Slott","article_modified_time":"2025-11-27T08:35:29+00:00","og_image":[{"width":2560,"height":1707,"url":"https:\/\/kalmarslott.se\/wp-content\/uploads\/2022\/06\/restaurangjobbahososs-scaled.jpg","type":"image\/jpeg"}],"twitter_card":"summary_large_image","twitter_misc":{"Estimeret l\u00e6setid":"1 minut"},"schema":{"@context":"https:\/\/schema.org","@graph":[{"@type":"WebPage","@id":"https:\/\/kalmarslott.se\/da\/besok-restaurang\/jobba-hos-oss\/","url":"https:\/\/kalmarslott.se\/da\/besok-restaurang\/jobba-hos-oss\/","name":"Jobba hos oss - Kalmar Slott","isPartOf":{"@id":"https:\/\/kalmarslott.se\/da\/#website"},"primaryImageOfPage":{"@id":"https:\/\/kalmarslott.se\/da\/besok-restaurang\/jobba-hos-oss\/#primaryimage"},"image":{"@id":"https:\/\/kalmarslott.se\/da\/besok-restaurang\/jobba-hos-oss\/#primaryimage"},"thumbnailUrl":"https:\/\/kalmarslott.se\/wp-content\/uploads\/2022\/06\/restaurangjobbahososs-scaled.jpg","datePublished":"2022-06-17T08:54:46+00:00","dateModified":"2025-11-27T08:35:29+00:00","breadcrumb":{"@id":"https:\/\/kalmarslott.se\/da\/besok-restaurang\/jobba-hos-oss\/#breadcrumb"},"inLanguage":"da-DK","potentialAction":[{"@type":"ReadAction","target":["https:\/\/kalmarslott.se\/da\/besok-restaurang\/jobba-hos-oss\/"]}]},{"@type":"ImageObject","inLanguage":"da-DK","@id":"https:\/\/kalmarslott.se\/da\/besok-restaurang\/jobba-hos-oss\/#primaryimage","url":"https:\/\/kalmarslott.se\/wp-content\/uploads\/2022\/06\/restaurangjobbahososs-scaled.jpg","contentUrl":"https:\/\/kalmarslott.se\/wp-content\/uploads\/2022\/06\/restaurangjobbahososs-scaled.jpg","width":2560,"height":1707,"caption":"Jobba p\u00e5 restaurang Kalmar slott"},{"@type":"BreadcrumbList","@id":"https:\/\/kalmarslott.se\/da\/besok-restaurang\/jobba-hos-oss\/#breadcrumb","itemListElement":[{"@type":"ListItem","position":1,"name":"Hem","item":"https:\/\/kalmarslott.se\/da\/"},{"@type":"ListItem","position":2,"name":"Restaurang","item":"https:\/\/kalmarslott.se\/da\/besok-restaurang\/"},{"@type":"ListItem","position":3,"name":"Jobba hos oss"}]},{"@type":"WebSite","@id":"https:\/\/kalmarslott.se\/da\/#website","url":"https:\/\/kalmarslott.se\/da\/","name":"Kalmar Slott","description":"Ett riktigt slott","potentialAction":[{"@type":"SearchAction","target":{"@type":"EntryPoint","urlTemplate":"https:\/\/kalmarslott.se\/da\/?s={search_term_string}"},"query-input":{"@type":"PropertyValueSpecification","valueRequired":true,"valueName":"search_term_string"}}],"inLanguage":"da-DK"}]}},"_links":{"self":[{"href":"https:\/\/kalmarslott.se\/da\/wp-json\/wp\/v2\/pages\/1081","targetHints":{"allow":["GET"]}}],"collection":[{"href":"https:\/\/kalmarslott.se\/da\/wp-json\/wp\/v2\/pages"}],"about":[{"href":"https:\/\/kalmarslott.se\/da\/wp-json\/wp\/v2\/types\/page"}],"author":[{"embeddable":true,"href":"https:\/\/kalmarslott.se\/da\/wp-json\/wp\/v2\/users\/1"}],"replies":[{"embeddable":true,"href":"https:\/\/kalmarslott.se\/da\/wp-json\/wp\/v2\/comments?post=1081"}],"version-history":[{"count":8,"href":"https:\/\/kalmarslott.se\/da\/wp-json\/wp\/v2\/pages\/1081\/revisions"}],"predecessor-version":[{"id":12792,"href":"https:\/\/kalmarslott.se\/da\/wp-json\/wp\/v2\/pages\/1081\/revisions\/12792"}],"up":[{"embeddable":true,"href":"https:\/\/kalmarslott.se\/da\/wp-json\/wp\/v2\/pages\/458"}],"wp:featuredmedia":[{"embeddable":true,"href":"https:\/\/kalmarslott.se\/da\/wp-json\/wp\/v2\/media\/723"}],"wp:attachment":[{"href":"https:\/\/kalmarslott.se\/da\/wp-json\/wp\/v2\/media?parent=1081"}],"curies":[{"name":"wp","href":"https:\/\/api.w.org\/{rel}","templated":true}]}}